{"id":2176,"date":"2020-10-08T14:57:20","date_gmt":"2020-10-08T12:57:20","guid":{"rendered":"http:\/\/procross.bigbang.fr\/heterosiseffekte\/"},"modified":"2020-10-14T16:50:20","modified_gmt":"2020-10-14T14:50:20","slug":"heterosiseffekte","status":"publish","type":"page","link":"https:\/\/www.procross.info\/de\/heterosiseffekte\/","title":{"rendered":"Heterosiseffekte"},"content":{"rendered":"\t\t<div data-elementor-type=\"wp-page\" data-elementor-id=\"2176\" class=\"elementor elementor-2176 elementor-444\" data-elementor-post-type=\"page\">\n\t\t\t\t\t\t<section class=\"elementor-section elementor-top-section elementor-element elementor-element-ba2ba24 elementor-section-boxed elementor-section-height-default elementor-section-height-default\" data-id=\"ba2ba24\" data-element_type=\"section\">\n\t\t\t\t\t\t<div class=\"elementor-container elementor-column-gap-default\">\n\t\t\t\t\t<div class=\"elementor-column elementor-col-100 elementor-top-column elementor-element elementor-element-447b349\" data-id=\"447b349\" data-element_type=\"column\">\n\t\t\t<div class=\"elementor-widget-wrap elementor-element-populated\">\n\t\t\t\t\t\t<div class=\"elementor-element elementor-element-12732bb elementor-widget elementor-widget-mfn_fancy_heading\" data-id=\"12732bb\" data-element_type=\"widget\" data-widget_type=\"mfn_fancy_heading.default\">\n\t\t\t\t<div class=\"elementor-widget-container\">\n\t\t\t\t\t<div class=\"fancy_heading fancy_heading_line\"><div class=\"fh-top\"><\/div><h1 class=\"title \">Heterosis: your Bonus ! <\/h1><\/div>\n\t\t\t\t<\/div>\n\t\t\t\t<\/div>\n\t\t\t\t<div class=\"elementor-element elementor-element-1df133c elementor-widget elementor-widget-text-editor\" data-id=\"1df133c\" data-element_type=\"widget\" data-widget_type=\"text-editor.default\">\n\t\t\t\t<div class=\"elementor-widget-container\">\n\t\t\t\t\t\t\t\t\t<p>Heterosis entsteht durch Kreuzung unterschiedlicher Rassen. Je unterschiedlicher die Rassen, desto h\u00f6her der Heterosiseffekt. Heterosiseffekte wirken der Inzuchtdepression entgegen. Die Wissenschaft belegt, dass Heterosiseffekte Merkmale wie Vitalit\u00e4t, Fruchtbarkeit, Tiergesundheit und Nutzungsdauer verbessern k\u00f6nnen und somit auch die Leistung gegen\u00fcber dem Durchschnitt der Elterngeneration steigt. Inzucht f\u00fchrt zu r\u00fcckl\u00e4ufigen Entwicklungen vor allem bei den Sekund\u00e4rmerkmalen. Heterosis ist eine zus\u00e4tzliche Wertsteigerung auf genetischer Ebene in Bezug auf die Elterngeneration (siehe Grafik 1).<\/p>\n\t\t\t\t\t\t\t\t<\/div>\n\t\t\t\t<\/div>\n\t\t\t\t<div class=\"elementor-element elementor-element-eb37620 elementor-widget elementor-widget-image\" data-id=\"eb37620\" data-element_type=\"widget\" data-widget_type=\"image.default\">\n\t\t\t\t<div class=\"elementor-widget-container\">\n\t\t\t\t\t\t\t\t\t\t\t\t<figure class=\"wp-caption\">\n\t\t\t\t\t\t\t\t\t\t<img fetchpriority=\"high\" decoding=\"async\" width=\"805\" height=\"436\" src=\"https:\/\/www.procross.info\/wp-content\/uploads\/2020\/09\/Heterosis-Your-free-gift.png\" class=\"elementor-animation-grow attachment-large size-large wp-image-1248\" alt=\"\" srcset=\"https:\/\/www.procross.info\/wp-content\/uploads\/2020\/09\/Heterosis-Your-free-gift.png 805w, https:\/\/www.procross.info\/wp-content\/uploads\/2020\/09\/Heterosis-Your-free-gift-300x162.png 300w, https:\/\/www.procross.info\/wp-content\/uploads\/2020\/09\/Heterosis-Your-free-gift-768x416.png 768w, https:\/\/www.procross.info\/wp-content\/uploads\/2020\/09\/Heterosis-Your-free-gift-260x141.png 260w, https:\/\/www.procross.info\/wp-content\/uploads\/2020\/09\/Heterosis-Your-free-gift-50x27.png 50w, https:\/\/www.procross.info\/wp-content\/uploads\/2020\/09\/Heterosis-Your-free-gift-138x75.png 138w\" sizes=\"(max-width:767px) 480px, (max-width:805px) 100vw, 805px\" \/>\t\t\t\t\t\t\t\t\t\t\t<figcaption class=\"widget-image-caption wp-caption-text\"><\/figcaption>\n\t\t\t\t\t\t\t\t\t\t<\/figure>\n\t\t\t\t\t\t\t\t\t<\/div>\n\t\t\t\t<\/div>\n\t\t\t\t<div class=\"elementor-element elementor-element-952e5fe elementor-widget elementor-widget-text-editor\" data-id=\"952e5fe\" data-element_type=\"widget\" data-widget_type=\"text-editor.default\">\n\t\t\t\t<div class=\"elementor-widget-container\">\n\t\t\t\t\t\t\t\t\t<p>Zus\u00e4tzliche Kreuzungseffekte spielen bei der Kreuzungszucht wie wie auch bei der Zucht innerhalb einer Rasse eine gro\u00dfe Rolle. Heterosiseffekte bedeuten einen zus\u00e4tzlichen Nutzen im Vergleich zum Durchschnitt der Elternpopulation. Die Konzentration auf die besten Viehrassen und deren beste Bullen ist essentiell f\u00fcr eine erfolgreiche Kreuzungszucht. Ein Kreuzungsprogramm muss gut geplant und organisiert sein um Erfolge garantieren zu k\u00f6nnen. ProCROSS ist die Kombination von drei unverwandten, produktiven und sehr konkurrenzf\u00e4higen Rassen, welche selbst effizienten Rassenoptimierungsprogrammen unterliegen.<\/p>\n\t\t\t\t\t\t\t\t<\/div>\n\t\t\t\t<\/div>\n\t\t\t\t<div class=\"elementor-element elementor-element-962cd21 elementor-widget elementor-widget-image\" data-id=\"962cd21\" data-element_type=\"widget\" data-widget_type=\"image.default\">\n\t\t\t\t<div class=\"elementor-widget-container\">\n\t\t\t\t\t\t\t\t\t\t\t\t\t\t\t<img decoding=\"async\" src=\"https:\/\/www.procross.info\/wp-content\/uploads\/2020\/09\/Heterosis.jpg\" title=\"Heterosis\" alt=\"Heterosis\" class=\"elementor-animation-grow\" loading=\"lazy\" \/>\t\t\t\t\t\t\t\t\t\t\t\t\t\t\t<\/div>\n\t\t\t\t<\/div>\n\t\t\t\t<div class=\"elementor-element elementor-element-c4d89e8 elementor-widget elementor-widget-text-editor\" data-id=\"c4d89e8\" data-element_type=\"widget\" data-widget_type=\"text-editor.default\">\n\t\t\t\t<div class=\"elementor-widget-container\">\n\t\t\t\t\t\t\t\t\t<h4><strong>WARUM DREI RASSEN?<\/strong><\/h4>\n<p>Das Etablieren von Heterosiseffekten ist ein wichtiger Faktor f\u00fcr ein effizientes Kreuzungsprogramm. Sobald sich die positiven Effekte der Heterosis eingestellt haben, sollten diese nicht mehr unter 75% fallen. Bei der Beschr\u00e4nkung auf nur zwei Viehrassen wird die Heterosis in der zweiten Generation auf 50% fallen und sich in den zuk\u00fcnftigen Generationen bei 67% einpendeln. Ein System mit vier Rassen ergibt eine wesentlich h\u00f6here Heterosis von 93%. Allerdings ist es sehr schwierig, vier konkurrenzf\u00e4hige und unverwandte Viehrassen zu finden, die genug Milch produzieren.<\/p>\n<p><strong>ProCROSS ist ein Dreirassenrotationssystem und erzeugt eine durchschnittliche Heterosis von 86%.<\/strong><\/p>\n\t\t\t\t\t\t\t\t<\/div>\n\t\t\t\t<\/div>\n\t\t\t\t\t<\/div>\n\t\t<\/div>\n\t\t\t\t\t<\/div>\n\t\t<\/section>\n\t\t\t\t<\/div>\n\t\t","protected":false},"excerpt":{"rendered":"<p>Heterosis: your Bonus ! Heterosis entsteht durch Kreuzung unterschiedlicher Rassen. Je unterschiedlicher die Rassen, desto h\u00f6her der Heterosiseffekt. Heterosiseffekte wirken der Inzuchtdepression entgegen. Die Wissenschaft belegt,<span class=\"excerpt-hellip\"> [\u2026]<\/span><\/p>\n","protected":false},"author":1,"featured_media":0,"parent":0,"menu_order":0,"comment_status":"closed","ping_status":"closed","template":"","meta":{"footnotes":""},"class_list":["post-2176","page","type-page","status-publish","hentry"],"_links":{"self":[{"href":"https:\/\/www.procross.info\/de\/wp-json\/wp\/v2\/pages\/2176","targetHints":{"allow":["GET"]}}],"collection":[{"href":"https:\/\/www.procross.info\/de\/wp-json\/wp\/v2\/pages"}],"about":[{"href":"https:\/\/www.procross.info\/de\/wp-json\/wp\/v2\/types\/page"}],"author":[{"embeddable":true,"href":"https:\/\/www.procross.info\/de\/wp-json\/wp\/v2\/users\/1"}],"replies":[{"embeddable":true,"href":"https:\/\/www.procross.info\/de\/wp-json\/wp\/v2\/comments?post=2176"}],"version-history":[{"count":5,"href":"https:\/\/www.procross.info\/de\/wp-json\/wp\/v2\/pages\/2176\/revisions"}],"predecessor-version":[{"id":2284,"href":"https:\/\/www.procross.info\/de\/wp-json\/wp\/v2\/pages\/2176\/revisions\/2284"}],"wp:attachment":[{"href":"https:\/\/www.procross.info\/de\/wp-json\/wp\/v2\/media?parent=2176"}],"curies":[{"name":"wp","href":"https:\/\/api.w.org\/{rel}","templated":true}]}}