{"id":2280,"date":"2020-10-14T16:36:31","date_gmt":"2020-10-14T14:36:31","guid":{"rendered":"http:\/\/procross.bigbang.fr\/vikingholstein\/"},"modified":"2021-07-08T10:06:08","modified_gmt":"2021-07-08T08:06:08","slug":"vikingholstein","status":"publish","type":"page","link":"https:\/\/www.procross.info\/de\/vikingholstein\/","title":{"rendered":"VikingHolstein"},"content":{"rendered":"\t\t<div data-elementor-type=\"wp-page\" data-elementor-id=\"2280\" class=\"elementor elementor-2280 elementor-755\" data-elementor-post-type=\"page\">\n\t\t\t\t\t\t<section class=\"elementor-section elementor-top-section elementor-element elementor-element-6085939 elementor-section-boxed elementor-section-height-default elementor-section-height-default\" data-id=\"6085939\" data-element_type=\"section\">\n\t\t\t\t\t\t<div class=\"elementor-container elementor-column-gap-default\">\n\t\t\t\t\t<div class=\"elementor-column elementor-col-100 elementor-top-column elementor-element elementor-element-77b01fa\" data-id=\"77b01fa\" data-element_type=\"column\">\n\t\t\t<div class=\"elementor-widget-wrap elementor-element-populated\">\n\t\t\t\t\t\t<div class=\"elementor-element elementor-element-3acb6f9 elementor-widget elementor-widget-mfn_fancy_heading\" data-id=\"3acb6f9\" data-element_type=\"widget\" data-widget_type=\"mfn_fancy_heading.default\">\n\t\t\t\t<div class=\"elementor-widget-container\">\n\t\t\t\t\t<div class=\"fancy_heading fancy_heading_line\"><div class=\"fh-top\"><\/div><h1 class=\"title \">VikingHolstein<\/h1><\/div>\n\t\t\t\t<\/div>\n\t\t\t\t<\/div>\n\t\t\t\t\t<\/div>\n\t\t<\/div>\n\t\t\t\t\t<\/div>\n\t\t<\/section>\n\t\t\t\t<section class=\"elementor-section elementor-top-section elementor-element elementor-element-2e8dd7d elementor-section-boxed elementor-section-height-default elementor-section-height-default\" data-id=\"2e8dd7d\" data-element_type=\"section\">\n\t\t\t\t\t\t<div class=\"elementor-container elementor-column-gap-default\">\n\t\t\t\t\t<div class=\"elementor-column elementor-col-50 elementor-top-column elementor-element elementor-element-72bd41d\" data-id=\"72bd41d\" data-element_type=\"column\">\n\t\t\t<div class=\"elementor-widget-wrap elementor-element-populated\">\n\t\t\t\t\t\t<div class=\"elementor-element elementor-element-f6916ee elementor-widget elementor-widget-image\" data-id=\"f6916ee\" data-element_type=\"widget\" data-widget_type=\"image.default\">\n\t\t\t\t<div class=\"elementor-widget-container\">\n\t\t\t\t\t\t\t\t\t\t\t\t\t\t\t<img fetchpriority=\"high\" decoding=\"async\" width=\"1024\" height=\"740\" src=\"https:\/\/www.procross.info\/wp-content\/uploads\/2020\/11\/VH-Clark-cut-out_FINAL-1024x740.png\" class=\"attachment-large size-large wp-image-2672\" alt=\"Viking Holstein cow\" srcset=\"https:\/\/www.procross.info\/wp-content\/uploads\/2020\/11\/VH-Clark-cut-out_FINAL-1024x740.png 1024w, https:\/\/www.procross.info\/wp-content\/uploads\/2020\/11\/VH-Clark-cut-out_FINAL-300x217.png 300w, https:\/\/www.procross.info\/wp-content\/uploads\/2020\/11\/VH-Clark-cut-out_FINAL-768x555.png 768w, https:\/\/www.procross.info\/wp-content\/uploads\/2020\/11\/VH-Clark-cut-out_FINAL-1536x1109.png 1536w, https:\/\/www.procross.info\/wp-content\/uploads\/2020\/11\/VH-Clark-cut-out_FINAL-2048x1479.png 2048w, https:\/\/www.procross.info\/wp-content\/uploads\/2020\/11\/VH-Clark-cut-out_FINAL-202x146.png 202w, https:\/\/www.procross.info\/wp-content\/uploads\/2020\/11\/VH-Clark-cut-out_FINAL-50x36.png 50w, https:\/\/www.procross.info\/wp-content\/uploads\/2020\/11\/VH-Clark-cut-out_FINAL-104x75.png 104w\" sizes=\"(max-width:767px) 480px, (max-width:1024px) 100vw, 1024px\" \/>\t\t\t\t\t\t\t\t\t\t\t\t\t\t\t<\/div>\n\t\t\t\t<\/div>\n\t\t\t\t\t<\/div>\n\t\t<\/div>\n\t\t\t\t<div class=\"elementor-column elementor-col-50 elementor-top-column elementor-element elementor-element-f98f614\" data-id=\"f98f614\" data-element_type=\"column\">\n\t\t\t<div class=\"elementor-widget-wrap elementor-element-populated\">\n\t\t\t\t\t\t<div class=\"elementor-element elementor-element-7115ec0 elementor-headline--style-highlight elementor-widget elementor-widget-animated-headline\" data-id=\"7115ec0\" data-element_type=\"widget\" data-settings=\"{&quot;highlighted_text&quot;:&quot;Produktion&quot;,&quot;headline_style&quot;:&quot;highlight&quot;,&quot;marker&quot;:&quot;circle&quot;,&quot;loop&quot;:&quot;yes&quot;,&quot;highlight_animation_duration&quot;:1200,&quot;highlight_iteration_delay&quot;:8000}\" data-widget_type=\"animated-headline.default\">\n\t\t\t\t<div class=\"elementor-widget-container\">\n\t\t\t\t\t\t\t<h3 class=\"elementor-headline\">\n\t\t\t\t<span class=\"elementor-headline-dynamic-wrapper elementor-headline-text-wrapper\">\n\t\t\t\t\t<span class=\"elementor-headline-dynamic-text elementor-headline-text-active\">Produktion<\/span>\n\t\t\t\t<\/span>\n\t\t\t\t<\/h3>\n\t\t\t\t\t\t<\/div>\n\t\t\t\t<\/div>\n\t\t\t\t<div class=\"elementor-element elementor-element-5983f64 elementor-headline--style-highlight elementor-widget elementor-widget-animated-headline\" data-id=\"5983f64\" data-element_type=\"widget\" data-settings=\"{&quot;highlighted_text&quot;:&quot;Mittlere Gr\\u00f6\\u00dfe&quot;,&quot;headline_style&quot;:&quot;highlight&quot;,&quot;marker&quot;:&quot;circle&quot;,&quot;loop&quot;:&quot;yes&quot;,&quot;highlight_animation_duration&quot;:1200,&quot;highlight_iteration_delay&quot;:8000}\" data-widget_type=\"animated-headline.default\">\n\t\t\t\t<div class=\"elementor-widget-container\">\n\t\t\t\t\t\t\t<h3 class=\"elementor-headline\">\n\t\t\t\t<span class=\"elementor-headline-dynamic-wrapper elementor-headline-text-wrapper\">\n\t\t\t\t\t<span class=\"elementor-headline-dynamic-text elementor-headline-text-active\">Mittlere Gr\u00f6\u00dfe<\/span>\n\t\t\t\t<\/span>\n\t\t\t\t<\/h3>\n\t\t\t\t\t\t<\/div>\n\t\t\t\t<\/div>\n\t\t\t\t<div class=\"elementor-element elementor-element-df24ae2 elementor-headline--style-highlight elementor-widget elementor-widget-animated-headline\" data-id=\"df24ae2\" data-element_type=\"widget\" data-settings=\"{&quot;highlighted_text&quot;:&quot;Inhaltsstoffe&quot;,&quot;headline_style&quot;:&quot;highlight&quot;,&quot;marker&quot;:&quot;circle&quot;,&quot;loop&quot;:&quot;yes&quot;,&quot;highlight_animation_duration&quot;:1200,&quot;highlight_iteration_delay&quot;:8000}\" data-widget_type=\"animated-headline.default\">\n\t\t\t\t<div class=\"elementor-widget-container\">\n\t\t\t\t\t\t\t<h3 class=\"elementor-headline\">\n\t\t\t\t<span class=\"elementor-headline-dynamic-wrapper elementor-headline-text-wrapper\">\n\t\t\t\t\t<span class=\"elementor-headline-dynamic-text elementor-headline-text-active\">Inhaltsstoffe<\/span>\n\t\t\t\t<\/span>\n\t\t\t\t<\/h3>\n\t\t\t\t\t\t<\/div>\n\t\t\t\t<\/div>\n\t\t\t\t\t<\/div>\n\t\t<\/div>\n\t\t\t\t\t<\/div>\n\t\t<\/section>\n\t\t\t\t<section class=\"elementor-section elementor-top-section elementor-element elementor-element-fb2164a elementor-section-boxed elementor-section-height-default elementor-section-height-default\" data-id=\"fb2164a\" data-element_type=\"section\">\n\t\t\t\t\t\t<div class=\"elementor-container elementor-column-gap-default\">\n\t\t\t\t\t<div class=\"elementor-column elementor-col-100 elementor-top-column elementor-element elementor-element-0d8b1cb\" data-id=\"0d8b1cb\" data-element_type=\"column\">\n\t\t\t<div class=\"elementor-widget-wrap elementor-element-populated\">\n\t\t\t\t\t\t<div class=\"elementor-element elementor-element-534990a elementor-widget elementor-widget-text-editor\" data-id=\"534990a\" data-element_type=\"widget\" data-widget_type=\"text-editor.default\">\n\t\t\t\t<div class=\"elementor-widget-container\">\n\t\t\t\t\t\t\t\t\t<h2>Gesunde, effiziente K\u00fche<\/h2>\n<p>VikingHolstein sind widerstandsf\u00e4hige, mittelgro\u00dfe K\u00fche, die futtereffizientsind und <strong>viel Milch und Inhaltsstoffe<\/strong> produzieren. Aufgrund ihrer Gr\u00f6\u00dfe und nat\u00fcrlichen Gesundheit sind sie einfach im Management und haben einen hohen Stellenwert in Bezug auf Futtereffizienz und <strong>Rentabilit\u00e4t<\/strong>.<\/p>\n<p>VikingHolstein-K\u00fche haben eine ausgezeichnete Fruchtbarkeit und kalben problemlos. Viele der VikingHolstein-Bullen f\u00fchren die Holstein-Rasse f\u00fcr Gesundheit und Fortpflanzung an, was sie zu einer bevorzugten Wahl unter Landwirten weltweit macht.<\/p>\n<p>Die Holstein-Kuh hat ein beispielloses<strong>Ertragspotential.<\/strong> Da VikingHolstein die Gesundheit und Leistung vereint, ist die Rasse ein idealer Ausgangspunkt f\u00fcr Ihre ProCROSS-Herde.<\/p>\n<p>In den nordischen L\u00e4ndern dokumentiert VikingGenetics seit Jahrzehnten die Gesundheit und Leistung von VikingHolstein. Diese umfangreiche Datenerfassung und der wissenschaftliche Ansatz zur Genetik geben I<strong>hnen genaue und zuverl\u00e4ssige<\/strong> Zuchtwerte f\u00fcr VikingHolstein.<\/p>\n<p>Im Allgemeinen haben VikingGenetics-K\u00fche den niedrigsten Einsatz von Antibiotika und Hormonen und die weltweit h\u00f6chste Lebensleistung pro Kuh.<\/p>\n<p>Wenn Sie VikingHolstein f\u00fcr Ihre Kreuzung w\u00e4hlen, sichern Sie nicht nur die Gesundheit und Effizienz Ihrer Herde, sondern Sie legen auch den Grundstein f\u00fcr ein nachhaltiges, rentables Milchgesch\u00e4ft f\u00fcr kommende Generationen. You also lay the foundation of a <strong>sustainable, profitable<\/strong> dairy business for generations to come.<\/p>\n\t\t\t\t\t\t\t\t<\/div>\n\t\t\t\t<\/div>\n\t\t\t\t<div class=\"elementor-element elementor-element-c29c8e8 eael-table-align-center eael-dt-th-align-left elementor-widget elementor-widget-eael-data-table\" data-id=\"c29c8e8\" data-element_type=\"widget\" data-widget_type=\"eael-data-table.default\">\n\t\t\t\t<div class=\"elementor-widget-container\">\n\t\t\t\t\t\t\t<div class=\"eael-data-table-wrap\" data-table_id=\"c29c8e8\" id=\"eael-data-table-wrapper-c29c8e8\" data-custom_responsive=\"false\">\n\t\t\t<table class=\"tablesorter eael-data-table center\" id=\"eael-data-table-c29c8e8\">\n\t\t\t    <thead>\n\t\t\t        <tr class=\"table-header\">\n\t\t\t\t\t\t\t\t\t            <th class=\"\" id=\"\" colspan=\"\">\n\t\t\t\t\t\t\t\t\t\t\t\t\t\t<span class=\"data-table-header-text\">Anzahl der K\u00fche (DNK, SWE, FIN)<\/span><\/th>\n\t\t\t        \t\t\t\t            <th class=\"\" id=\"\" colspan=\"\">\n\t\t\t\t\t\t\t\t\t\t\t\t\t\t<span class=\"data-table-header-text\">Fett%<\/span><\/th>\n\t\t\t        \t\t\t\t            <th class=\"\" id=\"\" colspan=\"\">\n\t\t\t\t\t\t\t\t\t\t\t\t\t\t<span class=\"data-table-header-text\">Eiwei\u00df%<\/span><\/th>\n\t\t\t        \t\t\t\t            <th class=\"\" id=\"\" colspan=\"\">\n\t\t\t\t\t\t\t\t\t\t\t\t\t\t<span class=\"data-table-header-text\">Milch (305 Stunden)<\/span><\/th>\n\t\t\t        \t\t\t\t        <\/tr>\n\t\t\t    <\/thead>\n\t\t\t  \t<tbody>\n\t\t\t\t\t\t\t\t\t\t\t<tr>\n\t\t\t\t\t\t\t\t\t\t\t\t\t\t\t\t   \t\t\t\t\t\t\t\t\t\t\t<td colspan=\"\" rowspan=\"\" class=\"\" id=\"\">\n\t\t\t\t\t\t\t\t\t\t\t\t<div class=\"td-content-wrapper\"><div class=\"td-content\">\n\t\t\t\t\t\t\t\t\t\t\t\t\t596,000\t\t\t\t\t\t\t\t\t\t\t\t<\/div><\/div>\n\t\t\t\t\t\t\t\t\t\t\t<\/td>\n\t\t\t\t\t\t\t\t\t\t\t\t\t\t\t\t\t\t\t\t\t\t\t\t\t\t\t\t\t   \t\t\t\t\t\t\t\t\t\t\t<td colspan=\"\" rowspan=\"\" class=\"\" id=\"\">\n\t\t\t\t\t\t\t\t\t\t\t\t<div class=\"td-content-wrapper\"><div class=\"td-content\">\n\t\t\t\t\t\t\t\t\t\t\t\t\t4.03\t\t\t\t\t\t\t\t\t\t\t\t<\/div><\/div>\n\t\t\t\t\t\t\t\t\t\t\t<\/td>\n\t\t\t\t\t\t\t\t\t\t\t\t\t\t\t\t\t\t\t\t\t\t\t\t\t\t\t\t\t   \t\t\t\t\t\t\t\t\t\t\t<td colspan=\"\" rowspan=\"\" class=\"\" id=\"\">\n\t\t\t\t\t\t\t\t\t\t\t\t<div class=\"td-content-wrapper\"><div class=\"td-content\">\n\t\t\t\t\t\t\t\t\t\t\t\t\t3.44\t\t\t\t\t\t\t\t\t\t\t\t<\/div><\/div>\n\t\t\t\t\t\t\t\t\t\t\t<\/td>\n\t\t\t\t\t\t\t\t\t\t\t\t\t\t\t\t\t\t\t\t\t\t\t\t\t\t\t\t\t   \t\t\t\t\t\t\t\t\t\t\t<td colspan=\"\" rowspan=\"\" class=\"\" id=\"\">\n\t\t\t\t\t\t\t\t\t\t\t\t<div class=\"td-content-wrapper\"><div class=\"td-content\">\n\t\t\t\t\t\t\t\t\t\t\t\t\t11,213 kg\t\t\t\t\t\t\t\t\t\t\t\t<\/div><\/div>\n\t\t\t\t\t\t\t\t\t\t\t<\/td>\n\t\t\t\t\t\t\t\t\t\t\t\t\t\t\t\t\t\t\t\t\t\t\t\t\t\t<\/tr>\n\t\t\t        \t\t\t    <\/tbody>\n\t\t\t<\/table>\n\t\t<\/div>\n\t  \t\t\t\t\t<\/div>\n\t\t\t\t<\/div>\n\t\t\t\t<div class=\"elementor-element elementor-element-5bc3227 elementor-widget elementor-widget-text-editor\" data-id=\"5bc3227\" data-element_type=\"widget\" data-widget_type=\"text-editor.default\">\n\t\t\t\t<div class=\"elementor-widget-container\">\n\t\t\t\t\t\t\t\t\t<p style=\"text-align: right;\">Ursprung: Nav, January 2020<\/p>\n\t\t\t\t\t\t\t\t<\/div>\n\t\t\t\t<\/div>\n\t\t\t\t<div class=\"elementor-element elementor-element-a4af1a6 elementor-align-center elementor-widget elementor-widget-button\" data-id=\"a4af1a6\" data-element_type=\"widget\" data-widget_type=\"button.default\">\n\t\t\t\t<div class=\"elementor-widget-container\">\n\t\t\t\t\t\t\t\t\t<div class=\"elementor-button-wrapper\">\n\t\t\t\t\t<a class=\"elementor-button elementor-button-link elementor-size-sm\" href=\"https:\/\/www.vikinggenetics.com\/dairy\/vikingholstein\/about-vikingholstein\" target=\"_blank\" rel=\"noopener\">\n\t\t\t\t\t\t<span class=\"elementor-button-content-wrapper\">\n\t\t\t\t\t\t<span class=\"elementor-button-icon\">\n\t\t\t\t<i aria-hidden=\"true\" class=\"fas fa-external-link-alt\"><\/i>\t\t\t<\/span>\n\t\t\t\t\t\t\t\t\t<span class=\"elementor-button-text\">\u00dcber VikingHolstein<\/span>\n\t\t\t\t\t<\/span>\n\t\t\t\t\t<\/a>\n\t\t\t\t<\/div>\n\t\t\t\t\t\t\t\t<\/div>\n\t\t\t\t<\/div>\n\t\t\t\t<div class=\"elementor-element elementor-element-b790df3 elementor-widget elementor-widget-image\" data-id=\"b790df3\" data-element_type=\"widget\" data-widget_type=\"image.default\">\n\t\t\t\t<div class=\"elementor-widget-container\">\n\t\t\t\t\t\t\t\t\t\t\t\t<figure class=\"wp-caption\">\n\t\t\t\t\t\t\t\t\t\t<img decoding=\"async\" width=\"1024\" height=\"736\" src=\"https:\/\/www.procross.info\/wp-content\/uploads\/2020\/09\/VikingHolstein2-1024x736.jpg\" class=\"attachment-large size-large wp-image-751\" alt=\"VH Bernell Tochter\" srcset=\"https:\/\/www.procross.info\/wp-content\/uploads\/2020\/09\/VikingHolstein2-1024x736.jpg 1024w, https:\/\/www.procross.info\/wp-content\/uploads\/2020\/09\/VikingHolstein2-300x216.jpg 300w, https:\/\/www.procross.info\/wp-content\/uploads\/2020\/09\/VikingHolstein2-768x552.jpg 768w, https:\/\/www.procross.info\/wp-content\/uploads\/2020\/09\/VikingHolstein2-203x146.jpg 203w, https:\/\/www.procross.info\/wp-content\/uploads\/2020\/09\/VikingHolstein2-50x36.jpg 50w, https:\/\/www.procross.info\/wp-content\/uploads\/2020\/09\/VikingHolstein2-104x75.jpg 104w, https:\/\/www.procross.info\/wp-content\/uploads\/2020\/09\/VikingHolstein2.jpg 1158w\" sizes=\"(max-width:767px) 480px, (max-width:1024px) 100vw, 1024px\" \/>\t\t\t\t\t\t\t\t\t\t\t<figcaption class=\"widget-image-caption wp-caption-text\">VH Bernell Tochter<\/figcaption>\n\t\t\t\t\t\t\t\t\t\t<\/figure>\n\t\t\t\t\t\t\t\t\t<\/div>\n\t\t\t\t<\/div>\n\t\t\t\t\t<\/div>\n\t\t<\/div>\n\t\t\t\t\t<\/div>\n\t\t<\/section>\n\t\t\t\t<\/div>\n\t\t","protected":false},"excerpt":{"rendered":"<p>VikingHolstein Produktion Mittlere Gr\u00f6\u00dfe Inhaltsstoffe Gesunde, effiziente K\u00fche VikingHolstein sind widerstandsf\u00e4hige, mittelgro\u00dfe K\u00fche, die futtereffizientsind und viel Milch und Inhaltsstoffe produzieren. Aufgrund ihrer Gr\u00f6\u00dfe und nat\u00fcrlichen<span class=\"excerpt-hellip\"> [\u2026]<\/span><\/p>\n","protected":false},"author":1,"featured_media":0,"parent":0,"menu_order":0,"comment_status":"closed","ping_status":"closed","template":"","meta":{"footnotes":""},"class_list":["post-2280","page","type-page","status-publish","hentry"],"_links":{"self":[{"href":"https:\/\/www.procross.info\/de\/wp-json\/wp\/v2\/pages\/2280","targetHints":{"allow":["GET"]}}],"collection":[{"href":"https:\/\/www.procross.info\/de\/wp-json\/wp\/v2\/pages"}],"about":[{"href":"https:\/\/www.procross.info\/de\/wp-json\/wp\/v2\/types\/page"}],"author":[{"embeddable":true,"href":"https:\/\/www.procross.info\/de\/wp-json\/wp\/v2\/users\/1"}],"replies":[{"embeddable":true,"href":"https:\/\/www.procross.info\/de\/wp-json\/wp\/v2\/comments?post=2280"}],"version-history":[{"count":10,"href":"https:\/\/www.procross.info\/de\/wp-json\/wp\/v2\/pages\/2280\/revisions"}],"predecessor-version":[{"id":4404,"href":"https:\/\/www.procross.info\/de\/wp-json\/wp\/v2\/pages\/2280\/revisions\/4404"}],"wp:attachment":[{"href":"https:\/\/www.procross.info\/de\/wp-json\/wp\/v2\/media?parent=2280"}],"curies":[{"name":"wp","href":"https:\/\/api.w.org\/{rel}","templated":true}]}}