{"id":2469,"date":"2020-11-03T11:57:46","date_gmt":"2020-11-03T10:57:46","guid":{"rendered":"http:\/\/procross.bigbang.fr\/unsere-expertise\/"},"modified":"2020-11-13T12:18:29","modified_gmt":"2020-11-13T11:18:29","slug":"unsere-expertise","status":"publish","type":"page","link":"https:\/\/www.procross.info\/de\/unsere-expertise\/","title":{"rendered":"Unsere Expertise"},"content":{"rendered":"\t\t<div data-elementor-type=\"wp-page\" data-elementor-id=\"2469\" class=\"elementor elementor-2469 elementor-654\" data-elementor-post-type=\"page\">\n\t\t\t\t\t\t<section class=\"elementor-section elementor-top-section elementor-element elementor-element-9da8667 elementor-section-boxed elementor-section-height-default elementor-section-height-default\" data-id=\"9da8667\" data-element_type=\"section\">\n\t\t\t\t\t\t<div class=\"elementor-container elementor-column-gap-default\">\n\t\t\t\t\t<div class=\"elementor-column elementor-col-100 elementor-top-column elementor-element elementor-element-ab906d7\" data-id=\"ab906d7\" data-element_type=\"column\">\n\t\t\t<div class=\"elementor-widget-wrap elementor-element-populated\">\n\t\t\t\t\t\t<div class=\"elementor-element elementor-element-4fc0ba6 elementor-widget elementor-widget-mfn_fancy_heading\" data-id=\"4fc0ba6\" data-element_type=\"widget\" data-widget_type=\"mfn_fancy_heading.default\">\n\t\t\t\t<div class=\"elementor-widget-container\">\n\t\t\t\t\t<div class=\"fancy_heading fancy_heading_line\"><div class=\"fh-top\"><\/div><h1 class=\"title \">Unsere Expertise<\/h1><\/div>\n\t\t\t\t<\/div>\n\t\t\t\t<\/div>\n\t\t\t\t\t<\/div>\n\t\t<\/div>\n\t\t\t\t\t<\/div>\n\t\t<\/section>\n\t\t\t\t<section class=\"elementor-section elementor-top-section elementor-element elementor-element-50d341d elementor-section-boxed elementor-section-height-default elementor-section-height-default\" data-id=\"50d341d\" data-element_type=\"section\">\n\t\t\t\t\t\t<div class=\"elementor-container elementor-column-gap-default\">\n\t\t\t\t\t<div class=\"elementor-column elementor-col-100 elementor-top-column elementor-element elementor-element-fd62920\" data-id=\"fd62920\" data-element_type=\"column\">\n\t\t\t<div class=\"elementor-widget-wrap elementor-element-populated\">\n\t\t\t\t\t\t<div class=\"elementor-element elementor-element-54225bf elementor-view-default elementor-widget elementor-widget-icon\" data-id=\"54225bf\" data-element_type=\"widget\" data-widget_type=\"icon.default\">\n\t\t\t\t<div class=\"elementor-widget-container\">\n\t\t\t\t\t\t\t<div class=\"elementor-icon-wrapper\">\n\t\t\t<div class=\"elementor-icon\">\n\t\t\t<i aria-hidden=\"true\" class=\"far fa-gem\"><\/i>\t\t\t<\/div>\n\t\t<\/div>\n\t\t\t\t\t\t<\/div>\n\t\t\t\t<\/div>\n\t\t\t\t<div class=\"elementor-element elementor-element-bb71393 elementor-widget elementor-widget-heading\" data-id=\"bb71393\" data-element_type=\"widget\" data-widget_type=\"heading.default\">\n\t\t\t\t<div class=\"elementor-widget-container\">\n\t\t\t\t\t<h2 class=\"elementor-heading-title elementor-size-default\">20 Jahre Erfahrung<\/h2>\t\t\t\t<\/div>\n\t\t\t\t<\/div>\n\t\t\t\t\t<\/div>\n\t\t<\/div>\n\t\t\t\t\t<\/div>\n\t\t<\/section>\n\t\t\t\t<section class=\"elementor-section elementor-top-section elementor-element elementor-element-6105a22 elementor-section-boxed elementor-section-height-default elementor-section-height-default\" data-id=\"6105a22\" data-element_type=\"section\">\n\t\t\t\t\t\t<div class=\"elementor-container elementor-column-gap-default\">\n\t\t\t\t\t<div class=\"elementor-column elementor-col-33 elementor-top-column elementor-element elementor-element-f7733a9\" data-id=\"f7733a9\" data-element_type=\"column\">\n\t\t\t<div class=\"elementor-widget-wrap elementor-element-populated\">\n\t\t\t\t\t\t<div class=\"elementor-element elementor-element-1739bcf elementor-view-default elementor-widget elementor-widget-icon\" data-id=\"1739bcf\" data-element_type=\"widget\" data-widget_type=\"icon.default\">\n\t\t\t\t<div class=\"elementor-widget-container\">\n\t\t\t\t\t\t\t<div class=\"elementor-icon-wrapper\">\n\t\t\t<div class=\"elementor-icon\">\n\t\t\t<i aria-hidden=\"true\" class=\"fas fa-star\"><\/i>\t\t\t<\/div>\n\t\t<\/div>\n\t\t\t\t\t\t<\/div>\n\t\t\t\t<\/div>\n\t\t\t\t<div class=\"elementor-element elementor-element-3b4ccfd elementor-widget elementor-widget-heading\" data-id=\"3b4ccfd\" data-element_type=\"widget\" data-widget_type=\"heading.default\">\n\t\t\t\t<div class=\"elementor-widget-container\">\n\t\t\t\t\t<h3 class=\"elementor-heading-title elementor-size-default\">Aus den USA<\/h3>\t\t\t\t<\/div>\n\t\t\t\t<\/div>\n\t\t\t\t\t<\/div>\n\t\t<\/div>\n\t\t\t\t<div class=\"elementor-column elementor-col-33 elementor-top-column elementor-element elementor-element-9fb59c4\" data-id=\"9fb59c4\" data-element_type=\"column\">\n\t\t\t<div class=\"elementor-widget-wrap elementor-element-populated\">\n\t\t\t\t\t\t<div class=\"elementor-element elementor-element-978ddf1 elementor-view-default elementor-widget elementor-widget-icon\" data-id=\"978ddf1\" data-element_type=\"widget\" data-widget_type=\"icon.default\">\n\t\t\t\t<div class=\"elementor-widget-container\">\n\t\t\t\t\t\t\t<div class=\"elementor-icon-wrapper\">\n\t\t\t<div class=\"elementor-icon\">\n\t\t\t<i aria-hidden=\"true\" class=\"icon icon-protected-content-v2\"><\/i>\t\t\t<\/div>\n\t\t<\/div>\n\t\t\t\t\t\t<\/div>\n\t\t\t\t<\/div>\n\t\t\t\t<div class=\"elementor-element elementor-element-4b043e2 elementor-widget elementor-widget-heading\" data-id=\"4b043e2\" data-element_type=\"widget\" data-widget_type=\"heading.default\">\n\t\t\t\t<div class=\"elementor-widget-container\">\n\t\t\t\t\t<h3 class=\"elementor-heading-title elementor-size-default\">Das einzige wissenschaftlich nachgewiesene Kreuzungsprogramm<\/h3>\t\t\t\t<\/div>\n\t\t\t\t<\/div>\n\t\t\t\t\t<\/div>\n\t\t<\/div>\n\t\t\t\t<div class=\"elementor-column elementor-col-33 elementor-top-column elementor-element elementor-element-4e4429b\" data-id=\"4e4429b\" data-element_type=\"column\">\n\t\t\t<div class=\"elementor-widget-wrap elementor-element-populated\">\n\t\t\t\t\t\t<div class=\"elementor-element elementor-element-737e1b5 elementor-view-default elementor-widget elementor-widget-icon\" data-id=\"737e1b5\" data-element_type=\"widget\" data-widget_type=\"icon.default\">\n\t\t\t\t<div class=\"elementor-widget-container\">\n\t\t\t\t\t\t\t<div class=\"elementor-icon-wrapper\">\n\t\t\t<div class=\"elementor-icon\">\n\t\t\t<i aria-hidden=\"true\" class=\"far fa-map\"><\/i>\t\t\t<\/div>\n\t\t<\/div>\n\t\t\t\t\t\t<\/div>\n\t\t\t\t<\/div>\n\t\t\t\t<div class=\"elementor-element elementor-element-1b5a7b3 elementor-widget elementor-widget-heading\" data-id=\"1b5a7b3\" data-element_type=\"widget\" data-widget_type=\"heading.default\">\n\t\t\t\t<div class=\"elementor-widget-container\">\n\t\t\t\t\t<h3 class=\"elementor-heading-title elementor-size-default\">Auf der ganzen Welt pr\u00e4sent<\/h3>\t\t\t\t<\/div>\n\t\t\t\t<\/div>\n\t\t\t\t\t<\/div>\n\t\t<\/div>\n\t\t\t\t\t<\/div>\n\t\t<\/section>\n\t\t\t\t<section class=\"elementor-section elementor-top-section elementor-element elementor-element-c3a83a5 elementor-section-boxed elementor-section-height-default elementor-section-height-default\" data-id=\"c3a83a5\" data-element_type=\"section\">\n\t\t\t\t\t\t<div class=\"elementor-container elementor-column-gap-default\">\n\t\t\t\t\t<div class=\"elementor-column elementor-col-100 elementor-top-column elementor-element elementor-element-fae24cc\" data-id=\"fae24cc\" data-element_type=\"column\">\n\t\t\t<div class=\"elementor-widget-wrap elementor-element-populated\">\n\t\t\t\t\t\t<div class=\"elementor-element elementor-element-6dea3e9 elementor-widget elementor-widget-text-editor\" data-id=\"6dea3e9\" data-element_type=\"widget\" data-widget_type=\"text-editor.default\">\n\t\t\t\t<div class=\"elementor-widget-container\">\n\t\t\t\t\t\t\t\t\t<p><strong>Alles begann vor \u00fcber 20 Jahren<\/strong>, als eine Gruppe amerikanischer Milchbauer in Kalifornien beschloss, nach einer L\u00f6sung f\u00fcr die nachlassende Gesundheit, Fruchtbarkeit und Langlebigkeit ihrer Holstein-Herden zu suchen.<\/p><p>Unter ihnen war auch <strong>Mike Osmundson<\/strong>, der die positiven Auswirkungen der Kreuzung bei anderen Tierarten, insbesondere bei Schweinen und Gefl\u00fcgel, beobachtet hatte und keinen Grund sah, warum \u00e4hnliche Vorteile nicht bei Milchvieh erreicht werden konnten.<\/p>\t\t\t\t\t\t\t\t<\/div>\n\t\t\t\t<\/div>\n\t\t\t\t<div class=\"elementor-element elementor-element-f624dbf elementor-widget elementor-widget-gallery\" data-id=\"f624dbf\" data-element_type=\"widget\" data-settings=\"{&quot;aspect_ratio&quot;:&quot;4:3&quot;,&quot;overlay_title&quot;:&quot;caption&quot;,&quot;gap&quot;:{&quot;unit&quot;:&quot;px&quot;,&quot;size&quot;:0,&quot;sizes&quot;:[]},&quot;lazyload&quot;:&quot;yes&quot;,&quot;gallery_layout&quot;:&quot;grid&quot;,&quot;columns&quot;:4,&quot;columns_tablet&quot;:2,&quot;columns_mobile&quot;:1,&quot;gap_tablet&quot;:{&quot;unit&quot;:&quot;px&quot;,&quot;size&quot;:10,&quot;sizes&quot;:[]},&quot;gap_mobile&quot;:{&quot;unit&quot;:&quot;px&quot;,&quot;size&quot;:10,&quot;sizes&quot;:[]},&quot;link_to&quot;:&quot;file&quot;,&quot;overlay_background&quot;:&quot;yes&quot;,&quot;content_hover_animation&quot;:&quot;fade-in&quot;}\" data-widget_type=\"gallery.default\">\n\t\t\t\t<div class=\"elementor-widget-container\">\n\t\t\t\t\t\t\t<div class=\"elementor-gallery__container\">\n\t\t\t\t\t\t\t<a class=\"e-gallery-item elementor-gallery-item elementor-animated-content\" href=\"https:\/\/www.procross.info\/wp-content\/uploads\/2020\/11\/Les-Hansen.jpg\" data-elementor-open-lightbox=\"yes\" data-elementor-lightbox-slideshow=\"f624dbf\" data-elementor-lightbox-title=\"Les Hansen\" data-e-action-hash=\"#elementor-action%3Aaction%3Dlightbox%26settings%3DeyJpZCI6MzA2MSwidXJsIjoiaHR0cHM6XC9cL3d3dy5wcm9jcm9zcy5pbmZvXC93cC1jb250ZW50XC91cGxvYWRzXC8yMDIwXC8xMVwvTGVzLUhhbnNlbi5qcGciLCJzbGlkZXNob3ciOiJmNjI0ZGJmIn0%3D\">\n\t\t\t\t\t<div class=\"e-gallery-image elementor-gallery-item__image\" data-thumbnail=\"https:\/\/www.procross.info\/wp-content\/uploads\/2020\/11\/Les-Hansen-295x300.jpg\" data-width=\"295\" data-height=\"300\" aria-label=\"\" role=\"img\" ><\/div>\n\t\t\t\t\t\t\t\t\t\t\t<div class=\"elementor-gallery-item__overlay\"><\/div>\n\t\t\t\t\t\t\t\t\t\t\t\t\t\t\t<div class=\"elementor-gallery-item__content\">\n\t\t\t\t\t\t\t\t\t\t\t\t\t\t<div class=\"elementor-gallery-item__title\">\n\t\t\t\t\t\t\t\t\t\t\t\t\t\t\t\t\t\tProfesor Les Hansen, from the University of Minnesota\t\t\t\t\t\t\t\t<\/div>\n\t\t\t\t\t\t\t\t\t\t\t\t<\/div>\n\t\t\t\t\t\t\t\t\t<\/a>\n\t\t\t\t\t\t\t<a class=\"e-gallery-item elementor-gallery-item elementor-animated-content\" href=\"https:\/\/www.procross.info\/wp-content\/uploads\/2020\/11\/20190613_161257.jpg\" data-elementor-open-lightbox=\"yes\" data-elementor-lightbox-slideshow=\"f624dbf\" data-elementor-lightbox-title=\"20190613_161257\" data-e-action-hash=\"#elementor-action%3Aaction%3Dlightbox%26settings%3DeyJpZCI6MzA1NywidXJsIjoiaHR0cHM6XC9cL3d3dy5wcm9jcm9zcy5pbmZvXC93cC1jb250ZW50XC91cGxvYWRzXC8yMDIwXC8xMVwvMjAxOTA2MTNfMTYxMjU3LmpwZyIsInNsaWRlc2hvdyI6ImY2MjRkYmYifQ%3D%3D\">\n\t\t\t\t\t<div class=\"e-gallery-image elementor-gallery-item__image\" data-thumbnail=\"https:\/\/www.procross.info\/wp-content\/uploads\/2020\/11\/20190613_161257-300x169.jpg\" data-width=\"300\" data-height=\"169\" aria-label=\"\" role=\"img\" ><\/div>\n\t\t\t\t\t\t\t\t\t\t\t<div class=\"elementor-gallery-item__overlay\"><\/div>\n\t\t\t\t\t\t\t\t\t\t\t\t\t\t\t<div class=\"elementor-gallery-item__content\">\n\t\t\t\t\t\t\t\t\t\t\t\t\t\t<div class=\"elementor-gallery-item__title\">\n\t\t\t\t\t\t\t\t\t\t\t\t\t\t\t\t\t\tEine Pionierherde, River Oak Dairy, Kalifornien\t\t\t\t\t\t\t\t<\/div>\n\t\t\t\t\t\t\t\t\t\t\t\t<\/div>\n\t\t\t\t\t\t\t\t\t<\/a>\n\t\t\t\t\t\t\t<a class=\"e-gallery-item elementor-gallery-item elementor-animated-content\" href=\"https:\/\/www.procross.info\/wp-content\/uploads\/2020\/11\/Composite-ProCROSS-4-gen-scaled.jpg\" data-elementor-open-lightbox=\"yes\" data-elementor-lightbox-slideshow=\"f624dbf\" data-elementor-lightbox-title=\"Composite ProCROSS-4 gen\" data-e-action-hash=\"#elementor-action%3Aaction%3Dlightbox%26settings%3DeyJpZCI6MzA1MiwidXJsIjoiaHR0cHM6XC9cL3d3dy5wcm9jcm9zcy5pbmZvXC93cC1jb250ZW50XC91cGxvYWRzXC8yMDIwXC8xMVwvQ29tcG9zaXRlLVByb0NST1NTLTQtZ2VuLXNjYWxlZC5qcGciLCJzbGlkZXNob3ciOiJmNjI0ZGJmIn0%3D\">\n\t\t\t\t\t<div class=\"e-gallery-image elementor-gallery-item__image\" data-thumbnail=\"https:\/\/www.procross.info\/wp-content\/uploads\/2020\/11\/Composite-ProCROSS-4-gen-300x171.jpg\" data-width=\"300\" data-height=\"171\" aria-label=\"\" role=\"img\" ><\/div>\n\t\t\t\t\t\t\t\t\t\t\t<div class=\"elementor-gallery-item__overlay\"><\/div>\n\t\t\t\t\t\t\t\t\t\t\t\t\t\t\t<div class=\"elementor-gallery-item__content\">\n\t\t\t\t\t\t\t\t\t\t\t<\/div>\n\t\t\t\t\t\t\t\t\t<\/a>\n\t\t\t\t\t\t\t<a class=\"e-gallery-item elementor-gallery-item elementor-animated-content\" href=\"https:\/\/www.procross.info\/wp-content\/uploads\/2020\/11\/52420912_2055869221157543_573726176690831360_n.jpg\" data-elementor-open-lightbox=\"yes\" data-elementor-lightbox-slideshow=\"f624dbf\" data-elementor-lightbox-title=\"52420912_2055869221157543_573726176690831360_n\" data-e-action-hash=\"#elementor-action%3Aaction%3Dlightbox%26settings%3DeyJpZCI6MzA0OCwidXJsIjoiaHR0cHM6XC9cL3d3dy5wcm9jcm9zcy5pbmZvXC93cC1jb250ZW50XC91cGxvYWRzXC8yMDIwXC8xMVwvNTI0MjA5MTJfMjA1NTg2OTIyMTE1NzU0M181NzM3MjYxNzY2OTA4MzEzNjBfbi5qcGciLCJzbGlkZXNob3ciOiJmNjI0ZGJmIn0%3D\">\n\t\t\t\t\t<div class=\"e-gallery-image elementor-gallery-item__image\" data-thumbnail=\"https:\/\/www.procross.info\/wp-content\/uploads\/2020\/11\/52420912_2055869221157543_573726176690831360_n-300x225.jpg\" data-width=\"300\" data-height=\"225\" aria-label=\"\" role=\"img\" ><\/div>\n\t\t\t\t\t\t\t\t\t\t\t<div class=\"elementor-gallery-item__overlay\"><\/div>\n\t\t\t\t\t\t\t\t\t\t\t\t\t\t\t<div class=\"elementor-gallery-item__content\">\n\t\t\t\t\t\t\t\t\t\t\t\t\t\t<div class=\"elementor-gallery-item__title\">\n\t\t\t\t\t\t\t\t\t\t\t\t\t\t\t\t\t\tDie kalifornischen Pioniere\t\t\t\t\t\t\t\t<\/div>\n\t\t\t\t\t\t\t\t\t\t\t\t<\/div>\n\t\t\t\t\t\t\t\t\t<\/a>\n\t\t\t\t\t\t\t<a class=\"e-gallery-item elementor-gallery-item elementor-animated-content\" href=\"https:\/\/www.procross.info\/wp-content\/uploads\/2020\/09\/Creative-Genetics-Test.jpg\" data-elementor-open-lightbox=\"yes\" data-elementor-lightbox-slideshow=\"f624dbf\" data-elementor-lightbox-title=\"Creative Genetics-Test\" data-elementor-lightbox-description=\"Mike Osmundson\" data-e-action-hash=\"#elementor-action%3Aaction%3Dlightbox%26settings%3DeyJpZCI6MTUzMywidXJsIjoiaHR0cHM6XC9cL3d3dy5wcm9jcm9zcy5pbmZvXC93cC1jb250ZW50XC91cGxvYWRzXC8yMDIwXC8wOVwvQ3JlYXRpdmUtR2VuZXRpY3MtVGVzdC5qcGciLCJzbGlkZXNob3ciOiJmNjI0ZGJmIn0%3D\">\n\t\t\t\t\t<div class=\"e-gallery-image elementor-gallery-item__image\" data-thumbnail=\"https:\/\/www.procross.info\/wp-content\/uploads\/2020\/09\/Creative-Genetics-Test.jpg\" data-width=\"300\" data-height=\"300\" aria-label=\"\" role=\"img\" ><\/div>\n\t\t\t\t\t\t\t\t\t\t\t<div class=\"elementor-gallery-item__overlay\"><\/div>\n\t\t\t\t\t\t\t\t\t\t\t\t\t\t\t<div class=\"elementor-gallery-item__content\">\n\t\t\t\t\t\t\t\t\t\t\t\t\t\t<div class=\"elementor-gallery-item__title\">\n\t\t\t\t\t\t\t\t\t\t\t\t\t\t\t\t\t\tMike Osmundson\t\t\t\t\t\t\t\t<\/div>\n\t\t\t\t\t\t\t\t\t\t\t\t<\/div>\n\t\t\t\t\t\t\t\t\t<\/a>\n\t\t\t\t\t<\/div>\n\t\t\t\t\t<\/div>\n\t\t\t\t<\/div>\n\t\t\t\t<div class=\"elementor-element elementor-element-e69455b elementor-widget elementor-widget-text-editor\" data-id=\"e69455b\" data-element_type=\"widget\" data-widget_type=\"text-editor.default\">\n\t\t\t\t<div class=\"elementor-widget-container\">\n\t\t\t\t\t\t\t\t\t<p class=\"MsoNormal\"><span lang=\"EN-US\">Die Landwirte begannen als Gruppe, ihre Rinder zu kreuzen, und stellten fest, dass einige Rassen besser zusammenpassten als andere Einige Rassen, darunter die Norwegian Red, Jersey und Brown Swiss, wurden im weiteren Verlauf ausgeschlossen, entweder weil die Kreuzungsnachkommen nicht die erforderlichen Standards f\u00fcr Produktion, Eutergesundheit oder allgemeine Vitalit\u00e4t erreichten oder weil die Tiere gr\u00f6\u00dfenm\u00e4\u00dfig nicht zu den Holstein passten, um zu einer praktikablen Kreuzung zu f\u00fchren. <\/span><\/p><p class=\"MsoNormal\"><span lang=\"EN-US\">Allm\u00e4hlich stellte sich durch einen Prozess der Selbstauswahl heraus, dass die besten Rassen zur Kreuzung mit den Holstein \u2013<strong> mit der gr\u00f6\u00dften Produktion, Gesundheit, Langlebigkeit und allgemeinen Vitalit\u00e4t \u2013 die Montb\u00e9liarde und die VikingRed waren.<\/strong><\/span><\/p><p class=\"MsoNormal\"><span lang=\"EN-US\">Die kalifornischen Pioniere wollten den Prozess formalisieren und den Nutzen quantifizieren und nahmen ab 2002 an einer Studie teil. Diese erste Studie, in der verschiedene Kreuzungen mit den reinrassigen Holstein verglichen wurden, wurde von Professor Les Hansen und Dr. Brad Heins von der University of Minnesota, USA, geleitet.<\/span><\/p><p class=\"MsoNormal\"><span lang=\"EN-US\">Etwa 10 Jahre sp\u00e4ter, im Jahr 2012, wurden die ersten Ergebnisse als \u201eCalifornian Trial\u201d im Journal of Dairy Science ver\u00f6ffentlicht.<\/span><\/p><p class=\"MsoNormal\"><span lang=\"EN-US\">Aus der Studie ging hervor, dass die Kreuzungstiere den Holstein hinsichtlich der Fruchtbarkeit durchweg \u00fcberlegen waren (mit weniger Tagen bis zur ersten Zucht, h\u00f6heren Tr\u00e4chtigkeitsraten und weniger Leertagen), niedrigere somatische Zellwerte und weniger Kalbeprobleme und Totgeburten aufwiesen. Obwohl bei den Kreuzungstieren ein geringer Produktionsr\u00fcckgang verzeichnet wurde, war die Produktion im Verlauf ihrer Lebenszeit \u2013 in Bezug auf kg Milch, Fett und Eiwei\u00df \u2013 \u00fcberlegen.<\/span><\/p><p class=\"MsoNormal\"><span lang=\"EN-US\">Als die erste Generation von Kreuzungen ihre ersten Laktationen beendete, stellten die teilnehmenden Landwirte fest, dass die VikingRed und Montb\u00e9liarde die besten Rassen waren, um mit den Holstein gekreuzt zu werden.<\/span><\/p><p class=\"MsoNormal\"><span lang=\"EN-US\">Ermutigt durch die Nachweise, dass ihre Rassen sich von der Masse abhoben, schlossen sich die <strong>Montb\u00e9liarde-Genossenschaft, Coopex und die skandinavische Genossenschaft VikingGenetics zusammen, um ProCROSS zu gr\u00fcnden.<\/strong><\/span><\/p><p class=\"MsoNormal\"><span lang=\"EN-US\">Der Name f\u00fcr dieses Kreuzungskonzept war eine Abk\u00fcrzung f\u00fcr \u201eProfessional Crossing\u201d \u2013 Professionelle Kreuzung.<\/span><\/p><p class=\"MsoNormal\"><span lang=\"EN-US\">Die Coopex Montb\u00e9liarde und VikingRed entwickelten sich immer besser. Zwei weitere wichtige Studien, die ebenfalls an der University of Minnesota durchgef\u00fchrt wurden, <strong>3.500 F\u00e4rsen umfassten und \u00fcber 10 Jahre liefen,<\/strong> lieferten wissenschaftliche Nachweise f\u00fcr die erste Eingebung der kalifornischen Z\u00fcchter. Sie best\u00e4tigten, dass ProCROSS-Rinder (Holstein x Montbeliarde x VikingRed) eine bessere Futterverwertungseffizienz als die Holstein aufwiesen und gr\u00f6\u00dfere wirtschaftliche Vorteile boten.<\/span><\/p><p class=\"MsoNormal\"><span lang=\"EN-US\">Diese beiden Studien haben die Vorteile der Drei-Wege-ProCROSS-Rotationskreuzung untermauert.<\/span><\/p><p class=\"MsoNormal\"><span style=\"letter-spacing: 0px;\">Heute wird das ProCROSS-Konzept in vielen L\u00e4ndern eingesetzt, einschlie\u00dflich seines Entstehungsortes in den USA ebenso wie in ganz Europa und S\u00fcdamerika. Mittlerweile haben sich viele Betriebe der Bewegung angeschlossen und im Jahr 2018 verzeichnete das Programm eine halbe Million Besamungen. Felddaten und wissenschaftliche Daten belegen zunehmend die Rentabilit\u00e4t von ProCROSS, und Landwirte und Wissenschaftler sind sich einig: ProCROSS-Rinder sind einfacher zu verwalten und kosten weniger, um das gleiche Leistungsniveau zu halten. Mit anderen Worten, sie sind rentabler als die Holstein.<\/span><\/p><p class=\"MsoNormal\"><span lang=\"EN-US\" style=\"font-size: 10.5pt; line-height: 107%; font-family: Helvetica, sans-serif; background-image: initial; background-position: initial; background-size: initial; background-repeat: initial; background-attachment: initial; background-origin: initial; background-clip: initial;\"><strong>Mit mehr als 20 Jahren Erfahrung in der Kreuzungszucht und nach 13 Jahren des Bestehens hat sich ProCROSS als Pioniersystem in der Kreuzung von Milchvieh etabliert.<\/strong> Als einziges bew\u00e4hrtes Kreuzungskonzept \u2013 mit Unterst\u00fctzung von drei verschiedenen amerikanischen Studien, die von \u00c4rzten und Professoren f\u00fcr Milchviehgenetik durchgef\u00fchrt wurden \u2013 basiert unser Fachwissen auf wissenschaftlichen Erkenntnissen mit zus\u00e4tzlichen Felddaten aus zwei Jahrzehnten. Mittlerweile hat unsere langj\u00e4hrige Erfahrung auf dem Hof in der Kreuzung von Milchk\u00fchen uns erm\u00f6glicht, an den genetischen Selektionszielen der Milchbauern zu arbeiten und die Herausforderungen, denen sie gegen\u00fcberstehen, zu verstehen und anzugehen.<\/span><\/p>\t\t\t\t\t\t\t\t<\/div>\n\t\t\t\t<\/div>\n\t\t\t\t\t<\/div>\n\t\t<\/div>\n\t\t\t\t\t<\/div>\n\t\t<\/section>\n\t\t\t\t<section class=\"elementor-section elementor-top-section elementor-element elementor-element-34e9685 elementor-section-boxed elementor-section-height-default elementor-section-height-default\" data-id=\"34e9685\" data-element_type=\"section\">\n\t\t\t\t\t\t<div class=\"elementor-container elementor-column-gap-default\">\n\t\t\t\t\t<div class=\"elementor-column elementor-col-50 elementor-top-column elementor-element elementor-element-d4db8e0\" data-id=\"d4db8e0\" data-element_type=\"column\">\n\t\t\t<div class=\"elementor-widget-wrap elementor-element-populated\">\n\t\t\t\t\t\t<div class=\"elementor-element elementor-element-8ae6133 elementor-widget elementor-widget-image\" data-id=\"8ae6133\" data-element_type=\"widget\" data-widget_type=\"image.default\">\n\t\t\t\t<div class=\"elementor-widget-container\">\n\t\t\t\t\t\t\t\t\t\t\t\t\t\t\t<img decoding=\"async\" src=\"https:\/\/www.procross.info\/wp-content\/uploads\/2020\/07\/VikingGenetics_innovative-breeding_cmyk.jpg\" title=\"VikingGenetics_innovative breeding_cmyk\" alt=\"VikingGenetics_innovative breeding_cmyk\" loading=\"lazy\" \/>\t\t\t\t\t\t\t\t\t\t\t\t\t\t\t<\/div>\n\t\t\t\t<\/div>\n\t\t\t\t\t<\/div>\n\t\t<\/div>\n\t\t\t\t<div class=\"elementor-column elementor-col-50 elementor-top-column elementor-element elementor-element-c1e11e4\" data-id=\"c1e11e4\" data-element_type=\"column\">\n\t\t\t<div class=\"elementor-widget-wrap elementor-element-populated\">\n\t\t\t\t\t\t<div class=\"elementor-element elementor-element-047b4bf elementor-widget elementor-widget-image\" data-id=\"047b4bf\" data-element_type=\"widget\" data-widget_type=\"image.default\">\n\t\t\t\t<div class=\"elementor-widget-container\">\n\t\t\t\t\t\t\t\t\t\t\t\t\t\t\t<img decoding=\"async\" src=\"https:\/\/www.procross.info\/wp-content\/uploads\/2020\/07\/coopexworldwide.jpg\" title=\"\" alt=\"\" loading=\"lazy\" \/>\t\t\t\t\t\t\t\t\t\t\t\t\t\t\t<\/div>\n\t\t\t\t<\/div>\n\t\t\t\t\t<\/div>\n\t\t<\/div>\n\t\t\t\t\t<\/div>\n\t\t<\/section>\n\t\t\t\t<\/div>\n\t\t","protected":false},"excerpt":{"rendered":"<p>Unsere Expertise 20 Jahre Erfahrung Aus den USA Das einzige wissenschaftlich nachgewiesene Kreuzungsprogramm Auf der ganzen Welt pr\u00e4sent Alles begann vor \u00fcber 20 Jahren, als eine<span class=\"excerpt-hellip\"> [\u2026]<\/span><\/p>\n","protected":false},"author":4,"featured_media":0,"parent":0,"menu_order":0,"comment_status":"closed","ping_status":"closed","template":"","meta":{"footnotes":""},"class_list":["post-2469","page","type-page","status-publish","hentry"],"_links":{"self":[{"href":"https:\/\/www.procross.info\/de\/wp-json\/wp\/v2\/pages\/2469","targetHints":{"allow":["GET"]}}],"collection":[{"href":"https:\/\/www.procross.info\/de\/wp-json\/wp\/v2\/pages"}],"about":[{"href":"https:\/\/www.procross.info\/de\/wp-json\/wp\/v2\/types\/page"}],"author":[{"embeddable":true,"href":"https:\/\/www.procross.info\/de\/wp-json\/wp\/v2\/users\/4"}],"replies":[{"embeddable":true,"href":"https:\/\/www.procross.info\/de\/wp-json\/wp\/v2\/comments?post=2469"}],"version-history":[{"count":14,"href":"https:\/\/www.procross.info\/de\/wp-json\/wp\/v2\/pages\/2469\/revisions"}],"predecessor-version":[{"id":3090,"href":"https:\/\/www.procross.info\/de\/wp-json\/wp\/v2\/pages\/2469\/revisions\/3090"}],"wp:attachment":[{"href":"https:\/\/www.procross.info\/de\/wp-json\/wp\/v2\/media?parent=2469"}],"curies":[{"name":"wp","href":"https:\/\/api.w.org\/{rel}","templated":true}]}}