{"id":2495,"date":"2020-11-03T13:52:32","date_gmt":"2020-11-03T12:52:32","guid":{"rendered":"http:\/\/procross.bigbang.fr\/das-drei-rassen-kreuzungssystem\/"},"modified":"2020-11-25T14:05:48","modified_gmt":"2020-11-25T13:05:48","slug":"das-drei-rassen-kreuzungssystem","status":"publish","type":"page","link":"https:\/\/www.procross.info\/de\/das-drei-rassen-kreuzungssystem\/","title":{"rendered":"Das Drei-Rassen-Kreuzungssystem"},"content":{"rendered":"\t\t<div data-elementor-type=\"wp-page\" data-elementor-id=\"2495\" class=\"elementor elementor-2495 elementor-928\" data-elementor-post-type=\"page\">\n\t\t\t\t\t\t<section class=\"elementor-section elementor-top-section elementor-element elementor-element-12ef3b8 elementor-section-boxed elementor-section-height-default elementor-section-height-default\" data-id=\"12ef3b8\" data-element_type=\"section\">\n\t\t\t\t\t\t<div class=\"elementor-container elementor-column-gap-default\">\n\t\t\t\t\t<div class=\"elementor-column elementor-col-100 elementor-top-column elementor-element elementor-element-75c936c\" data-id=\"75c936c\" data-element_type=\"column\">\n\t\t\t<div class=\"elementor-widget-wrap elementor-element-populated\">\n\t\t\t\t\t\t<div class=\"elementor-element elementor-element-0bd334d elementor-widget elementor-widget-mfn_fancy_heading\" data-id=\"0bd334d\" data-element_type=\"widget\" data-widget_type=\"mfn_fancy_heading.default\">\n\t\t\t\t<div class=\"elementor-widget-container\">\n\t\t\t\t\t<div class=\"fancy_heading fancy_heading_line\"><div class=\"fh-top\"><\/div><h1 class=\"title \">Das Drei-Rassen-Kreuzungssystem<\/h1><\/div>\n\t\t\t\t<\/div>\n\t\t\t\t<\/div>\n\t\t\t\t<div class=\"elementor-element elementor-element-70b39cf elementor-widget elementor-widget-image\" data-id=\"70b39cf\" data-element_type=\"widget\" data-widget_type=\"image.default\">\n\t\t\t\t<div class=\"elementor-widget-container\">\n\t\t\t\t\t\t\t\t\t\t\t\t\t\t\t<img fetchpriority=\"high\" decoding=\"async\" width=\"1024\" height=\"507\" src=\"https:\/\/www.procross.info\/wp-content\/uploads\/2020\/10\/Three-Breed-1024x507.png\" class=\"attachment-large size-large wp-image-2242\" alt=\"\" srcset=\"https:\/\/www.procross.info\/wp-content\/uploads\/2020\/10\/Three-Breed-1024x507.png 1024w, https:\/\/www.procross.info\/wp-content\/uploads\/2020\/10\/Three-Breed-300x149.png 300w, https:\/\/www.procross.info\/wp-content\/uploads\/2020\/10\/Three-Breed-768x380.png 768w, https:\/\/www.procross.info\/wp-content\/uploads\/2020\/10\/Three-Breed-1536x761.png 1536w, https:\/\/www.procross.info\/wp-content\/uploads\/2020\/10\/Three-Breed-260x129.png 260w, https:\/\/www.procross.info\/wp-content\/uploads\/2020\/10\/Three-Breed-50x25.png 50w, https:\/\/www.procross.info\/wp-content\/uploads\/2020\/10\/Three-Breed-150x75.png 150w, https:\/\/www.procross.info\/wp-content\/uploads\/2020\/10\/Three-Breed.png 1811w\" sizes=\"(max-width:767px) 480px, (max-width:1024px) 100vw, 1024px\" \/>\t\t\t\t\t\t\t\t\t\t\t\t\t\t\t<\/div>\n\t\t\t\t<\/div>\n\t\t\t\t<div class=\"elementor-element elementor-element-5434105 elementor-widget elementor-widget-text-editor\" data-id=\"5434105\" data-element_type=\"widget\" data-widget_type=\"text-editor.default\">\n\t\t\t\t<div class=\"elementor-widget-container\">\n\t\t\t\t\t\t\t\t\t<p>Beim ProCROSS-System kommen drei Rassen zum Einsatz:<\/p>\n<ul>\n<li><a href=\"https:\/\/www.procross.info\/vikingholstein\/\">Holstein<\/a>, normalerweise die Kuh, mit der es beginnt,<\/li>\n<li><a href=\"https:\/\/www.procross.info\/vikingred\/\">VikingRed<\/a>, ein Zuchtprogramm, das die drei Rassen Finnish Ayrshire, Swedish Red und Danish Red kombiniert,<\/li>\n<li><a href=\"https:\/\/www.procross.info\/coopex-montbeliarde\/\">Montbeliarde aus Coopex<\/a>, die Rasse aus den Bergregionen in Frankreich.<\/li>\n<\/ul>\n<p>Wenn Sie mit ProCROSS beginnen, erhalten Sie zuerst F1-K\u00fche. Wir nennen sie G1. (G steht f\u00fcr Generation).<\/p>\n<p>Die Kombination der drei Milchrassen mit einem strengen Paarungsplan garantiert eine optimale Heterosis.<\/p>\n<p><span style=\"letter-spacing: 0px;\">Es wurde gezeigt, dass sich die Eigenschaften der drei Rassen erg\u00e4nzen. Die Steigerung der Produktion erkl\u00e4rt sich aus dem Heterosis-Effekt \u2013 ein Vorteil, der sich mit zunehmender Reife der ProCROSS-Kuh steigert.<\/span><\/p>\n<p>Alles beginnt mit einer Holstein-Kuh. Sie wird mit einem Montbeliarde von Coopex-Bullen gepaart. Die aus der Paarung resultierende F\u00e4rse (die erste Generation, auch G1 genannt) wird mit einem VikingRed-Bullen besamt. Danach wird die G2-F\u00e4rse mit einem VikingHolstein-Bullen besamt, um die G3 zu produzieren. Das Rotationssystem ist dann fast vollst\u00e4ndig. Alles, was dann getan werden muss, ist, diesen Paarungsplan fortzusetzen, um das optimale Ma\u00df an Heterosis aufrechtzuerhalten. Durch die konsequente Anwendung dieses Plans werden bessere Ergebnisse erzielt. Die ProCROSS-Planung wird weiter unten Schritt f\u00fcr Schritt gezeigt. Nach drei Generationen haben Sie eine homogene Herde.<\/p>\n\t\t\t\t\t\t\t\t<\/div>\n\t\t\t\t<\/div>\n\t\t\t\t\t<\/div>\n\t\t<\/div>\n\t\t\t\t\t<\/div>\n\t\t<\/section>\n\t\t\t\t<section class=\"elementor-section elementor-top-section elementor-element elementor-element-3e66e43 elementor-section-boxed elementor-section-height-default elementor-section-height-default\" data-id=\"3e66e43\" data-element_type=\"section\">\n\t\t\t\t\t\t<div class=\"elementor-container elementor-column-gap-default\">\n\t\t\t\t\t<div class=\"elementor-column elementor-col-100 elementor-top-column elementor-element elementor-element-7076acb\" data-id=\"7076acb\" data-element_type=\"column\">\n\t\t\t<div class=\"elementor-widget-wrap elementor-element-populated\">\n\t\t\t\t\t\t<div class=\"elementor-element elementor-element-2782316 elementor-widget elementor-widget-heading\" data-id=\"2782316\" data-element_type=\"widget\" data-widget_type=\"heading.default\">\n\t\t\t\t<div class=\"elementor-widget-container\">\n\t\t\t\t\t<h3 class=\"elementor-heading-title elementor-size-default\">Beispiel f\u00fcr den ersten Schritt:<\/h3>\t\t\t\t<\/div>\n\t\t\t\t<\/div>\n\t\t\t\t\t<\/div>\n\t\t<\/div>\n\t\t\t\t\t<\/div>\n\t\t<\/section>\n\t\t\t\t<section class=\"elementor-section elementor-top-section elementor-element elementor-element-7bdd066 elementor-section-boxed elementor-section-height-default elementor-section-height-default\" data-id=\"7bdd066\" data-element_type=\"section\">\n\t\t\t\t\t\t<div class=\"elementor-container elementor-column-gap-default\">\n\t\t\t\t\t<div class=\"elementor-column elementor-col-33 elementor-top-column elementor-element elementor-element-f8402b4\" data-id=\"f8402b4\" data-element_type=\"column\">\n\t\t\t<div class=\"elementor-widget-wrap elementor-element-populated\">\n\t\t\t\t\t\t<div class=\"elementor-element elementor-element-2052028 elementor-widget elementor-widget-mfn_how_it_works\" data-id=\"2052028\" data-element_type=\"widget\" data-widget_type=\"mfn_how_it_works.default\">\n\t\t\t\t<div class=\"elementor-widget-container\">\n\t\t\t\t\t<div class=\"how_it_works  no_border no-img\"><div class=\"image_wrapper\"><div class=\"image\"><\/div><span class=\"number\">1<\/span><\/div><h4 class=\"title \">Inseminate all your Holstein cows with Montbeliarde from Coopex bulls.<\/h4><div class=\"desc\"><\/div><\/div>\n\t\t\t\t<\/div>\n\t\t\t\t<\/div>\n\t\t\t\t\t<\/div>\n\t\t<\/div>\n\t\t\t\t<div class=\"elementor-column elementor-col-33 elementor-top-column elementor-element elementor-element-99434e3\" data-id=\"99434e3\" data-element_type=\"column\">\n\t\t\t<div class=\"elementor-widget-wrap elementor-element-populated\">\n\t\t\t\t\t\t<div class=\"elementor-element elementor-element-e21e1b7 elementor-widget elementor-widget-mfn_how_it_works\" data-id=\"e21e1b7\" data-element_type=\"widget\" data-widget_type=\"mfn_how_it_works.default\">\n\t\t\t\t<div class=\"elementor-widget-container\">\n\t\t\t\t\t<div class=\"how_it_works  no_border no-img\"><div class=\"image_wrapper\"><div class=\"image\"><\/div><span class=\"number\">2<\/span><\/div><h4 class=\"title \">Inseminate all your Holstein heifers with VikingRed bulls.<\/h4><div class=\"desc\"><\/div><\/div>\n\t\t\t\t<\/div>\n\t\t\t\t<\/div>\n\t\t\t\t\t<\/div>\n\t\t<\/div>\n\t\t\t\t<div class=\"elementor-column elementor-col-33 elementor-top-column elementor-element elementor-element-6aed5a1\" data-id=\"6aed5a1\" data-element_type=\"column\">\n\t\t\t<div class=\"elementor-widget-wrap elementor-element-populated\">\n\t\t\t\t\t\t<div class=\"elementor-element elementor-element-330c213 elementor-widget elementor-widget-mfn_how_it_works\" data-id=\"330c213\" data-element_type=\"widget\" data-widget_type=\"mfn_how_it_works.default\">\n\t\t\t\t<div class=\"elementor-widget-container\">\n\t\t\t\t\t<div class=\"how_it_works  no_border no-img\"><div class=\"image_wrapper\"><div class=\"image\"><\/div><span class=\"number\">3<\/span><\/div><h4 class=\"title \">Inseminate the first generation (G1) animals with the missing breed.<\/h4><div class=\"desc\"><p>For example: if the G1 heifer is HF x MON, inseminate her with a VR bull.<\/p><\/div><\/div>\n\t\t\t\t<\/div>\n\t\t\t\t<\/div>\n\t\t\t\t\t<\/div>\n\t\t<\/div>\n\t\t\t\t\t<\/div>\n\t\t<\/section>\n\t\t\t\t<section class=\"elementor-section elementor-top-section elementor-element elementor-element-16e202d elementor-section-boxed elementor-section-height-default elementor-section-height-default\" data-id=\"16e202d\" data-element_type=\"section\">\n\t\t\t\t\t\t<div class=\"elementor-container elementor-column-gap-default\">\n\t\t\t\t\t<div class=\"elementor-column elementor-col-100 elementor-top-column elementor-element elementor-element-67a85b0\" data-id=\"67a85b0\" data-element_type=\"column\">\n\t\t\t<div class=\"elementor-widget-wrap elementor-element-populated\">\n\t\t\t\t\t\t<div class=\"elementor-element elementor-element-e454f32 elementor-widget elementor-widget-image\" data-id=\"e454f32\" data-element_type=\"widget\" data-widget_type=\"image.default\">\n\t\t\t\t<div class=\"elementor-widget-container\">\n\t\t\t\t\t\t\t\t\t\t\t\t\t\t\t<img decoding=\"async\" width=\"754\" height=\"1024\" src=\"https:\/\/www.procross.info\/wp-content\/uploads\/2020\/09\/Crossbreeding-scheme-EN-754x1024.png\" class=\"attachment-large size-large wp-image-1493\" alt=\"\" srcset=\"https:\/\/www.procross.info\/wp-content\/uploads\/2020\/09\/Crossbreeding-scheme-EN-754x1024.png 754w, https:\/\/www.procross.info\/wp-content\/uploads\/2020\/09\/Crossbreeding-scheme-EN-221x300.png 221w, https:\/\/www.procross.info\/wp-content\/uploads\/2020\/09\/Crossbreeding-scheme-EN-768x1044.png 768w, https:\/\/www.procross.info\/wp-content\/uploads\/2020\/09\/Crossbreeding-scheme-EN-107x146.png 107w, https:\/\/www.procross.info\/wp-content\/uploads\/2020\/09\/Crossbreeding-scheme-EN-37x50.png 37w, https:\/\/www.procross.info\/wp-content\/uploads\/2020\/09\/Crossbreeding-scheme-EN-55x75.png 55w, https:\/\/www.procross.info\/wp-content\/uploads\/2020\/09\/Crossbreeding-scheme-EN.png 800w\" sizes=\"(max-width:767px) 480px, 754px\" \/>\t\t\t\t\t\t\t\t\t\t\t\t\t\t\t<\/div>\n\t\t\t\t<\/div>\n\t\t\t\t\t<\/div>\n\t\t<\/div>\n\t\t\t\t\t<\/div>\n\t\t<\/section>\n\t\t\t\t<\/div>\n\t\t","protected":false},"excerpt":{"rendered":"<p>Das Drei-Rassen-Kreuzungssystem Beim ProCROSS-System kommen drei Rassen zum Einsatz: Holstein, normalerweise die Kuh, mit der es beginnt, VikingRed, ein Zuchtprogramm, das die drei Rassen Finnish Ayrshire,<span class=\"excerpt-hellip\"> [\u2026]<\/span><\/p>\n","protected":false},"author":1,"featured_media":0,"parent":0,"menu_order":0,"comment_status":"closed","ping_status":"closed","template":"","meta":{"footnotes":""},"class_list":["post-2495","page","type-page","status-publish","hentry"],"_links":{"self":[{"href":"https:\/\/www.procross.info\/de\/wp-json\/wp\/v2\/pages\/2495","targetHints":{"allow":["GET"]}}],"collection":[{"href":"https:\/\/www.procross.info\/de\/wp-json\/wp\/v2\/pages"}],"about":[{"href":"https:\/\/www.procross.info\/de\/wp-json\/wp\/v2\/types\/page"}],"author":[{"embeddable":true,"href":"https:\/\/www.procross.info\/de\/wp-json\/wp\/v2\/users\/1"}],"replies":[{"embeddable":true,"href":"https:\/\/www.procross.info\/de\/wp-json\/wp\/v2\/comments?post=2495"}],"version-history":[{"count":10,"href":"https:\/\/www.procross.info\/de\/wp-json\/wp\/v2\/pages\/2495\/revisions"}],"predecessor-version":[{"id":3360,"href":"https:\/\/www.procross.info\/de\/wp-json\/wp\/v2\/pages\/2495\/revisions\/3360"}],"wp:attachment":[{"href":"https:\/\/www.procross.info\/de\/wp-json\/wp\/v2\/media?parent=2495"}],"curies":[{"name":"wp","href":"https:\/\/api.w.org\/{rel}","templated":true}]}}