{"id":2182,"date":"2020-10-08T14:59:58","date_gmt":"2020-10-08T12:59:58","guid":{"rendered":"http:\/\/procross.bigbang.fr\/efectos-de-la-heterosis\/"},"modified":"2020-10-26T10:27:20","modified_gmt":"2020-10-26T09:27:20","slug":"efectos-de-la-heterosis","status":"publish","type":"page","link":"https:\/\/www.procross.info\/es\/efectos-de-la-heterosis\/","title":{"rendered":"Efecto Heterosis: \u00a1Su bonificaci\u00f3n!"},"content":{"rendered":"\t\t<div data-elementor-type=\"wp-page\" data-elementor-id=\"2182\" class=\"elementor elementor-2182 elementor-444\" data-elementor-post-type=\"page\">\n\t\t\t\t\t\t<section class=\"elementor-section elementor-top-section elementor-element elementor-element-ba2ba24 elementor-section-boxed elementor-section-height-default elementor-section-height-default\" data-id=\"ba2ba24\" data-element_type=\"section\">\n\t\t\t\t\t\t<div class=\"elementor-container elementor-column-gap-default\">\n\t\t\t\t\t<div class=\"elementor-column elementor-col-100 elementor-top-column elementor-element elementor-element-447b349\" data-id=\"447b349\" data-element_type=\"column\">\n\t\t\t<div class=\"elementor-widget-wrap elementor-element-populated\">\n\t\t\t\t\t\t<div class=\"elementor-element elementor-element-12732bb elementor-widget elementor-widget-mfn_fancy_heading\" data-id=\"12732bb\" data-element_type=\"widget\" data-widget_type=\"mfn_fancy_heading.default\">\n\t\t\t\t<div class=\"elementor-widget-container\">\n\t\t\t\t\t<div class=\"fancy_heading fancy_heading_line\"><div class=\"fh-top\"><\/div><h1 class=\"title \">Heterosis: your Bonus ! <\/h1><\/div>\n\t\t\t\t<\/div>\n\t\t\t\t<\/div>\n\t\t\t\t<div class=\"elementor-element elementor-element-1df133c elementor-widget elementor-widget-text-editor\" data-id=\"1df133c\" data-element_type=\"widget\" data-widget_type=\"text-editor.default\">\n\t\t\t\t<div class=\"elementor-widget-container\">\n\t\t\t\t\t\t\t\t\t<p>La heterosis se crea cuando se cruzan razas no relacionadas. Cuanto menor sea la relaci\u00f3n entre razas,mayor la heterosis que obtienes. Los efectos de la heterosis son opuestos a la depresi\u00f3n endog\u00e1mica.<\/p>\n<p>Las investigaciones indican que la heterosis realmente mejora rasgos como la vitalidad, la fertilidad, la salud y la supervivencia permitiendo tambi\u00e9n una producci\u00f3n superior a la media de los padres. La endogamia conduce a la depresi\u00f3n, principalmente en rasgos secundarios. La heterosis es el valor gen\u00e9tico a\u00f1adido extra que se genera por encima del padre promedio (ver Gr\u00e1fico 1).<\/p>\n\t\t\t\t\t\t\t\t<\/div>\n\t\t\t\t<\/div>\n\t\t\t\t<div class=\"elementor-element elementor-element-eb37620 elementor-widget elementor-widget-image\" data-id=\"eb37620\" data-element_type=\"widget\" data-widget_type=\"image.default\">\n\t\t\t\t<div class=\"elementor-widget-container\">\n\t\t\t\t\t\t\t\t\t\t\t\t<figure class=\"wp-caption\">\n\t\t\t\t\t\t\t\t\t\t<img fetchpriority=\"high\" decoding=\"async\" width=\"805\" height=\"436\" src=\"https:\/\/www.procross.info\/wp-content\/uploads\/2020\/09\/Heterosis-Your-free-gift.png\" class=\"elementor-animation-grow attachment-large size-large wp-image-1249\" alt=\"\" srcset=\"https:\/\/www.procross.info\/wp-content\/uploads\/2020\/09\/Heterosis-Your-free-gift.png 805w, https:\/\/www.procross.info\/wp-content\/uploads\/2020\/09\/Heterosis-Your-free-gift-300x162.png 300w, https:\/\/www.procross.info\/wp-content\/uploads\/2020\/09\/Heterosis-Your-free-gift-768x416.png 768w, https:\/\/www.procross.info\/wp-content\/uploads\/2020\/09\/Heterosis-Your-free-gift-260x141.png 260w, https:\/\/www.procross.info\/wp-content\/uploads\/2020\/09\/Heterosis-Your-free-gift-50x27.png 50w, https:\/\/www.procross.info\/wp-content\/uploads\/2020\/09\/Heterosis-Your-free-gift-138x75.png 138w\" sizes=\"(max-width:767px) 480px, (max-width:805px) 100vw, 805px\" \/>\t\t\t\t\t\t\t\t\t\t\t<figcaption class=\"widget-image-caption wp-caption-text\"><\/figcaption>\n\t\t\t\t\t\t\t\t\t\t<\/figure>\n\t\t\t\t\t\t\t\t\t<\/div>\n\t\t\t\t<\/div>\n\t\t\t\t<div class=\"elementor-element elementor-element-952e5fe elementor-widget elementor-widget-text-editor\" data-id=\"952e5fe\" data-element_type=\"widget\" data-widget_type=\"text-editor.default\">\n\t\t\t\t<div class=\"elementor-widget-container\">\n\t\t\t\t\t\t\t\t\t<p>Los efectos aditivos de las razas, como en todos los cruces, son tambi\u00e9n importantes. La heterosis es un beneficio suplementario por encima del promedio parental. Utilizar las razas adecuadas y los mejores toros de estas razas es esencial para un cruce exitoso. Un programa de cruzamiento de razas necesita ser bien planeado y organizado para obtener beneficios. ProCROSS es la combinaci\u00f3n de tres razas no aparentadas, productivas y muy competitivas, siguiendo todas programas eficientes de mejora racial.<\/p>\n\t\t\t\t\t\t\t\t<\/div>\n\t\t\t\t<\/div>\n\t\t\t\t<div class=\"elementor-element elementor-element-962cd21 elementor-widget elementor-widget-image\" data-id=\"962cd21\" data-element_type=\"widget\" data-widget_type=\"image.default\">\n\t\t\t\t<div class=\"elementor-widget-container\">\n\t\t\t\t\t\t\t\t\t\t\t\t\t\t\t<img decoding=\"async\" src=\"https:\/\/www.procross.info\/wp-content\/uploads\/2020\/09\/Heterosis.jpg\" title=\"Heterosis\" alt=\"Heterosis\" class=\"elementor-animation-grow\" loading=\"lazy\" \/>\t\t\t\t\t\t\t\t\t\t\t\t\t\t\t<\/div>\n\t\t\t\t<\/div>\n\t\t\t\t<div class=\"elementor-element elementor-element-c4d89e8 elementor-widget elementor-widget-text-editor\" data-id=\"c4d89e8\" data-element_type=\"widget\" data-widget_type=\"text-editor.default\">\n\t\t\t\t<div class=\"elementor-widget-container\">\n\t\t\t\t\t\t\t\t\t<h4><strong>\u00bfPORQUE TRES RAZAS?<\/strong><\/h4>\n<p>Obtener y mantener la heterosis es un elemento clave para un programa eficaz de cruzamiento de razas. Una vez que usted experimente la ventaja suplementaria de la heterosis, no querr\u00e1 bajar a mas de 75% a lo largo de las generaciones sucesivas. Utilizando \u00fanicamente dos razas la heterosis disminuir\u00e1 hasta 50% en la segunda generaci\u00f3n, estabiliz\u00e1ndose en 67% en las generaciones futuras. Un sistema de 4 razas permite obtener una heterosis m\u00e1s importante, estabiliz\u00e1ndose en 93%. Pero es muy complicado obtener 4 razas competitivas, no aparentadas que produzcan suficiente leche.    <\/p>\n<p><strong>ProCROSS es un sistema de rotaci\u00f3n de tres razas que genera \u00f3ptimos resultados con un promedio de heterosis en el 86%.<\/strong><\/p>\n\t\t\t\t\t\t\t\t<\/div>\n\t\t\t\t<\/div>\n\t\t\t\t\t<\/div>\n\t\t<\/div>\n\t\t\t\t\t<\/div>\n\t\t<\/section>\n\t\t\t\t<\/div>\n\t\t","protected":false},"excerpt":{"rendered":"<p>Heterosis: your Bonus ! La heterosis se crea cuando se cruzan razas no relacionadas. Cuanto menor sea la relaci\u00f3n entre razas,mayor la heterosis que obtienes. Los<span class=\"excerpt-hellip\"> [\u2026]<\/span><\/p>\n","protected":false},"author":1,"featured_media":0,"parent":0,"menu_order":0,"comment_status":"closed","ping_status":"closed","template":"","meta":{"footnotes":""},"class_list":["post-2182","page","type-page","status-publish","hentry"],"_links":{"self":[{"href":"https:\/\/www.procross.info\/es\/wp-json\/wp\/v2\/pages\/2182","targetHints":{"allow":["GET"]}}],"collection":[{"href":"https:\/\/www.procross.info\/es\/wp-json\/wp\/v2\/pages"}],"about":[{"href":"https:\/\/www.procross.info\/es\/wp-json\/wp\/v2\/types\/page"}],"author":[{"embeddable":true,"href":"https:\/\/www.procross.info\/es\/wp-json\/wp\/v2\/users\/1"}],"replies":[{"embeddable":true,"href":"https:\/\/www.procross.info\/es\/wp-json\/wp\/v2\/comments?post=2182"}],"version-history":[{"count":9,"href":"https:\/\/www.procross.info\/es\/wp-json\/wp\/v2\/pages\/2182\/revisions"}],"predecessor-version":[{"id":2414,"href":"https:\/\/www.procross.info\/es\/wp-json\/wp\/v2\/pages\/2182\/revisions\/2414"}],"wp:attachment":[{"href":"https:\/\/www.procross.info\/es\/wp-json\/wp\/v2\/media?parent=2182"}],"curies":[{"name":"wp","href":"https:\/\/api.w.org\/{rel}","templated":true}]}}