{"id":2383,"date":"2020-10-26T09:33:55","date_gmt":"2020-10-26T08:33:55","guid":{"rendered":"http:\/\/procross.bigbang.fr\/vikingholstein\/"},"modified":"2021-04-28T15:39:44","modified_gmt":"2021-04-28T13:39:44","slug":"vikingholstein","status":"publish","type":"page","link":"https:\/\/www.procross.info\/es\/vikingholstein\/","title":{"rendered":"VikingHolstein"},"content":{"rendered":"\t\t<div data-elementor-type=\"wp-page\" data-elementor-id=\"2383\" class=\"elementor elementor-2383 elementor-755\" data-elementor-post-type=\"page\">\n\t\t\t\t\t\t<section class=\"elementor-section elementor-top-section elementor-element elementor-element-6085939 elementor-section-boxed elementor-section-height-default elementor-section-height-default\" data-id=\"6085939\" data-element_type=\"section\">\n\t\t\t\t\t\t<div class=\"elementor-container elementor-column-gap-default\">\n\t\t\t\t\t<div class=\"elementor-column elementor-col-100 elementor-top-column elementor-element elementor-element-77b01fa\" data-id=\"77b01fa\" data-element_type=\"column\">\n\t\t\t<div class=\"elementor-widget-wrap elementor-element-populated\">\n\t\t\t\t\t\t<div class=\"elementor-element elementor-element-3acb6f9 elementor-widget elementor-widget-mfn_fancy_heading\" data-id=\"3acb6f9\" data-element_type=\"widget\" data-widget_type=\"mfn_fancy_heading.default\">\n\t\t\t\t<div class=\"elementor-widget-container\">\n\t\t\t\t\t<div class=\"fancy_heading fancy_heading_line\"><div class=\"fh-top\"><\/div><h1 class=\"title \">VikingHolstein<\/h1><\/div>\n\t\t\t\t<\/div>\n\t\t\t\t<\/div>\n\t\t\t\t\t<\/div>\n\t\t<\/div>\n\t\t\t\t\t<\/div>\n\t\t<\/section>\n\t\t\t\t<section class=\"elementor-section elementor-top-section elementor-element elementor-element-2e8dd7d elementor-section-boxed elementor-section-height-default elementor-section-height-default\" data-id=\"2e8dd7d\" data-element_type=\"section\">\n\t\t\t\t\t\t<div class=\"elementor-container elementor-column-gap-default\">\n\t\t\t\t\t<div class=\"elementor-column elementor-col-50 elementor-top-column elementor-element elementor-element-72bd41d\" data-id=\"72bd41d\" data-element_type=\"column\">\n\t\t\t<div class=\"elementor-widget-wrap elementor-element-populated\">\n\t\t\t\t\t\t<div class=\"elementor-element elementor-element-f6916ee elementor-widget elementor-widget-image\" data-id=\"f6916ee\" data-element_type=\"widget\" data-widget_type=\"image.default\">\n\t\t\t\t<div class=\"elementor-widget-container\">\n\t\t\t\t\t\t\t\t\t\t\t\t\t\t\t<img fetchpriority=\"high\" decoding=\"async\" width=\"300\" height=\"217\" src=\"https:\/\/www.procross.info\/wp-content\/uploads\/2020\/11\/VH-Clark-cut-out_FINAL-300x217.png\" class=\"attachment-medium size-medium wp-image-2673\" alt=\"Viking Holstein cow\" srcset=\"https:\/\/www.procross.info\/wp-content\/uploads\/2020\/11\/VH-Clark-cut-out_FINAL-300x217.png 300w, https:\/\/www.procross.info\/wp-content\/uploads\/2020\/11\/VH-Clark-cut-out_FINAL-1024x740.png 1024w, https:\/\/www.procross.info\/wp-content\/uploads\/2020\/11\/VH-Clark-cut-out_FINAL-768x555.png 768w, https:\/\/www.procross.info\/wp-content\/uploads\/2020\/11\/VH-Clark-cut-out_FINAL-1536x1109.png 1536w, https:\/\/www.procross.info\/wp-content\/uploads\/2020\/11\/VH-Clark-cut-out_FINAL-2048x1479.png 2048w, https:\/\/www.procross.info\/wp-content\/uploads\/2020\/11\/VH-Clark-cut-out_FINAL-202x146.png 202w, https:\/\/www.procross.info\/wp-content\/uploads\/2020\/11\/VH-Clark-cut-out_FINAL-50x36.png 50w, https:\/\/www.procross.info\/wp-content\/uploads\/2020\/11\/VH-Clark-cut-out_FINAL-104x75.png 104w\" sizes=\"(max-width:767px) 300px, 300px\" \/>\t\t\t\t\t\t\t\t\t\t\t\t\t\t\t<\/div>\n\t\t\t\t<\/div>\n\t\t\t\t\t<\/div>\n\t\t<\/div>\n\t\t\t\t<div class=\"elementor-column elementor-col-50 elementor-top-column elementor-element elementor-element-f98f614\" data-id=\"f98f614\" data-element_type=\"column\">\n\t\t\t<div class=\"elementor-widget-wrap elementor-element-populated\">\n\t\t\t\t\t\t<div class=\"elementor-element elementor-element-7115ec0 elementor-headline--style-highlight elementor-widget elementor-widget-animated-headline\" data-id=\"7115ec0\" data-element_type=\"widget\" data-settings=\"{&quot;highlighted_text&quot;:&quot;Producci\\u00f3n&quot;,&quot;headline_style&quot;:&quot;highlight&quot;,&quot;marker&quot;:&quot;circle&quot;,&quot;loop&quot;:&quot;yes&quot;,&quot;highlight_animation_duration&quot;:1200,&quot;highlight_iteration_delay&quot;:8000}\" data-widget_type=\"animated-headline.default\">\n\t\t\t\t<div class=\"elementor-widget-container\">\n\t\t\t\t\t\t\t<h3 class=\"elementor-headline\">\n\t\t\t\t<span class=\"elementor-headline-dynamic-wrapper elementor-headline-text-wrapper\">\n\t\t\t\t\t<span class=\"elementor-headline-dynamic-text elementor-headline-text-active\">Producci\u00f3n<\/span>\n\t\t\t\t<\/span>\n\t\t\t\t<\/h3>\n\t\t\t\t\t\t<\/div>\n\t\t\t\t<\/div>\n\t\t\t\t<div class=\"elementor-element elementor-element-5983f64 elementor-headline--style-highlight elementor-widget elementor-widget-animated-headline\" data-id=\"5983f64\" data-element_type=\"widget\" data-settings=\"{&quot;highlighted_text&quot;:&quot;Tama\\u00f1o mediano&quot;,&quot;headline_style&quot;:&quot;highlight&quot;,&quot;marker&quot;:&quot;circle&quot;,&quot;loop&quot;:&quot;yes&quot;,&quot;highlight_animation_duration&quot;:1200,&quot;highlight_iteration_delay&quot;:8000}\" data-widget_type=\"animated-headline.default\">\n\t\t\t\t<div class=\"elementor-widget-container\">\n\t\t\t\t\t\t\t<h3 class=\"elementor-headline\">\n\t\t\t\t<span class=\"elementor-headline-dynamic-wrapper elementor-headline-text-wrapper\">\n\t\t\t\t\t<span class=\"elementor-headline-dynamic-text elementor-headline-text-active\">Tama\u00f1o mediano<\/span>\n\t\t\t\t<\/span>\n\t\t\t\t<\/h3>\n\t\t\t\t\t\t<\/div>\n\t\t\t\t<\/div>\n\t\t\t\t<div class=\"elementor-element elementor-element-df24ae2 elementor-headline--style-highlight elementor-widget elementor-widget-animated-headline\" data-id=\"df24ae2\" data-element_type=\"widget\" data-settings=\"{&quot;highlighted_text&quot;:&quot;S\\u00f3lidos&quot;,&quot;headline_style&quot;:&quot;highlight&quot;,&quot;marker&quot;:&quot;circle&quot;,&quot;loop&quot;:&quot;yes&quot;,&quot;highlight_animation_duration&quot;:1200,&quot;highlight_iteration_delay&quot;:8000}\" data-widget_type=\"animated-headline.default\">\n\t\t\t\t<div class=\"elementor-widget-container\">\n\t\t\t\t\t\t\t<h3 class=\"elementor-headline\">\n\t\t\t\t<span class=\"elementor-headline-dynamic-wrapper elementor-headline-text-wrapper\">\n\t\t\t\t\t<span class=\"elementor-headline-dynamic-text elementor-headline-text-active\">S\u00f3lidos<\/span>\n\t\t\t\t<\/span>\n\t\t\t\t<\/h3>\n\t\t\t\t\t\t<\/div>\n\t\t\t\t<\/div>\n\t\t\t\t\t<\/div>\n\t\t<\/div>\n\t\t\t\t\t<\/div>\n\t\t<\/section>\n\t\t\t\t<section class=\"elementor-section elementor-top-section elementor-element elementor-element-fb2164a elementor-section-boxed elementor-section-height-default elementor-section-height-default\" data-id=\"fb2164a\" data-element_type=\"section\">\n\t\t\t\t\t\t<div class=\"elementor-container elementor-column-gap-default\">\n\t\t\t\t\t<div class=\"elementor-column elementor-col-100 elementor-top-column elementor-element elementor-element-0d8b1cb\" data-id=\"0d8b1cb\" data-element_type=\"column\">\n\t\t\t<div class=\"elementor-widget-wrap elementor-element-populated\">\n\t\t\t\t\t\t<div class=\"elementor-element elementor-element-534990a elementor-widget elementor-widget-text-editor\" data-id=\"534990a\" data-element_type=\"widget\" data-widget_type=\"text-editor.default\">\n\t\t\t\t<div class=\"elementor-widget-container\">\n\t\t\t\t\t\t\t\t\t<h2>Vacas sanas y eficientes<\/h2>\n<p>Las VikingHolstein son <strong>vacas resistentes de tama\u00f1o mediano que producen altos niveles de leche y s\u00f3lidos.<\/strong> Porque por su tama\u00f1o y salud natural, son f\u00e1ciles de manejar y tienen una alta calificaci\u00f3n en t\u00e9rminos de <strong>eficiencia alimentaria<\/strong> y rentabilidad.<\/p>\n<p>Las vacas VikingHolstein tienen una excelente fertilidad y paren f\u00e1cilmente. Muchos de los toros VikingHolstein lideran el ranking de Raza Holstein para la salud y la reproducci\u00f3n, lo que la convierte en una opci\u00f3n preferida entre los agricultores alrededor del mundo.<\/p>\n<p>La raza Holstein tiene un <strong>potencial de rendimiento incomparable.<\/strong> Porque VikingHolstein combina salud y alto rendimiento, la raza es ideal para su reba\u00f1o ProCROSS.<\/p>\n<p>En los pa\u00edses n\u00f3rdicos, VikingGenetics ha registrado la salud y el desempe\u00f1o de VikingHolsteins por d\u00e9cadas. Esta extensa colecci\u00f3n de datos y el enfoque cient\u00edfico de la gen\u00e9tica le <strong>brindan valores gen\u00e9ticos precisos<\/strong> y fiables para VikingHolstein.<\/p>\n<p>En general, las vacas VikingGenetics tienen el menor uso de antibi\u00f3ticos y hormonas y el mayor producci\u00f3n de por vida por vaca en el mundo.<\/p>\n<p>Cuando elige VikingHolstein para su mestizaje, no solo asegura la salud y eficiencia de su reba\u00f1o. Tambi\u00e9n sienta las bases de un negocio l\u00e1cteo <strong>sostenible y rentable<\/strong> para generaciones venideras.<\/p>\n\t\t\t\t\t\t\t\t<\/div>\n\t\t\t\t<\/div>\n\t\t\t\t<div class=\"elementor-element elementor-element-c29c8e8 eael-table-align-center eael-dt-th-align-left elementor-widget elementor-widget-eael-data-table\" data-id=\"c29c8e8\" data-element_type=\"widget\" data-widget_type=\"eael-data-table.default\">\n\t\t\t\t<div class=\"elementor-widget-container\">\n\t\t\t\t\t\t\t<div class=\"eael-data-table-wrap\" data-table_id=\"c29c8e8\" id=\"eael-data-table-wrapper-c29c8e8\" data-custom_responsive=\"false\">\n\t\t\t<table class=\"tablesorter eael-data-table center\" id=\"eael-data-table-c29c8e8\">\n\t\t\t    <thead>\n\t\t\t        <tr class=\"table-header\">\n\t\t\t\t\t\t\t\t\t            <th class=\"\" id=\"\" colspan=\"\">\n\t\t\t\t\t\t\t\t\t\t\t\t\t\t<span class=\"data-table-header-text\">N\u00famero de vacas (DNK, SWE, FIN)<\/span><\/th>\n\t\t\t        \t\t\t\t            <th class=\"\" id=\"\" colspan=\"\">\n\t\t\t\t\t\t\t\t\t\t\t\t\t\t<span class=\"data-table-header-text\">Grasa%<\/span><\/th>\n\t\t\t        \t\t\t\t            <th class=\"\" id=\"\" colspan=\"\">\n\t\t\t\t\t\t\t\t\t\t\t\t\t\t<span class=\"data-table-header-text\">Prot%<\/span><\/th>\n\t\t\t        \t\t\t\t            <th class=\"\" id=\"\" colspan=\"\">\n\t\t\t\t\t\t\t\t\t\t\t\t\t\t<span class=\"data-table-header-text\">Leche (305 d\u00edas)<\/span><\/th>\n\t\t\t        \t\t\t\t        <\/tr>\n\t\t\t    <\/thead>\n\t\t\t  \t<tbody>\n\t\t\t\t\t\t\t\t\t\t\t<tr>\n\t\t\t\t\t\t\t\t\t\t\t\t\t\t\t\t   \t\t\t\t\t\t\t\t\t\t\t<td colspan=\"\" rowspan=\"\" class=\"\" id=\"\">\n\t\t\t\t\t\t\t\t\t\t\t\t<div class=\"td-content-wrapper\"><div class=\"td-content\">\n\t\t\t\t\t\t\t\t\t\t\t\t\t596,000\t\t\t\t\t\t\t\t\t\t\t\t<\/div><\/div>\n\t\t\t\t\t\t\t\t\t\t\t<\/td>\n\t\t\t\t\t\t\t\t\t\t\t\t\t\t\t\t\t\t\t\t\t\t\t\t\t\t\t\t\t   \t\t\t\t\t\t\t\t\t\t\t<td colspan=\"\" rowspan=\"\" class=\"\" id=\"\">\n\t\t\t\t\t\t\t\t\t\t\t\t<div class=\"td-content-wrapper\"><div class=\"td-content\">\n\t\t\t\t\t\t\t\t\t\t\t\t\t4.03\t\t\t\t\t\t\t\t\t\t\t\t<\/div><\/div>\n\t\t\t\t\t\t\t\t\t\t\t<\/td>\n\t\t\t\t\t\t\t\t\t\t\t\t\t\t\t\t\t\t\t\t\t\t\t\t\t\t\t\t\t   \t\t\t\t\t\t\t\t\t\t\t<td colspan=\"\" rowspan=\"\" class=\"\" id=\"\">\n\t\t\t\t\t\t\t\t\t\t\t\t<div class=\"td-content-wrapper\"><div class=\"td-content\">\n\t\t\t\t\t\t\t\t\t\t\t\t\t3.44\t\t\t\t\t\t\t\t\t\t\t\t<\/div><\/div>\n\t\t\t\t\t\t\t\t\t\t\t<\/td>\n\t\t\t\t\t\t\t\t\t\t\t\t\t\t\t\t\t\t\t\t\t\t\t\t\t\t\t\t\t   \t\t\t\t\t\t\t\t\t\t\t<td colspan=\"\" rowspan=\"\" class=\"\" id=\"\">\n\t\t\t\t\t\t\t\t\t\t\t\t<div class=\"td-content-wrapper\"><div class=\"td-content\">\n\t\t\t\t\t\t\t\t\t\t\t\t\t11,213 kg\t\t\t\t\t\t\t\t\t\t\t\t<\/div><\/div>\n\t\t\t\t\t\t\t\t\t\t\t<\/td>\n\t\t\t\t\t\t\t\t\t\t\t\t\t\t\t\t\t\t\t\t\t\t\t\t\t\t<\/tr>\n\t\t\t        \t\t\t    <\/tbody>\n\t\t\t<\/table>\n\t\t<\/div>\n\t  \t\t\t\t\t<\/div>\n\t\t\t\t<\/div>\n\t\t\t\t<div class=\"elementor-element elementor-element-5bc3227 elementor-widget elementor-widget-text-editor\" data-id=\"5bc3227\" data-element_type=\"widget\" data-widget_type=\"text-editor.default\">\n\t\t\t\t<div class=\"elementor-widget-container\">\n\t\t\t\t\t\t\t\t\t<p style=\"text-align: right;\">Fuente: Nav, enero de 2020<\/p>\n\t\t\t\t\t\t\t\t<\/div>\n\t\t\t\t<\/div>\n\t\t\t\t<div class=\"elementor-element elementor-element-a4af1a6 elementor-align-center elementor-widget elementor-widget-button\" data-id=\"a4af1a6\" data-element_type=\"widget\" data-widget_type=\"button.default\">\n\t\t\t\t<div class=\"elementor-widget-container\">\n\t\t\t\t\t\t\t\t\t<div class=\"elementor-button-wrapper\">\n\t\t\t\t\t<a class=\"elementor-button elementor-button-link elementor-size-sm\" href=\"https:\/\/www.vikinggenetics.com\/dairy\/vikingholstein\/about-vikingholstein\" target=\"_blank\" rel=\"noopener\">\n\t\t\t\t\t\t<span class=\"elementor-button-content-wrapper\">\n\t\t\t\t\t\t<span class=\"elementor-button-icon\">\n\t\t\t\t<i aria-hidden=\"true\" class=\"fas fa-external-link-alt\"><\/i>\t\t\t<\/span>\n\t\t\t\t\t\t\t\t\t<span class=\"elementor-button-text\">Acerca de VikingHolstein<\/span>\n\t\t\t\t\t<\/span>\n\t\t\t\t\t<\/a>\n\t\t\t\t<\/div>\n\t\t\t\t\t\t\t\t<\/div>\n\t\t\t\t<\/div>\n\t\t\t\t<div class=\"elementor-element elementor-element-b790df3 elementor-widget elementor-widget-image\" data-id=\"b790df3\" data-element_type=\"widget\" data-widget_type=\"image.default\">\n\t\t\t\t<div class=\"elementor-widget-container\">\n\t\t\t\t\t\t\t\t\t\t\t\t<figure class=\"wp-caption\">\n\t\t\t\t\t\t\t\t\t\t<img decoding=\"async\" width=\"1024\" height=\"736\" src=\"https:\/\/www.procross.info\/wp-content\/uploads\/2020\/09\/VikingHolstein2-1024x736.jpg\" class=\"attachment-large size-large wp-image-752\" alt=\"Hija de VH Bernell\" srcset=\"https:\/\/www.procross.info\/wp-content\/uploads\/2020\/09\/VikingHolstein2-1024x736.jpg 1024w, https:\/\/www.procross.info\/wp-content\/uploads\/2020\/09\/VikingHolstein2-300x216.jpg 300w, https:\/\/www.procross.info\/wp-content\/uploads\/2020\/09\/VikingHolstein2-768x552.jpg 768w, https:\/\/www.procross.info\/wp-content\/uploads\/2020\/09\/VikingHolstein2-203x146.jpg 203w, https:\/\/www.procross.info\/wp-content\/uploads\/2020\/09\/VikingHolstein2-50x36.jpg 50w, https:\/\/www.procross.info\/wp-content\/uploads\/2020\/09\/VikingHolstein2-104x75.jpg 104w, https:\/\/www.procross.info\/wp-content\/uploads\/2020\/09\/VikingHolstein2.jpg 1158w\" sizes=\"(max-width:767px) 480px, (max-width:1024px) 100vw, 1024px\" \/>\t\t\t\t\t\t\t\t\t\t\t<figcaption class=\"widget-image-caption wp-caption-text\">Hija de VH Bernell<\/figcaption>\n\t\t\t\t\t\t\t\t\t\t<\/figure>\n\t\t\t\t\t\t\t\t\t<\/div>\n\t\t\t\t<\/div>\n\t\t\t\t\t<\/div>\n\t\t<\/div>\n\t\t\t\t\t<\/div>\n\t\t<\/section>\n\t\t\t\t<\/div>\n\t\t","protected":false},"excerpt":{"rendered":"<p>VikingHolstein Producci\u00f3n Tama\u00f1o mediano S\u00f3lidos Vacas sanas y eficientes Las VikingHolstein son vacas resistentes de tama\u00f1o mediano que producen altos niveles de leche y s\u00f3lidos. Porque<span class=\"excerpt-hellip\"> [\u2026]<\/span><\/p>\n","protected":false},"author":1,"featured_media":0,"parent":0,"menu_order":0,"comment_status":"closed","ping_status":"closed","template":"","meta":{"footnotes":""},"class_list":["post-2383","page","type-page","status-publish","hentry"],"_links":{"self":[{"href":"https:\/\/www.procross.info\/es\/wp-json\/wp\/v2\/pages\/2383","targetHints":{"allow":["GET"]}}],"collection":[{"href":"https:\/\/www.procross.info\/es\/wp-json\/wp\/v2\/pages"}],"about":[{"href":"https:\/\/www.procross.info\/es\/wp-json\/wp\/v2\/types\/page"}],"author":[{"embeddable":true,"href":"https:\/\/www.procross.info\/es\/wp-json\/wp\/v2\/users\/1"}],"replies":[{"embeddable":true,"href":"https:\/\/www.procross.info\/es\/wp-json\/wp\/v2\/comments?post=2383"}],"version-history":[{"count":11,"href":"https:\/\/www.procross.info\/es\/wp-json\/wp\/v2\/pages\/2383\/revisions"}],"predecessor-version":[{"id":4201,"href":"https:\/\/www.procross.info\/es\/wp-json\/wp\/v2\/pages\/2383\/revisions\/4201"}],"wp:attachment":[{"href":"https:\/\/www.procross.info\/es\/wp-json\/wp\/v2\/media?parent=2383"}],"curies":[{"name":"wp","href":"https:\/\/api.w.org\/{rel}","templated":true}]}}