{"id":2397,"date":"2020-10-26T10:03:08","date_gmt":"2020-10-26T09:03:08","guid":{"rendered":"http:\/\/procross.bigbang.fr\/nuestra-experiencia\/"},"modified":"2020-11-13T12:16:01","modified_gmt":"2020-11-13T11:16:01","slug":"nuestra-experiencia","status":"publish","type":"page","link":"https:\/\/www.procross.info\/es\/nuestra-experiencia\/","title":{"rendered":"Nuestra experiencia"},"content":{"rendered":"\t\t<div data-elementor-type=\"wp-page\" data-elementor-id=\"2397\" class=\"elementor elementor-2397 elementor-654\" data-elementor-post-type=\"page\">\n\t\t\t\t\t\t<section class=\"elementor-section elementor-top-section elementor-element elementor-element-9da8667 elementor-section-boxed elementor-section-height-default elementor-section-height-default\" data-id=\"9da8667\" data-element_type=\"section\">\n\t\t\t\t\t\t<div class=\"elementor-container elementor-column-gap-default\">\n\t\t\t\t\t<div class=\"elementor-column elementor-col-100 elementor-top-column elementor-element elementor-element-ab906d7\" data-id=\"ab906d7\" data-element_type=\"column\">\n\t\t\t<div class=\"elementor-widget-wrap elementor-element-populated\">\n\t\t\t\t\t\t<div class=\"elementor-element elementor-element-4fc0ba6 elementor-widget elementor-widget-mfn_fancy_heading\" data-id=\"4fc0ba6\" data-element_type=\"widget\" data-widget_type=\"mfn_fancy_heading.default\">\n\t\t\t\t<div class=\"elementor-widget-container\">\n\t\t\t\t\t<div class=\"fancy_heading fancy_heading_line\"><div class=\"fh-top\"><\/div><h1 class=\"title \">Nuestra Experiencia<\/h1><\/div>\n\t\t\t\t<\/div>\n\t\t\t\t<\/div>\n\t\t\t\t\t<\/div>\n\t\t<\/div>\n\t\t\t\t\t<\/div>\n\t\t<\/section>\n\t\t\t\t<section class=\"elementor-section elementor-top-section elementor-element elementor-element-50d341d elementor-section-boxed elementor-section-height-default elementor-section-height-default\" data-id=\"50d341d\" data-element_type=\"section\">\n\t\t\t\t\t\t<div class=\"elementor-container elementor-column-gap-default\">\n\t\t\t\t\t<div class=\"elementor-column elementor-col-100 elementor-top-column elementor-element elementor-element-fd62920\" data-id=\"fd62920\" data-element_type=\"column\">\n\t\t\t<div class=\"elementor-widget-wrap elementor-element-populated\">\n\t\t\t\t\t\t<div class=\"elementor-element elementor-element-54225bf elementor-view-default elementor-widget elementor-widget-icon\" data-id=\"54225bf\" data-element_type=\"widget\" data-widget_type=\"icon.default\">\n\t\t\t\t<div class=\"elementor-widget-container\">\n\t\t\t\t\t\t\t<div class=\"elementor-icon-wrapper\">\n\t\t\t<div class=\"elementor-icon\">\n\t\t\t<i aria-hidden=\"true\" class=\"far fa-gem\"><\/i>\t\t\t<\/div>\n\t\t<\/div>\n\t\t\t\t\t\t<\/div>\n\t\t\t\t<\/div>\n\t\t\t\t<div class=\"elementor-element elementor-element-bb71393 elementor-widget elementor-widget-heading\" data-id=\"bb71393\" data-element_type=\"widget\" data-widget_type=\"heading.default\">\n\t\t\t\t<div class=\"elementor-widget-container\">\n\t\t\t\t\t<h2 class=\"elementor-heading-title elementor-size-default\">Experiencia de 20 a\u00f1os<\/h2>\t\t\t\t<\/div>\n\t\t\t\t<\/div>\n\t\t\t\t\t<\/div>\n\t\t<\/div>\n\t\t\t\t\t<\/div>\n\t\t<\/section>\n\t\t\t\t<section class=\"elementor-section elementor-top-section elementor-element elementor-element-6105a22 elementor-section-boxed elementor-section-height-default elementor-section-height-default\" data-id=\"6105a22\" data-element_type=\"section\">\n\t\t\t\t\t\t<div class=\"elementor-container elementor-column-gap-default\">\n\t\t\t\t\t<div class=\"elementor-column elementor-col-33 elementor-top-column elementor-element elementor-element-f7733a9\" data-id=\"f7733a9\" data-element_type=\"column\">\n\t\t\t<div class=\"elementor-widget-wrap elementor-element-populated\">\n\t\t\t\t\t\t<div class=\"elementor-element elementor-element-1739bcf elementor-view-default elementor-widget elementor-widget-icon\" data-id=\"1739bcf\" data-element_type=\"widget\" data-widget_type=\"icon.default\">\n\t\t\t\t<div class=\"elementor-widget-container\">\n\t\t\t\t\t\t\t<div class=\"elementor-icon-wrapper\">\n\t\t\t<div class=\"elementor-icon\">\n\t\t\t<i aria-hidden=\"true\" class=\"fas fa-star\"><\/i>\t\t\t<\/div>\n\t\t<\/div>\n\t\t\t\t\t\t<\/div>\n\t\t\t\t<\/div>\n\t\t\t\t<div class=\"elementor-element elementor-element-3b4ccfd elementor-widget elementor-widget-heading\" data-id=\"3b4ccfd\" data-element_type=\"widget\" data-widget_type=\"heading.default\">\n\t\t\t\t<div class=\"elementor-widget-container\">\n\t\t\t\t\t<h3 class=\"elementor-heading-title elementor-size-default\">Nacido en los EE.UU.<\/h3>\t\t\t\t<\/div>\n\t\t\t\t<\/div>\n\t\t\t\t\t<\/div>\n\t\t<\/div>\n\t\t\t\t<div class=\"elementor-column elementor-col-33 elementor-top-column elementor-element elementor-element-9fb59c4\" data-id=\"9fb59c4\" data-element_type=\"column\">\n\t\t\t<div class=\"elementor-widget-wrap elementor-element-populated\">\n\t\t\t\t\t\t<div class=\"elementor-element elementor-element-978ddf1 elementor-view-default elementor-widget elementor-widget-icon\" data-id=\"978ddf1\" data-element_type=\"widget\" data-widget_type=\"icon.default\">\n\t\t\t\t<div class=\"elementor-widget-container\">\n\t\t\t\t\t\t\t<div class=\"elementor-icon-wrapper\">\n\t\t\t<div class=\"elementor-icon\">\n\t\t\t<i aria-hidden=\"true\" class=\"icon icon-protected-content-v2\"><\/i>\t\t\t<\/div>\n\t\t<\/div>\n\t\t\t\t\t\t<\/div>\n\t\t\t\t<\/div>\n\t\t\t\t<div class=\"elementor-element elementor-element-4b043e2 elementor-widget elementor-widget-heading\" data-id=\"4b043e2\" data-element_type=\"widget\" data-widget_type=\"heading.default\">\n\t\t\t\t<div class=\"elementor-widget-container\">\n\t\t\t\t\t<h3 class=\"elementor-heading-title elementor-size-default\">El \u00fanico programa de cruzamiento cient\u00edficamente probado<\/h3>\t\t\t\t<\/div>\n\t\t\t\t<\/div>\n\t\t\t\t\t<\/div>\n\t\t<\/div>\n\t\t\t\t<div class=\"elementor-column elementor-col-33 elementor-top-column elementor-element elementor-element-4e4429b\" data-id=\"4e4429b\" data-element_type=\"column\">\n\t\t\t<div class=\"elementor-widget-wrap elementor-element-populated\">\n\t\t\t\t\t\t<div class=\"elementor-element elementor-element-737e1b5 elementor-view-default elementor-widget elementor-widget-icon\" data-id=\"737e1b5\" data-element_type=\"widget\" data-widget_type=\"icon.default\">\n\t\t\t\t<div class=\"elementor-widget-container\">\n\t\t\t\t\t\t\t<div class=\"elementor-icon-wrapper\">\n\t\t\t<div class=\"elementor-icon\">\n\t\t\t<i aria-hidden=\"true\" class=\"far fa-map\"><\/i>\t\t\t<\/div>\n\t\t<\/div>\n\t\t\t\t\t\t<\/div>\n\t\t\t\t<\/div>\n\t\t\t\t<div class=\"elementor-element elementor-element-1b5a7b3 elementor-widget elementor-widget-heading\" data-id=\"1b5a7b3\" data-element_type=\"widget\" data-widget_type=\"heading.default\">\n\t\t\t\t<div class=\"elementor-widget-container\">\n\t\t\t\t\t<h3 class=\"elementor-heading-title elementor-size-default\">Presente en todo el mundo<\/h3>\t\t\t\t<\/div>\n\t\t\t\t<\/div>\n\t\t\t\t\t<\/div>\n\t\t<\/div>\n\t\t\t\t\t<\/div>\n\t\t<\/section>\n\t\t\t\t<section class=\"elementor-section elementor-top-section elementor-element elementor-element-c3a83a5 elementor-section-boxed elementor-section-height-default elementor-section-height-default\" data-id=\"c3a83a5\" data-element_type=\"section\">\n\t\t\t\t\t\t<div class=\"elementor-container elementor-column-gap-default\">\n\t\t\t\t\t<div class=\"elementor-column elementor-col-100 elementor-top-column elementor-element elementor-element-fae24cc\" data-id=\"fae24cc\" data-element_type=\"column\">\n\t\t\t<div class=\"elementor-widget-wrap elementor-element-populated\">\n\t\t\t\t\t\t<div class=\"elementor-element elementor-element-b868c75 elementor-widget elementor-widget-text-editor\" data-id=\"b868c75\" data-element_type=\"widget\" data-widget_type=\"text-editor.default\">\n\t\t\t\t<div class=\"elementor-widget-container\">\n\t\t\t\t\t\t\t\t\t<p>T<strong>odo comenz\u00f3 hace m\u00e1s de 20 a\u00f1os, cuando un grupo de productores l\u00e1cteos estadounidenses en California, decidi\u00f3 buscar una soluci\u00f3n al deterioro de la salud, la fertilidad y la longevidad que estaban experimentando en su Holstein reba\u00f1os. <\/strong><\/p><p>Entre ellos se encontraba <strong>Mike Osmundson<\/strong>, que hab\u00eda sido testigo de los efectos beneficiosos de cruzamiento en otras especies, particularmente cerdos y aves de corral, y no vio ninguna raz\u00f3n por la que beneficios similares no se pudo lograr en el ganado lechero.<\/p>\t\t\t\t\t\t\t\t<\/div>\n\t\t\t\t<\/div>\n\t\t\t\t<div class=\"elementor-element elementor-element-e8658eb elementor-widget elementor-widget-gallery\" data-id=\"e8658eb\" data-element_type=\"widget\" data-settings=\"{&quot;gap&quot;:{&quot;unit&quot;:&quot;px&quot;,&quot;size&quot;:0,&quot;sizes&quot;:[]},&quot;aspect_ratio&quot;:&quot;4:3&quot;,&quot;overlay_title&quot;:&quot;caption&quot;,&quot;lazyload&quot;:&quot;yes&quot;,&quot;gallery_layout&quot;:&quot;grid&quot;,&quot;columns&quot;:4,&quot;columns_tablet&quot;:2,&quot;columns_mobile&quot;:1,&quot;gap_tablet&quot;:{&quot;unit&quot;:&quot;px&quot;,&quot;size&quot;:10,&quot;sizes&quot;:[]},&quot;gap_mobile&quot;:{&quot;unit&quot;:&quot;px&quot;,&quot;size&quot;:10,&quot;sizes&quot;:[]},&quot;link_to&quot;:&quot;file&quot;,&quot;overlay_background&quot;:&quot;yes&quot;,&quot;content_hover_animation&quot;:&quot;fade-in&quot;}\" data-widget_type=\"gallery.default\">\n\t\t\t\t<div class=\"elementor-widget-container\">\n\t\t\t\t\t\t\t<div class=\"elementor-gallery__container\">\n\t\t\t\t\t\t\t<a class=\"e-gallery-item elementor-gallery-item elementor-animated-content\" href=\"https:\/\/www.procross.info\/wp-content\/uploads\/2020\/11\/Les-Hansen.jpg\" data-elementor-open-lightbox=\"yes\" data-elementor-lightbox-slideshow=\"e8658eb\" data-elementor-lightbox-title=\"Les Hansen\" data-e-action-hash=\"#elementor-action%3Aaction%3Dlightbox%26settings%3DeyJpZCI6MzA2NCwidXJsIjoiaHR0cHM6XC9cL3d3dy5wcm9jcm9zcy5pbmZvXC93cC1jb250ZW50XC91cGxvYWRzXC8yMDIwXC8xMVwvTGVzLUhhbnNlbi5qcGciLCJzbGlkZXNob3ciOiJlODY1OGViIn0%3D\">\n\t\t\t\t\t<div class=\"e-gallery-image elementor-gallery-item__image\" data-thumbnail=\"https:\/\/www.procross.info\/wp-content\/uploads\/2020\/11\/Les-Hansen-295x300.jpg\" data-width=\"295\" data-height=\"300\" aria-label=\"Professor Les Hansen, University of Minnesota\" role=\"img\" ><\/div>\n\t\t\t\t\t\t\t\t\t\t\t<div class=\"elementor-gallery-item__overlay\"><\/div>\n\t\t\t\t\t\t\t\t\t\t\t\t\t\t\t<div class=\"elementor-gallery-item__content\">\n\t\t\t\t\t\t\t\t\t\t\t\t\t\t<div class=\"elementor-gallery-item__title\">\n\t\t\t\t\t\t\t\t\t\t\t\t\t\t\t\t\t\tProfesor Les Hansen de la universidad de Minnesota\t\t\t\t\t\t\t\t<\/div>\n\t\t\t\t\t\t\t\t\t\t\t\t<\/div>\n\t\t\t\t\t\t\t\t\t<\/a>\n\t\t\t\t\t\t\t<a class=\"e-gallery-item elementor-gallery-item elementor-animated-content\" href=\"https:\/\/www.procross.info\/wp-content\/uploads\/2020\/11\/20190613_161257.jpg\" data-elementor-open-lightbox=\"yes\" data-elementor-lightbox-slideshow=\"e8658eb\" data-elementor-lightbox-title=\"20190613_161257\" data-e-action-hash=\"#elementor-action%3Aaction%3Dlightbox%26settings%3DeyJpZCI6MzA2MCwidXJsIjoiaHR0cHM6XC9cL3d3dy5wcm9jcm9zcy5pbmZvXC93cC1jb250ZW50XC91cGxvYWRzXC8yMDIwXC8xMVwvMjAxOTA2MTNfMTYxMjU3LmpwZyIsInNsaWRlc2hvdyI6ImU4NjU4ZWIifQ%3D%3D\">\n\t\t\t\t\t<div class=\"e-gallery-image elementor-gallery-item__image\" data-thumbnail=\"https:\/\/www.procross.info\/wp-content\/uploads\/2020\/11\/20190613_161257-300x169.jpg\" data-width=\"300\" data-height=\"169\" aria-label=\"River Oak Dairy, ProCROSS pioneer herd\" role=\"img\" ><\/div>\n\t\t\t\t\t\t\t\t\t\t\t<div class=\"elementor-gallery-item__overlay\"><\/div>\n\t\t\t\t\t\t\t\t\t\t\t\t\t\t\t<div class=\"elementor-gallery-item__content\">\n\t\t\t\t\t\t\t\t\t\t\t\t\t\t<div class=\"elementor-gallery-item__title\">\n\t\t\t\t\t\t\t\t\t\t\t\t\t\t\t\t\t\tManada pionera en California, River Oak Dairy\t\t\t\t\t\t\t\t<\/div>\n\t\t\t\t\t\t\t\t\t\t\t\t<\/div>\n\t\t\t\t\t\t\t\t\t<\/a>\n\t\t\t\t\t\t\t<a class=\"e-gallery-item elementor-gallery-item elementor-animated-content\" href=\"https:\/\/www.procross.info\/wp-content\/uploads\/2020\/11\/Composite-ProCROSS-4-gen-scaled.jpg\" data-elementor-open-lightbox=\"yes\" data-elementor-lightbox-slideshow=\"e8658eb\" data-elementor-lightbox-title=\"Composite ProCROSS-4 gen\" data-e-action-hash=\"#elementor-action%3Aaction%3Dlightbox%26settings%3DeyJpZCI6MzA1NSwidXJsIjoiaHR0cHM6XC9cL3d3dy5wcm9jcm9zcy5pbmZvXC93cC1jb250ZW50XC91cGxvYWRzXC8yMDIwXC8xMVwvQ29tcG9zaXRlLVByb0NST1NTLTQtZ2VuLXNjYWxlZC5qcGciLCJzbGlkZXNob3ciOiJlODY1OGViIn0%3D\">\n\t\t\t\t\t<div class=\"e-gallery-image elementor-gallery-item__image\" data-thumbnail=\"https:\/\/www.procross.info\/wp-content\/uploads\/2020\/11\/Composite-ProCROSS-4-gen-300x171.jpg\" data-width=\"300\" data-height=\"171\" aria-label=\"4 generation of ProCROSS cows\" role=\"img\" ><\/div>\n\t\t\t\t\t\t\t\t\t\t\t<div class=\"elementor-gallery-item__overlay\"><\/div>\n\t\t\t\t\t\t\t\t\t\t\t\t\t\t\t<div class=\"elementor-gallery-item__content\">\n\t\t\t\t\t\t\t\t\t\t\t\t\t\t<div class=\"elementor-gallery-item__title\">\n\t\t\t\t\t\t\t\t\t\t\t\t\t\t\t\t\t\t4 generation of ProCROSS cows\t\t\t\t\t\t\t\t<\/div>\n\t\t\t\t\t\t\t\t\t\t\t\t<\/div>\n\t\t\t\t\t\t\t\t\t<\/a>\n\t\t\t\t\t\t\t<a class=\"e-gallery-item elementor-gallery-item elementor-animated-content\" href=\"https:\/\/www.procross.info\/wp-content\/uploads\/2020\/11\/52420912_2055869221157543_573726176690831360_n.jpg\" data-elementor-open-lightbox=\"yes\" data-elementor-lightbox-slideshow=\"e8658eb\" data-elementor-lightbox-title=\"52420912_2055869221157543_573726176690831360_n\" data-e-action-hash=\"#elementor-action%3Aaction%3Dlightbox%26settings%3DeyJpZCI6MzA1MSwidXJsIjoiaHR0cHM6XC9cL3d3dy5wcm9jcm9zcy5pbmZvXC93cC1jb250ZW50XC91cGxvYWRzXC8yMDIwXC8xMVwvNTI0MjA5MTJfMjA1NTg2OTIyMTE1NzU0M181NzM3MjYxNzY2OTA4MzEzNjBfbi5qcGciLCJzbGlkZXNob3ciOiJlODY1OGViIn0%3D\">\n\t\t\t\t\t<div class=\"e-gallery-image elementor-gallery-item__image\" data-thumbnail=\"https:\/\/www.procross.info\/wp-content\/uploads\/2020\/11\/52420912_2055869221157543_573726176690831360_n-300x225.jpg\" data-width=\"300\" data-height=\"225\" aria-label=\"Californian ProCROSS pioneers\" role=\"img\" ><\/div>\n\t\t\t\t\t\t\t\t\t\t\t<div class=\"elementor-gallery-item__overlay\"><\/div>\n\t\t\t\t\t\t\t\t\t\t\t\t\t\t\t<div class=\"elementor-gallery-item__content\">\n\t\t\t\t\t\t\t\t\t\t\t\t\t\t<div class=\"elementor-gallery-item__title\">\n\t\t\t\t\t\t\t\t\t\t\t\t\t\t\t\t\t\tLos Pioneros californianos\t\t\t\t\t\t\t\t<\/div>\n\t\t\t\t\t\t\t\t\t\t\t\t<\/div>\n\t\t\t\t\t\t\t\t\t<\/a>\n\t\t\t\t\t\t\t<a class=\"e-gallery-item elementor-gallery-item elementor-animated-content\" href=\"https:\/\/www.procross.info\/wp-content\/uploads\/2020\/09\/Creative-Genetics-Test.jpg\" data-elementor-open-lightbox=\"yes\" data-elementor-lightbox-slideshow=\"e8658eb\" data-elementor-lightbox-title=\"Creative Genetics-Test\" data-elementor-lightbox-description=\"Mike Osmundson\" data-e-action-hash=\"#elementor-action%3Aaction%3Dlightbox%26settings%3DeyJpZCI6MTUzNCwidXJsIjoiaHR0cHM6XC9cL3d3dy5wcm9jcm9zcy5pbmZvXC93cC1jb250ZW50XC91cGxvYWRzXC8yMDIwXC8wOVwvQ3JlYXRpdmUtR2VuZXRpY3MtVGVzdC5qcGciLCJzbGlkZXNob3ciOiJlODY1OGViIn0%3D\">\n\t\t\t\t\t<div class=\"e-gallery-image elementor-gallery-item__image\" data-thumbnail=\"https:\/\/www.procross.info\/wp-content\/uploads\/2020\/09\/Creative-Genetics-Test.jpg\" data-width=\"300\" data-height=\"300\" aria-label=\"\" role=\"img\" ><\/div>\n\t\t\t\t\t\t\t\t\t\t\t<div class=\"elementor-gallery-item__overlay\"><\/div>\n\t\t\t\t\t\t\t\t\t\t\t\t\t\t\t<div class=\"elementor-gallery-item__content\">\n\t\t\t\t\t\t\t\t\t\t\t\t\t\t<div class=\"elementor-gallery-item__title\">\n\t\t\t\t\t\t\t\t\t\t\t\t\t\t\t\t\t\tMike Osmundson\t\t\t\t\t\t\t\t<\/div>\n\t\t\t\t\t\t\t\t\t\t\t\t<\/div>\n\t\t\t\t\t\t\t\t\t<\/a>\n\t\t\t\t\t<\/div>\n\t\t\t\t\t<\/div>\n\t\t\t\t<\/div>\n\t\t\t\t<div class=\"elementor-element elementor-element-e69455b elementor-widget elementor-widget-text-editor\" data-id=\"e69455b\" data-element_type=\"widget\" data-widget_type=\"text-editor.default\">\n\t\t\t\t<div class=\"elementor-widget-container\">\n\t\t\t\t\t\t\t\t\t<p class=\"MsoNormal\">\u00a0<\/p><p class=\"MsoNormal\"><span lang=\"EN-US\">Comenzando como grupo a cruzar su ganado, los agricultores comenzaron a observar que algunas razas tej\u00edan juntos mejor que otros. Algunas razas, incluidas el Norwegian Red, Jersey y Brown Swiss, fueron excluidos en el camino, ya sea porque la descendencia cruzada no alcanz\u00f3 el nivel requerido est\u00e1ndares de producci\u00f3n, salud de la ubre o vitalidad general, o porque el tama\u00f1o de los animales era demasiado lejos del Holstein para ser una cruz viable. <\/span><\/p><p class=\"MsoNormal\"><span lang=\"EN-US\">Poco a poco se hizo evidente, a trav\u00e9s de un proceso de autoselecci\u00f3n, que <strong>las mejores razas para cruzar con los Holstein, que muestran la mayor producci\u00f3n, salud, longevidad y vitalidad general, fueron los Montb\u00e9liarde y el VikingRed.<\/strong><\/span><\/p><p class=\"MsoNormal\"><span lang=\"EN-US\">Deseosos de formalizar el proceso y cuantificar los beneficios, los pioneros californianos participaron en un estudio, a partir de 2002. Este primer estudio que compara diferentes cruces con el Holstein puro fue dirigido por el profesor Les Hansen y el Dr. Brad Heins de la Universidad de Minnesota, EE. UU.<\/span><\/p><p class=\"MsoNormal\"><span lang=\"EN-US\">Unos 10 a\u00f1os m\u00e1s tarde, en 2012, sus primeros resultados se publicaron como <strong>&#8220;Californian Trial&#8221;<\/strong> en el Journal of Science.<\/span><\/p><p class=\"MsoNormal\"><span lang=\"EN-US\">El ensayo revel\u00f3 que los animales cruzados eran consistentemente superiores a los Holstein en fertilidad, (con menos d\u00edas hasta la primera cr\u00eda, tasas de pre\u00f1ez m\u00e1s altas y menos d\u00edas abiertos), ten\u00edan menores niveles som\u00e1ticos puntuaciones de c\u00e9lulas y menos problemas de parto y mortinatos. Aunque hubo una peque\u00f1a ca\u00edda de la producci\u00f3n en los animales cruzados, <strong>la producci\u00f3n a lo largo de su vida &#8211; en t\u00e9rminos de kg de leche, grasa y prote\u00edna &#8211; fue superior.<\/strong><\/span><\/p><p class=\"MsoNormal\"><span lang=\"EN-US\">Cuando la primera generaci\u00f3n de mestizos termin\u00f3 sus primeras lactancias, los ganaderos participantes identific\u00f3 que las mejores razas para cruzar con los Holstein eran los VikingReds y Montbeliardes.<\/span><\/p><p class=\"MsoNormal\"><span lang=\"EN-US\">Animados por la evidencia de que sus razas se destacaban entre la multitud, la cooperativa Montbeliarde, Coopex, y la cooperativa escandinava, VikingGenetics, unieron fuerzas para crear ProCROSS.<\/span><\/p><p class=\"MsoNormal\"><span lang=\"EN-US\">El nombre de este concepto de mestizaje era una abreviatura de &#8220;Professional Crossing&#8221;.<\/span><\/p><p class=\"MsoNormal\"><span lang=\"EN-US\">La Coopex Montb\u00e9liarde y VikingRed fueron viento en popa. Otros dos estudios importantes, tambi\u00e9n realizado en la Universidad de Minnesota, involucrando a 3500 novillas y funcionando durante 10 a\u00f1os, proporcion\u00f3 evidencia cient\u00edfica de la primera intuici\u00f3n de los criadores californianos. Confirmaron que el ganado ProCROSS (Holstein x Montb\u00e9liarde x VikingRed) tuvo una mejor eficiencia de conversi\u00f3n alimenticia que el Holstein y tuvo mayores beneficios econ\u00f3micos.<\/span><\/p><p class=\"MsoNormal\"><span lang=\"EN-US\">Estos dos estudios han reforzado los beneficios del cruce giratorio ProCROSS de tres v\u00edas.<\/span><\/p><p class=\"MsoNormal\"><span style=\"letter-spacing: 0px;\">Estos dos estudios han reforzado los beneficios del cruce giratorio ProCROSS de tres v\u00edas. Hoy en d\u00eda, el concepto ProCROSS est\u00e1 implantado en muchos pa\u00edses, incluido su lugar de nacimiento en EE. UU. Y en Europa y Am\u00e9rica del Sur. Muchas granjas se han sumado al movimiento y en 2018, el programa registr\u00f3 medio mill\u00f3n de inseminaciones. Los datos cient\u00edficos y de campo demuestran cada vez m\u00e1s la rentabilidad de ProCROSS y los agricultores y cient\u00edficos est\u00e1n de acuerdo: el ganado ProCROSS es m\u00e1s f\u00e1cil de manejar y cuesta menos mantener el mismo nivel de rendimiento. En otras palabras, son m\u00e1s rentables que el Holstein.<\/span><\/p><p class=\"MsoNormal\"><span lang=\"EN-US\" style=\"font-size: 10.5pt; line-height: 107%; font-family: Helvetica, sans-serif; background-image: initial; background-position: initial; background-size: initial; background-repeat: initial; background-attachment: initial; background-origin: initial; background-clip: initial;\">Con m\u00e1s de 20 a\u00f1os de experiencia en mestizaje y despu\u00e9s de 13 a\u00f1os de existencia, ProCROSS ha se consolid\u00f3 como el sistema pionero en el cruzamiento de ganado lechero. Como el \u00fanico concepto de cruce probado, con el respaldo de tres estudios estadounidenses diferentes realizados por m\u00e9dicos y profesores en gen\u00e9tica de ganado lechero, nuestra experiencia se basa en la ciencia, con dos d\u00e9cadas adicionales de datos de campo. Mientras tanto, nuestra larga experiencia en el cruce de granja lechera nos ha permitido trabajar en los objetivos de selecci\u00f3n gen\u00e9tica de los productores de leche, entendiendo y abordando los desaf\u00edos a los que se enfrentan.<\/span><\/p>\t\t\t\t\t\t\t\t<\/div>\n\t\t\t\t<\/div>\n\t\t\t\t\t<\/div>\n\t\t<\/div>\n\t\t\t\t\t<\/div>\n\t\t<\/section>\n\t\t\t\t<section class=\"elementor-section elementor-top-section elementor-element elementor-element-34e9685 elementor-section-boxed elementor-section-height-default elementor-section-height-default\" data-id=\"34e9685\" data-element_type=\"section\">\n\t\t\t\t\t\t<div class=\"elementor-container elementor-column-gap-default\">\n\t\t\t\t\t<div class=\"elementor-column elementor-col-50 elementor-top-column elementor-element elementor-element-d4db8e0\" data-id=\"d4db8e0\" data-element_type=\"column\">\n\t\t\t<div class=\"elementor-widget-wrap elementor-element-populated\">\n\t\t\t\t\t\t<div class=\"elementor-element elementor-element-8ae6133 elementor-widget elementor-widget-image\" data-id=\"8ae6133\" data-element_type=\"widget\" data-widget_type=\"image.default\">\n\t\t\t\t<div class=\"elementor-widget-container\">\n\t\t\t\t\t\t\t\t\t\t\t\t\t\t\t<img fetchpriority=\"high\" decoding=\"async\" width=\"1024\" height=\"198\" src=\"https:\/\/www.procross.info\/wp-content\/uploads\/2020\/07\/VikingGenetics_innovative-breeding_cmyk-1024x198.jpg\" class=\"attachment-large size-large wp-image-2399\" alt=\"\" srcset=\"https:\/\/www.procross.info\/wp-content\/uploads\/2020\/07\/VikingGenetics_innovative-breeding_cmyk-1024x198.jpg 1024w, https:\/\/www.procross.info\/wp-content\/uploads\/2020\/07\/VikingGenetics_innovative-breeding_cmyk-300x58.jpg 300w, https:\/\/www.procross.info\/wp-content\/uploads\/2020\/07\/VikingGenetics_innovative-breeding_cmyk-768x148.jpg 768w, https:\/\/www.procross.info\/wp-content\/uploads\/2020\/07\/VikingGenetics_innovative-breeding_cmyk-1536x297.jpg 1536w, https:\/\/www.procross.info\/wp-content\/uploads\/2020\/07\/VikingGenetics_innovative-breeding_cmyk-260x50.jpg 260w, https:\/\/www.procross.info\/wp-content\/uploads\/2020\/07\/VikingGenetics_innovative-breeding_cmyk-50x10.jpg 50w, https:\/\/www.procross.info\/wp-content\/uploads\/2020\/07\/VikingGenetics_innovative-breeding_cmyk-150x29.jpg 150w, https:\/\/www.procross.info\/wp-content\/uploads\/2020\/07\/VikingGenetics_innovative-breeding_cmyk.jpg 1941w\" sizes=\"(max-width:767px) 480px, (max-width:1024px) 100vw, 1024px\" \/>\t\t\t\t\t\t\t\t\t\t\t\t\t\t\t<\/div>\n\t\t\t\t<\/div>\n\t\t\t\t\t<\/div>\n\t\t<\/div>\n\t\t\t\t<div class=\"elementor-column elementor-col-50 elementor-top-column elementor-element elementor-element-c1e11e4\" data-id=\"c1e11e4\" data-element_type=\"column\">\n\t\t\t<div class=\"elementor-widget-wrap elementor-element-populated\">\n\t\t\t\t\t\t<div class=\"elementor-element elementor-element-047b4bf elementor-widget elementor-widget-image\" data-id=\"047b4bf\" data-element_type=\"widget\" data-widget_type=\"image.default\">\n\t\t\t\t<div class=\"elementor-widget-container\">\n\t\t\t\t\t\t\t\t\t\t\t\t\t\t\t<img decoding=\"async\" src=\"https:\/\/www.procross.info\/wp-content\/uploads\/2020\/07\/coopexworldwide.jpg\" title=\"\" alt=\"\" loading=\"lazy\" \/>\t\t\t\t\t\t\t\t\t\t\t\t\t\t\t<\/div>\n\t\t\t\t<\/div>\n\t\t\t\t\t<\/div>\n\t\t<\/div>\n\t\t\t\t\t<\/div>\n\t\t<\/section>\n\t\t\t\t<\/div>\n\t\t","protected":false},"excerpt":{"rendered":"<p>Nuestra Experiencia Experiencia de 20 a\u00f1os Nacido en los EE.UU. El \u00fanico programa de cruzamiento cient\u00edficamente probado Presente en todo el mundo Todo comenz\u00f3 hace m\u00e1s<span class=\"excerpt-hellip\"> [\u2026]<\/span><\/p>\n","protected":false},"author":4,"featured_media":0,"parent":0,"menu_order":0,"comment_status":"closed","ping_status":"closed","template":"","meta":{"footnotes":""},"class_list":["post-2397","page","type-page","status-publish","hentry"],"_links":{"self":[{"href":"https:\/\/www.procross.info\/es\/wp-json\/wp\/v2\/pages\/2397","targetHints":{"allow":["GET"]}}],"collection":[{"href":"https:\/\/www.procross.info\/es\/wp-json\/wp\/v2\/pages"}],"about":[{"href":"https:\/\/www.procross.info\/es\/wp-json\/wp\/v2\/types\/page"}],"author":[{"embeddable":true,"href":"https:\/\/www.procross.info\/es\/wp-json\/wp\/v2\/users\/4"}],"replies":[{"embeddable":true,"href":"https:\/\/www.procross.info\/es\/wp-json\/wp\/v2\/comments?post=2397"}],"version-history":[{"count":11,"href":"https:\/\/www.procross.info\/es\/wp-json\/wp\/v2\/pages\/2397\/revisions"}],"predecessor-version":[{"id":3081,"href":"https:\/\/www.procross.info\/es\/wp-json\/wp\/v2\/pages\/2397\/revisions\/3081"}],"wp:attachment":[{"href":"https:\/\/www.procross.info\/es\/wp-json\/wp\/v2\/media?parent=2397"}],"curies":[{"name":"wp","href":"https:\/\/api.w.org\/{rel}","templated":true}]}}