{"id":2407,"date":"2020-10-26T10:21:21","date_gmt":"2020-10-26T09:21:21","guid":{"rendered":"http:\/\/procross.bigbang.fr\/el-sistema-de-cruzamiento-de-tres-vias\/"},"modified":"2020-11-25T14:04:40","modified_gmt":"2020-11-25T13:04:40","slug":"el-sistema-de-cruzamiento-de-tres-vias","status":"publish","type":"page","link":"https:\/\/www.procross.info\/es\/el-sistema-de-cruzamiento-de-tres-vias\/","title":{"rendered":"El sistema de cruzamiento de tres v\u00edas"},"content":{"rendered":"\t\t<div data-elementor-type=\"wp-page\" data-elementor-id=\"2407\" class=\"elementor elementor-2407 elementor-928\" data-elementor-post-type=\"page\">\n\t\t\t\t\t\t<section class=\"elementor-section elementor-top-section elementor-element elementor-element-12ef3b8 elementor-section-boxed elementor-section-height-default elementor-section-height-default\" data-id=\"12ef3b8\" data-element_type=\"section\">\n\t\t\t\t\t\t<div class=\"elementor-container elementor-column-gap-default\">\n\t\t\t\t\t<div class=\"elementor-column elementor-col-100 elementor-top-column elementor-element elementor-element-75c936c\" data-id=\"75c936c\" data-element_type=\"column\">\n\t\t\t<div class=\"elementor-widget-wrap elementor-element-populated\">\n\t\t\t\t\t\t<div class=\"elementor-element elementor-element-0bd334d elementor-widget elementor-widget-mfn_fancy_heading\" data-id=\"0bd334d\" data-element_type=\"widget\" data-widget_type=\"mfn_fancy_heading.default\">\n\t\t\t\t<div class=\"elementor-widget-container\">\n\t\t\t\t\t<div class=\"fancy_heading fancy_heading_line\"><div class=\"fh-top\"><\/div><h1 class=\"title \">El sistema de cruzamiento de tres v\u00edas<\/h1><\/div>\n\t\t\t\t<\/div>\n\t\t\t\t<\/div>\n\t\t\t\t<div class=\"elementor-element elementor-element-70b39cf elementor-widget elementor-widget-image\" data-id=\"70b39cf\" data-element_type=\"widget\" data-widget_type=\"image.default\">\n\t\t\t\t<div class=\"elementor-widget-container\">\n\t\t\t\t\t\t\t\t\t\t\t\t\t\t\t<img fetchpriority=\"high\" decoding=\"async\" width=\"1024\" height=\"507\" src=\"https:\/\/www.procross.info\/wp-content\/uploads\/2020\/10\/Three-Breed-1024x507.png\" class=\"attachment-large size-large wp-image-2243\" alt=\"\" srcset=\"https:\/\/www.procross.info\/wp-content\/uploads\/2020\/10\/Three-Breed-1024x507.png 1024w, https:\/\/www.procross.info\/wp-content\/uploads\/2020\/10\/Three-Breed-300x149.png 300w, https:\/\/www.procross.info\/wp-content\/uploads\/2020\/10\/Three-Breed-768x380.png 768w, https:\/\/www.procross.info\/wp-content\/uploads\/2020\/10\/Three-Breed-1536x761.png 1536w, https:\/\/www.procross.info\/wp-content\/uploads\/2020\/10\/Three-Breed-260x129.png 260w, https:\/\/www.procross.info\/wp-content\/uploads\/2020\/10\/Three-Breed-50x25.png 50w, https:\/\/www.procross.info\/wp-content\/uploads\/2020\/10\/Three-Breed-150x75.png 150w, https:\/\/www.procross.info\/wp-content\/uploads\/2020\/10\/Three-Breed.png 1811w\" sizes=\"(max-width:767px) 480px, (max-width:1024px) 100vw, 1024px\" \/>\t\t\t\t\t\t\t\t\t\t\t\t\t\t\t<\/div>\n\t\t\t\t<\/div>\n\t\t\t\t<div class=\"elementor-element elementor-element-5434105 elementor-widget elementor-widget-text-editor\" data-id=\"5434105\" data-element_type=\"widget\" data-widget_type=\"text-editor.default\">\n\t\t\t\t<div class=\"elementor-widget-container\">\n\t\t\t\t\t\t\t\t\t<p>El sistema ProCROSS utiliza tres razas:<\/p>\n<ul>\n<li><a href=\"https:\/\/www.procross.info\/vikingholstein\/\">Holstein,<\/a> normalmente la vaca para empezar,<\/li>\n<li><a href=\"https:\/\/www.procross.info\/vikingred\/\">VikingRed<\/a>, programa de cr\u00eda que combina las tres razas: Finnish Ayrshire, Rojo sueco y rojo dan\u00e9s.<\/li>\n<li><a href=\"https:\/\/www.procross.info\/coopex-montbeliarde\/\">Montbeliarde de Coopex<\/a>, la raza de las zonas monta\u00f1osas de Francia.<\/li>\n<\/ul>\n<p>Iniciar ProCROSS primero le dar\u00e1 vacas F1. Los llamamos G1. (G significa Generaci\u00f3n).<\/p>\n<p>La combinaci\u00f3n de las tres razas lecheras junto con un estricto plan de apareamiento, garantiza una \u00f3ptima heterosis.<\/p>\n<p><span style=\"letter-spacing: 0px;\">Se ha demostrado que las cualidades de las tres razas se complementan entre s\u00ed. El aumento de la producci\u00f3n se explica por el efecto de heterosis, un beneficio que aumenta a medida que la vaca ProCROSS madura.<\/span><\/p>\n<p>Todo comienza con una vaca Holstein. Est\u00e1 apareada con un toro Montbeliarde de Coopex. La novilla resultante del apareamiento (la primera generaci\u00f3n, tambi\u00e9n llamada G1) ser\u00e1 inseminada con un toro VikingRed. A partir de ah\u00ed, la novilla G2 ser\u00e1 inseminada con un toro VikingHolstein para producir el G3. Entonces, el sistema de rotaci\u00f3n est\u00e1 casi completo. Todo lo que hay que hacer entonces es continuar con este plan de apareamiento para mantener el nivel \u00f3ptimo de heterosis. Aplicando este plan logra consistentemente mejores resultados. La planificaci\u00f3n de ProCROSS se muestra paso a paso a continuaci\u00f3n. Despu\u00e9s de las tres generaciones tendr\u00e1s un reba\u00f1o homog\u00e9neo.<\/p>\n\t\t\t\t\t\t\t\t<\/div>\n\t\t\t\t<\/div>\n\t\t\t\t\t<\/div>\n\t\t<\/div>\n\t\t\t\t\t<\/div>\n\t\t<\/section>\n\t\t\t\t<section class=\"elementor-section elementor-top-section elementor-element elementor-element-3e66e43 elementor-section-boxed elementor-section-height-default elementor-section-height-default\" data-id=\"3e66e43\" data-element_type=\"section\">\n\t\t\t\t\t\t<div class=\"elementor-container elementor-column-gap-default\">\n\t\t\t\t\t<div class=\"elementor-column elementor-col-100 elementor-top-column elementor-element elementor-element-7076acb\" data-id=\"7076acb\" data-element_type=\"column\">\n\t\t\t<div class=\"elementor-widget-wrap elementor-element-populated\">\n\t\t\t\t\t\t<div class=\"elementor-element elementor-element-2782316 elementor-widget elementor-widget-heading\" data-id=\"2782316\" data-element_type=\"widget\" data-widget_type=\"heading.default\">\n\t\t\t\t<div class=\"elementor-widget-container\">\n\t\t\t\t\t<h3 class=\"elementor-heading-title elementor-size-default\">Ejemplo de primer paso:<\/h3>\t\t\t\t<\/div>\n\t\t\t\t<\/div>\n\t\t\t\t\t<\/div>\n\t\t<\/div>\n\t\t\t\t\t<\/div>\n\t\t<\/section>\n\t\t\t\t<section class=\"elementor-section elementor-top-section elementor-element elementor-element-7bdd066 elementor-section-boxed elementor-section-height-default elementor-section-height-default\" data-id=\"7bdd066\" data-element_type=\"section\">\n\t\t\t\t\t\t<div class=\"elementor-container elementor-column-gap-default\">\n\t\t\t\t\t<div class=\"elementor-column elementor-col-33 elementor-top-column elementor-element elementor-element-f8402b4\" data-id=\"f8402b4\" data-element_type=\"column\">\n\t\t\t<div class=\"elementor-widget-wrap elementor-element-populated\">\n\t\t\t\t\t\t<div class=\"elementor-element elementor-element-2052028 elementor-widget elementor-widget-mfn_how_it_works\" data-id=\"2052028\" data-element_type=\"widget\" data-widget_type=\"mfn_how_it_works.default\">\n\t\t\t\t<div class=\"elementor-widget-container\">\n\t\t\t\t\t<div class=\"how_it_works  no_border no-img\"><div class=\"image_wrapper\"><div class=\"image\"><\/div><span class=\"number\">1<\/span><\/div><h4 class=\"title \">Inseminate all your Holstein cows with Montbeliarde from Coopex bulls.<\/h4><div class=\"desc\"><\/div><\/div>\n\t\t\t\t<\/div>\n\t\t\t\t<\/div>\n\t\t\t\t\t<\/div>\n\t\t<\/div>\n\t\t\t\t<div class=\"elementor-column elementor-col-33 elementor-top-column elementor-element elementor-element-99434e3\" data-id=\"99434e3\" data-element_type=\"column\">\n\t\t\t<div class=\"elementor-widget-wrap elementor-element-populated\">\n\t\t\t\t\t\t<div class=\"elementor-element elementor-element-e21e1b7 elementor-widget elementor-widget-mfn_how_it_works\" data-id=\"e21e1b7\" data-element_type=\"widget\" data-widget_type=\"mfn_how_it_works.default\">\n\t\t\t\t<div class=\"elementor-widget-container\">\n\t\t\t\t\t<div class=\"how_it_works  no_border no-img\"><div class=\"image_wrapper\"><div class=\"image\"><\/div><span class=\"number\">2<\/span><\/div><h4 class=\"title \">Inseminate all your Holstein heifers with VikingRed bulls.<\/h4><div class=\"desc\"><\/div><\/div>\n\t\t\t\t<\/div>\n\t\t\t\t<\/div>\n\t\t\t\t\t<\/div>\n\t\t<\/div>\n\t\t\t\t<div class=\"elementor-column elementor-col-33 elementor-top-column elementor-element elementor-element-6aed5a1\" data-id=\"6aed5a1\" data-element_type=\"column\">\n\t\t\t<div class=\"elementor-widget-wrap elementor-element-populated\">\n\t\t\t\t\t\t<div class=\"elementor-element elementor-element-330c213 elementor-widget elementor-widget-mfn_how_it_works\" data-id=\"330c213\" data-element_type=\"widget\" data-widget_type=\"mfn_how_it_works.default\">\n\t\t\t\t<div class=\"elementor-widget-container\">\n\t\t\t\t\t<div class=\"how_it_works  no_border no-img\"><div class=\"image_wrapper\"><div class=\"image\"><\/div><span class=\"number\">3<\/span><\/div><h4 class=\"title \">Inseminate the first generation (G1) animals with the missing breed.<\/h4><div class=\"desc\"><p>For example: if the G1 heifer is HF x MON, inseminate her with a VR bull.<\/p><\/div><\/div>\n\t\t\t\t<\/div>\n\t\t\t\t<\/div>\n\t\t\t\t\t<\/div>\n\t\t<\/div>\n\t\t\t\t\t<\/div>\n\t\t<\/section>\n\t\t\t\t<section class=\"elementor-section elementor-top-section elementor-element elementor-element-16e202d elementor-section-boxed elementor-section-height-default elementor-section-height-default\" data-id=\"16e202d\" data-element_type=\"section\">\n\t\t\t\t\t\t<div class=\"elementor-container elementor-column-gap-default\">\n\t\t\t\t\t<div class=\"elementor-column elementor-col-100 elementor-top-column elementor-element elementor-element-67a85b0\" data-id=\"67a85b0\" data-element_type=\"column\">\n\t\t\t<div class=\"elementor-widget-wrap elementor-element-populated\">\n\t\t\t\t\t\t<div class=\"elementor-element elementor-element-e454f32 elementor-widget elementor-widget-image\" data-id=\"e454f32\" data-element_type=\"widget\" data-widget_type=\"image.default\">\n\t\t\t\t<div class=\"elementor-widget-container\">\n\t\t\t\t\t\t\t\t\t\t\t\t\t\t\t<img decoding=\"async\" width=\"754\" height=\"1024\" src=\"https:\/\/www.procross.info\/wp-content\/uploads\/2020\/09\/Crossbreeding-scheme-EN-754x1024.png\" class=\"attachment-large size-large wp-image-1494\" alt=\"\" srcset=\"https:\/\/www.procross.info\/wp-content\/uploads\/2020\/09\/Crossbreeding-scheme-EN-754x1024.png 754w, https:\/\/www.procross.info\/wp-content\/uploads\/2020\/09\/Crossbreeding-scheme-EN-221x300.png 221w, https:\/\/www.procross.info\/wp-content\/uploads\/2020\/09\/Crossbreeding-scheme-EN-768x1044.png 768w, https:\/\/www.procross.info\/wp-content\/uploads\/2020\/09\/Crossbreeding-scheme-EN-107x146.png 107w, https:\/\/www.procross.info\/wp-content\/uploads\/2020\/09\/Crossbreeding-scheme-EN-37x50.png 37w, https:\/\/www.procross.info\/wp-content\/uploads\/2020\/09\/Crossbreeding-scheme-EN-55x75.png 55w, https:\/\/www.procross.info\/wp-content\/uploads\/2020\/09\/Crossbreeding-scheme-EN.png 800w\" sizes=\"(max-width:767px) 480px, 754px\" \/>\t\t\t\t\t\t\t\t\t\t\t\t\t\t\t<\/div>\n\t\t\t\t<\/div>\n\t\t\t\t\t<\/div>\n\t\t<\/div>\n\t\t\t\t\t<\/div>\n\t\t<\/section>\n\t\t\t\t<\/div>\n\t\t","protected":false},"excerpt":{"rendered":"<p>El sistema de cruzamiento de tres v\u00edas El sistema ProCROSS utiliza tres razas: Holstein, normalmente la vaca para empezar, VikingRed, programa de cr\u00eda que combina las<span class=\"excerpt-hellip\"> [\u2026]<\/span><\/p>\n","protected":false},"author":1,"featured_media":0,"parent":0,"menu_order":0,"comment_status":"closed","ping_status":"closed","template":"","meta":{"footnotes":""},"class_list":["post-2407","page","type-page","status-publish","hentry"],"_links":{"self":[{"href":"https:\/\/www.procross.info\/es\/wp-json\/wp\/v2\/pages\/2407","targetHints":{"allow":["GET"]}}],"collection":[{"href":"https:\/\/www.procross.info\/es\/wp-json\/wp\/v2\/pages"}],"about":[{"href":"https:\/\/www.procross.info\/es\/wp-json\/wp\/v2\/types\/page"}],"author":[{"embeddable":true,"href":"https:\/\/www.procross.info\/es\/wp-json\/wp\/v2\/users\/1"}],"replies":[{"embeddable":true,"href":"https:\/\/www.procross.info\/es\/wp-json\/wp\/v2\/comments?post=2407"}],"version-history":[{"count":8,"href":"https:\/\/www.procross.info\/es\/wp-json\/wp\/v2\/pages\/2407\/revisions"}],"predecessor-version":[{"id":3357,"href":"https:\/\/www.procross.info\/es\/wp-json\/wp\/v2\/pages\/2407\/revisions\/3357"}],"wp:attachment":[{"href":"https:\/\/www.procross.info\/es\/wp-json\/wp\/v2\/media?parent=2407"}],"curies":[{"name":"wp","href":"https:\/\/api.w.org\/{rel}","templated":true}]}}