{"id":2271,"date":"2020-10-14T14:32:16","date_gmt":"2020-10-14T12:32:16","guid":{"rendered":"http:\/\/procross.bigbang.fr\/le-croisement-3-voies\/"},"modified":"2020-12-09T15:36:36","modified_gmt":"2020-12-09T14:36:36","slug":"le-croisement-3-voies","status":"publish","type":"page","link":"https:\/\/www.procross.info\/fr\/le-croisement-3-voies\/","title":{"rendered":"Le croisement 3-Voies"},"content":{"rendered":"\t\t<div data-elementor-type=\"wp-page\" data-elementor-id=\"2271\" class=\"elementor elementor-2271 elementor-928\" data-elementor-post-type=\"page\">\n\t\t\t\t\t\t<section class=\"elementor-section elementor-top-section elementor-element elementor-element-12ef3b8 elementor-section-boxed elementor-section-height-default elementor-section-height-default\" data-id=\"12ef3b8\" data-element_type=\"section\">\n\t\t\t\t\t\t<div class=\"elementor-container elementor-column-gap-default\">\n\t\t\t\t\t<div class=\"elementor-column elementor-col-100 elementor-top-column elementor-element elementor-element-75c936c\" data-id=\"75c936c\" data-element_type=\"column\">\n\t\t\t<div class=\"elementor-widget-wrap elementor-element-populated\">\n\t\t\t\t\t\t<div class=\"elementor-element elementor-element-0bd334d elementor-widget elementor-widget-mfn_fancy_heading\" data-id=\"0bd334d\" data-element_type=\"widget\" data-widget_type=\"mfn_fancy_heading.default\">\n\t\t\t\t<div class=\"elementor-widget-container\">\n\t\t\t\t\t<div class=\"fancy_heading fancy_heading_line\"><div class=\"fh-top\"><\/div><h1 class=\"title \">Le croisement 3-Voies<\/h1><\/div>\n\t\t\t\t<\/div>\n\t\t\t\t<\/div>\n\t\t\t\t<div class=\"elementor-element elementor-element-70b39cf elementor-widget elementor-widget-image\" data-id=\"70b39cf\" data-element_type=\"widget\" data-widget_type=\"image.default\">\n\t\t\t\t<div class=\"elementor-widget-container\">\n\t\t\t\t\t\t\t\t\t\t\t\t\t\t\t<img fetchpriority=\"high\" decoding=\"async\" width=\"1024\" height=\"510\" src=\"https:\/\/www.procross.info\/wp-content\/uploads\/2020\/12\/Croisement-3-Voies-ProCROSS-1024x510.jpg\" class=\"attachment-large size-large wp-image-3590\" alt=\"Croisement-3-Voies-ProCROSS\" srcset=\"https:\/\/www.procross.info\/wp-content\/uploads\/2020\/12\/Croisement-3-Voies-ProCROSS-1024x510.jpg 1024w, https:\/\/www.procross.info\/wp-content\/uploads\/2020\/12\/Croisement-3-Voies-ProCROSS-300x149.jpg 300w, https:\/\/www.procross.info\/wp-content\/uploads\/2020\/12\/Croisement-3-Voies-ProCROSS-768x383.jpg 768w, https:\/\/www.procross.info\/wp-content\/uploads\/2020\/12\/Croisement-3-Voies-ProCROSS-1536x765.jpg 1536w, https:\/\/www.procross.info\/wp-content\/uploads\/2020\/12\/Croisement-3-Voies-ProCROSS-260x129.jpg 260w, https:\/\/www.procross.info\/wp-content\/uploads\/2020\/12\/Croisement-3-Voies-ProCROSS-50x25.jpg 50w, https:\/\/www.procross.info\/wp-content\/uploads\/2020\/12\/Croisement-3-Voies-ProCROSS-150x75.jpg 150w, https:\/\/www.procross.info\/wp-content\/uploads\/2020\/12\/Croisement-3-Voies-ProCROSS.jpg 1801w\" sizes=\"(max-width:767px) 480px, (max-width:1024px) 100vw, 1024px\" \/>\t\t\t\t\t\t\t\t\t\t\t\t\t\t\t<\/div>\n\t\t\t\t<\/div>\n\t\t\t\t<div class=\"elementor-element elementor-element-5434105 elementor-widget elementor-widget-text-editor\" data-id=\"5434105\" data-element_type=\"widget\" data-widget_type=\"text-editor.default\">\n\t\t\t\t<div class=\"elementor-widget-container\">\n\t\t\t\t\t\t\t\t\t<p>Le syst\u00e8me ProCROSS utilise trois races:<\/p><ul><li><a href=\"https:\/\/www.procross.info\/vikingholstein\/\">Holstein, la race habituelle pour d\u00e9buter,<\/a><\/li><li><a href=\"https:\/\/www.procross.info\/vikingred\/\">VikingRed<\/a>, le programme de croisement qui combine les 3 races Ayrshire Finlandaise, Rouge Su\u00e9doise, Rouge Danoise,<\/li><li><a href=\"https:\/\/www.procross.info\/coopex-montbeliarde\/\">Montb\u00e9liarde Umotest<\/a>, la deuxi\u00e8me race laiti\u00e8re en France.<\/li><\/ul><p>En vous lan\u00e7ant dans ProCROSS vous obtiendrez en premier lieu des vaches F1. Nous les appelons G1. (G pour G\u00e9n\u00e9ration).<\/p><p>La combinaison de ces trois races, associ\u00e9e \u00e0 un planning d&#8217;accouplement adapt\u00e9, assure un niveau d&#8217;h\u00e9t\u00e9rosis optimal.<\/p><p><span style=\"letter-spacing: 0px;\">Les qualit\u00e9s des trois races se compl\u00e8tent parfaitement selon les \u00e9tudes r\u00e9alis\u00e9es sur les troupeaux ProCROSS. L&#8217;augmentation de la production est expliqu\u00e9e par l&#8217;effet d&#8217;h\u00e9t\u00e9rosis &#8211; un b\u00e9n\u00e9fice qui ne fera qu&#8217;augmenter, \u00e0 mesure que la vache ProCROSS vieillit.<\/span><\/p><p>Tout commence avec une vache Holstein. Elle est ins\u00e9min\u00e9e avec un taureau Montb\u00e9liard Umotest. La g\u00e9nisse qui en r\u00e9sulte (la premi\u00e8re g\u00e9n\u00e9ration, aussi appel\u00e9e G1) sera quant \u00e0 elle ins\u00e9min\u00e9e avec un taureau VikingRed. A partir de l\u00e0, la g\u00e9nisse G2 sera \u00e0 son tour ins\u00e9min\u00e9e avec un taureau Hosltein, afin d&#8217;obtenir la troisi\u00e8me g\u00e9n\u00e9ration (G3). Le croisement 3-voies est presque abouti. Tout ce qu&#8217;il vous reste \u00e0 faire est de continuer avec ce planning d&#8217;accouplements, afin de maintenir un niveau d&#8217;h\u00e9t\u00e9rosis optimal. Appliquez ce plan, et vous obtiendrez de meilleurs r\u00e9sultats. Le principe de ProCROSS est expliqu\u00e9 ci-dessous, \u00e9tape par \u00e9tape. Apr\u00e8s 3 g\u00e9n\u00e9rations vous obtiendrez un troupeau homog\u00e8ne.<\/p>\t\t\t\t\t\t\t\t<\/div>\n\t\t\t\t<\/div>\n\t\t\t\t\t<\/div>\n\t\t<\/div>\n\t\t\t\t\t<\/div>\n\t\t<\/section>\n\t\t\t\t<section class=\"elementor-section elementor-top-section elementor-element elementor-element-3e66e43 elementor-section-boxed elementor-section-height-default elementor-section-height-default\" data-id=\"3e66e43\" data-element_type=\"section\">\n\t\t\t\t\t\t<div class=\"elementor-container elementor-column-gap-default\">\n\t\t\t\t\t<div class=\"elementor-column elementor-col-100 elementor-top-column elementor-element elementor-element-7076acb\" data-id=\"7076acb\" data-element_type=\"column\">\n\t\t\t<div class=\"elementor-widget-wrap elementor-element-populated\">\n\t\t\t\t\t\t<div class=\"elementor-element elementor-element-2782316 elementor-widget elementor-widget-heading\" data-id=\"2782316\" data-element_type=\"widget\" data-widget_type=\"heading.default\">\n\t\t\t\t<div class=\"elementor-widget-container\">\n\t\t\t\t\t<h3 class=\"elementor-heading-title elementor-size-default\">Exemple, premi\u00e8re \u00e9tape<\/h3>\t\t\t\t<\/div>\n\t\t\t\t<\/div>\n\t\t\t\t\t<\/div>\n\t\t<\/div>\n\t\t\t\t\t<\/div>\n\t\t<\/section>\n\t\t\t\t<section class=\"elementor-section elementor-top-section elementor-element elementor-element-7bdd066 elementor-section-boxed elementor-section-height-default elementor-section-height-default\" data-id=\"7bdd066\" data-element_type=\"section\">\n\t\t\t\t\t\t<div class=\"elementor-container elementor-column-gap-default\">\n\t\t\t\t\t<div class=\"elementor-column elementor-col-33 elementor-top-column elementor-element elementor-element-f8402b4\" data-id=\"f8402b4\" data-element_type=\"column\">\n\t\t\t<div class=\"elementor-widget-wrap elementor-element-populated\">\n\t\t\t\t\t\t<div class=\"elementor-element elementor-element-2052028 elementor-widget elementor-widget-mfn_how_it_works\" data-id=\"2052028\" data-element_type=\"widget\" data-widget_type=\"mfn_how_it_works.default\">\n\t\t\t\t<div class=\"elementor-widget-container\">\n\t\t\t\t\t<div class=\"how_it_works  no_border no-img\"><div class=\"image_wrapper\"><div class=\"image\"><\/div><span class=\"number\">1<\/span><\/div><h4 class=\"title \">Ins\u00e9minez toutes vos vaches Holstein avec des taureaux  de race Montb\u00e9liarde (Umotest)<\/h4><div class=\"desc\"><\/div><\/div>\n\t\t\t\t<\/div>\n\t\t\t\t<\/div>\n\t\t\t\t\t<\/div>\n\t\t<\/div>\n\t\t\t\t<div class=\"elementor-column elementor-col-33 elementor-top-column elementor-element elementor-element-99434e3\" data-id=\"99434e3\" data-element_type=\"column\">\n\t\t\t<div class=\"elementor-widget-wrap elementor-element-populated\">\n\t\t\t\t\t\t<div class=\"elementor-element elementor-element-e21e1b7 elementor-widget elementor-widget-mfn_how_it_works\" data-id=\"e21e1b7\" data-element_type=\"widget\" data-widget_type=\"mfn_how_it_works.default\">\n\t\t\t\t<div class=\"elementor-widget-container\">\n\t\t\t\t\t<div class=\"how_it_works  no_border no-img\"><div class=\"image_wrapper\"><div class=\"image\"><\/div><span class=\"number\">2<\/span><\/div><h4 class=\"title \">Ins\u00e9minez toutes vos g\u00e9nisses Holstein avec des taureaux de race Viking Red.<\/h4><div class=\"desc\"><\/div><\/div>\n\t\t\t\t<\/div>\n\t\t\t\t<\/div>\n\t\t\t\t\t<\/div>\n\t\t<\/div>\n\t\t\t\t<div class=\"elementor-column elementor-col-33 elementor-top-column elementor-element elementor-element-6aed5a1\" data-id=\"6aed5a1\" data-element_type=\"column\">\n\t\t\t<div class=\"elementor-widget-wrap elementor-element-populated\">\n\t\t\t\t\t\t<div class=\"elementor-element elementor-element-330c213 elementor-widget elementor-widget-mfn_how_it_works\" data-id=\"330c213\" data-element_type=\"widget\" data-widget_type=\"mfn_how_it_works.default\">\n\t\t\t\t<div class=\"elementor-widget-container\">\n\t\t\t\t\t<div class=\"how_it_works  no_border no-img\"><div class=\"image_wrapper\"><div class=\"image\"><\/div><span class=\"number\">3<\/span><\/div><h4 class=\"title \">Ins\u00e9minez les animaux de 1\u00e8re g\u00e9n\u00e9ration (G1) avec la race manquante<\/h4><div class=\"desc\"><p>Par exemple : si une g\u00e9nisse G1est issue d\u2019un croisement HF x MON, ins\u00e9minez-la avec un taureau VR<\/p><\/div><\/div>\n\t\t\t\t<\/div>\n\t\t\t\t<\/div>\n\t\t\t\t\t<\/div>\n\t\t<\/div>\n\t\t\t\t\t<\/div>\n\t\t<\/section>\n\t\t\t\t<section class=\"elementor-section elementor-top-section elementor-element elementor-element-16e202d elementor-section-boxed elementor-section-height-default elementor-section-height-default\" data-id=\"16e202d\" data-element_type=\"section\">\n\t\t\t\t\t\t<div class=\"elementor-container elementor-column-gap-default\">\n\t\t\t\t\t<div class=\"elementor-column elementor-col-100 elementor-top-column elementor-element elementor-element-67a85b0\" data-id=\"67a85b0\" data-element_type=\"column\">\n\t\t\t<div class=\"elementor-widget-wrap elementor-element-populated\">\n\t\t\t\t\t\t<div class=\"elementor-element elementor-element-e454f32 elementor-widget elementor-widget-image\" data-id=\"e454f32\" data-element_type=\"widget\" data-widget_type=\"image.default\">\n\t\t\t\t<div class=\"elementor-widget-container\">\n\t\t\t\t\t\t\t\t\t\t\t\t\t\t\t<img decoding=\"async\" width=\"754\" height=\"1024\" src=\"https:\/\/www.procross.info\/wp-content\/uploads\/2020\/11\/Schema-de-croisement-FR-Umotest-754x1024.png\" class=\"attachment-large size-large wp-image-2660\" alt=\"\" srcset=\"https:\/\/www.procross.info\/wp-content\/uploads\/2020\/11\/Schema-de-croisement-FR-Umotest-754x1024.png 754w, https:\/\/www.procross.info\/wp-content\/uploads\/2020\/11\/Schema-de-croisement-FR-Umotest-221x300.png 221w, https:\/\/www.procross.info\/wp-content\/uploads\/2020\/11\/Schema-de-croisement-FR-Umotest-768x1043.png 768w, https:\/\/www.procross.info\/wp-content\/uploads\/2020\/11\/Schema-de-croisement-FR-Umotest-108x146.png 108w, https:\/\/www.procross.info\/wp-content\/uploads\/2020\/11\/Schema-de-croisement-FR-Umotest-37x50.png 37w, https:\/\/www.procross.info\/wp-content\/uploads\/2020\/11\/Schema-de-croisement-FR-Umotest-55x75.png 55w, https:\/\/www.procross.info\/wp-content\/uploads\/2020\/11\/Schema-de-croisement-FR-Umotest.png 816w\" sizes=\"(max-width:767px) 480px, 754px\" \/>\t\t\t\t\t\t\t\t\t\t\t\t\t\t\t<\/div>\n\t\t\t\t<\/div>\n\t\t\t\t\t<\/div>\n\t\t<\/div>\n\t\t\t\t\t<\/div>\n\t\t<\/section>\n\t\t\t\t<\/div>\n\t\t","protected":false},"excerpt":{"rendered":"<p>Le croisement 3-Voies Le syst\u00e8me ProCROSS utilise trois races: Holstein, la race habituelle pour d\u00e9buter, VikingRed, le programme de croisement qui combine les 3 races Ayrshire<span class=\"excerpt-hellip\"> [\u2026]<\/span><\/p>\n","protected":false},"author":1,"featured_media":0,"parent":0,"menu_order":0,"comment_status":"closed","ping_status":"closed","template":"","meta":{"footnotes":""},"class_list":["post-2271","page","type-page","status-publish","hentry"],"_links":{"self":[{"href":"https:\/\/www.procross.info\/fr\/wp-json\/wp\/v2\/pages\/2271","targetHints":{"allow":["GET"]}}],"collection":[{"href":"https:\/\/www.procross.info\/fr\/wp-json\/wp\/v2\/pages"}],"about":[{"href":"https:\/\/www.procross.info\/fr\/wp-json\/wp\/v2\/types\/page"}],"author":[{"embeddable":true,"href":"https:\/\/www.procross.info\/fr\/wp-json\/wp\/v2\/users\/1"}],"replies":[{"embeddable":true,"href":"https:\/\/www.procross.info\/fr\/wp-json\/wp\/v2\/comments?post=2271"}],"version-history":[{"count":37,"href":"https:\/\/www.procross.info\/fr\/wp-json\/wp\/v2\/pages\/2271\/revisions"}],"predecessor-version":[{"id":3642,"href":"https:\/\/www.procross.info\/fr\/wp-json\/wp\/v2\/pages\/2271\/revisions\/3642"}],"wp:attachment":[{"href":"https:\/\/www.procross.info\/fr\/wp-json\/wp\/v2\/media?parent=2271"}],"curies":[{"name":"wp","href":"https:\/\/api.w.org\/{rel}","templated":true}]}}