{"id":2304,"date":"2020-10-15T16:41:43","date_gmt":"2020-10-15T14:41:43","guid":{"rendered":"http:\/\/procross.bigbang.fr\/nos-fondateurs\/"},"modified":"2020-12-11T14:50:04","modified_gmt":"2020-12-11T13:50:04","slug":"nos-fondateurs","status":"publish","type":"page","link":"https:\/\/www.procross.info\/fr\/nos-fondateurs\/","title":{"rendered":"Nos fondateurs"},"content":{"rendered":"\t\t<div data-elementor-type=\"wp-page\" data-elementor-id=\"2304\" class=\"elementor elementor-2304 elementor-1782\" data-elementor-post-type=\"page\">\n\t\t\t\t\t\t<section class=\"elementor-section elementor-top-section elementor-element elementor-element-9766778 elementor-section-boxed elementor-section-height-default elementor-section-height-default\" data-id=\"9766778\" data-element_type=\"section\">\n\t\t\t\t\t\t<div class=\"elementor-container elementor-column-gap-default\">\n\t\t\t\t\t<div class=\"elementor-column elementor-col-100 elementor-top-column elementor-element elementor-element-b6f280d\" data-id=\"b6f280d\" data-element_type=\"column\">\n\t\t\t<div class=\"elementor-widget-wrap elementor-element-populated\">\n\t\t\t\t\t\t<div class=\"elementor-element elementor-element-15e7cde elementor-widget elementor-widget-mfn_fancy_heading\" data-id=\"15e7cde\" data-element_type=\"widget\" data-widget_type=\"mfn_fancy_heading.default\">\n\t\t\t\t<div class=\"elementor-widget-container\">\n\t\t\t\t\t<div class=\"fancy_heading fancy_heading_line\"><div class=\"fh-top\"><\/div><h1 class=\"title \">Nos Fondateurs<\/h1><div class=\"inside\"><p>2 entreprises, 1 concept<\/p><\/div><\/div>\n\t\t\t\t<\/div>\n\t\t\t\t<\/div>\n\t\t\t\t\t<\/div>\n\t\t<\/div>\n\t\t\t\t\t<\/div>\n\t\t<\/section>\n\t\t\t\t<section class=\"elementor-section elementor-top-section elementor-element elementor-element-0559ddd elementor-section-boxed elementor-section-height-default elementor-section-height-default\" data-id=\"0559ddd\" data-element_type=\"section\">\n\t\t\t\t\t\t<div class=\"elementor-container elementor-column-gap-default\">\n\t\t\t\t\t<div class=\"elementor-column elementor-col-100 elementor-top-column elementor-element elementor-element-a1387bf\" data-id=\"a1387bf\" data-element_type=\"column\">\n\t\t\t<div class=\"elementor-widget-wrap elementor-element-populated\">\n\t\t\t\t\t\t<div class=\"elementor-element elementor-element-945a946 elementor-widget elementor-widget-text-editor\" data-id=\"945a946\" data-element_type=\"widget\" data-widget_type=\"text-editor.default\">\n\t\t\t\t<div class=\"elementor-widget-container\">\n\t\t\t\t\t\t\t\t\t<p class=\"MsoNormal\"><span lang=\"EN-US\" style=\"font-size: 10.5pt; line-height: 107%; font-family: Helvetica, sans-serif; background-image: initial; background-position: initial; background-size: initial; background-repeat: initial; background-attachment: initial; background-origin: initial; background-clip: initial;\">Parce que leurs races se sont d\u00e9marqu\u00e9es des autres, le<br \/>groupe Umotest\/Coopex et la coop\u00e9rative VikingGenetics ont uni leurs forces pour cr\u00e9er ProCROSS.<\/span><\/p>\n\t\t\t\t\t\t\t\t<\/div>\n\t\t\t\t<\/div>\n\t\t\t\t\t<\/div>\n\t\t<\/div>\n\t\t\t\t\t<\/div>\n\t\t<\/section>\n\t\t\t\t<section class=\"elementor-section elementor-top-section elementor-element elementor-element-dad4d98 elementor-section-boxed elementor-section-height-default elementor-section-height-default\" data-id=\"dad4d98\" data-element_type=\"section\">\n\t\t\t\t\t\t<div class=\"elementor-container elementor-column-gap-default\">\n\t\t\t\t\t<div class=\"elementor-column elementor-col-100 elementor-top-column elementor-element elementor-element-fe55ea7\" data-id=\"fe55ea7\" data-element_type=\"column\">\n\t\t\t<div class=\"elementor-widget-wrap elementor-element-populated\">\n\t\t\t\t\t\t<div class=\"elementor-element elementor-element-965a9b9 elementor-headline--style-rotate elementor-widget elementor-widget-animated-headline\" data-id=\"965a9b9\" data-element_type=\"widget\" data-settings=\"{&quot;animation_type&quot;:&quot;clip&quot;,&quot;rotating_text&quot;:&quot;Umotest&quot;,&quot;headline_style&quot;:&quot;rotate&quot;,&quot;loop&quot;:&quot;yes&quot;,&quot;rotate_iteration_delay&quot;:2500}\" data-widget_type=\"animated-headline.default\">\n\t\t\t\t<div class=\"elementor-widget-container\">\n\t\t\t\t\t\t\t<h2 class=\"elementor-headline elementor-headline-animation-type-clip\">\n\t\t\t\t<span class=\"elementor-headline-dynamic-wrapper elementor-headline-text-wrapper\">\n\t\t\t\t\t<span class=\"elementor-headline-dynamic-text elementor-headline-text-active\">\n\t\t\t\tUmotest\t\t\t<\/span>\n\t\t\t\t\t\t<\/span>\n\t\t\t\t<\/h2>\n\t\t\t\t\t\t<\/div>\n\t\t\t\t<\/div>\n\t\t\t\t<div class=\"elementor-element elementor-element-e38100e elementor-widget elementor-widget-image\" data-id=\"e38100e\" data-element_type=\"widget\" data-widget_type=\"image.default\">\n\t\t\t\t<div class=\"elementor-widget-container\">\n\t\t\t\t\t\t\t\t\t\t\t\t\t\t\t\t<a href=\"https:\/\/www.umotest.com\/\" target=\"_blank\" rel=\"noopener\">\n\t\t\t\t\t\t\t<img fetchpriority=\"high\" decoding=\"async\" width=\"300\" height=\"241\" src=\"https:\/\/www.procross.info\/wp-content\/uploads\/2020\/11\/Logo_Umotest-300x241.jpg\" class=\"attachment-medium size-medium wp-image-2847\" alt=\"\" srcset=\"https:\/\/www.procross.info\/wp-content\/uploads\/2020\/11\/Logo_Umotest-300x241.jpg 300w, https:\/\/www.procross.info\/wp-content\/uploads\/2020\/11\/Logo_Umotest-182x146.jpg 182w, https:\/\/www.procross.info\/wp-content\/uploads\/2020\/11\/Logo_Umotest-50x40.jpg 50w, https:\/\/www.procross.info\/wp-content\/uploads\/2020\/11\/Logo_Umotest-93x75.jpg 93w, https:\/\/www.procross.info\/wp-content\/uploads\/2020\/11\/Logo_Umotest.jpg 708w\" sizes=\"(max-width:767px) 300px, 300px\" \/>\t\t\t\t\t\t\t\t<\/a>\n\t\t\t\t\t\t\t\t\t\t\t\t\t\t\t<\/div>\n\t\t\t\t<\/div>\n\t\t\t\t<section class=\"elementor-section elementor-inner-section elementor-element elementor-element-da1a856 elementor-section-boxed elementor-section-height-default elementor-section-height-default\" data-id=\"da1a856\" data-element_type=\"section\">\n\t\t\t\t\t\t<div class=\"elementor-container elementor-column-gap-default\">\n\t\t\t\t\t<div class=\"elementor-column elementor-col-50 elementor-inner-column elementor-element elementor-element-4777ad7\" data-id=\"4777ad7\" data-element_type=\"column\">\n\t\t\t<div class=\"elementor-widget-wrap elementor-element-populated\">\n\t\t\t\t\t\t<div class=\"elementor-element elementor-element-5fc7dc9 elementor-widget elementor-widget-counter\" data-id=\"5fc7dc9\" data-element_type=\"widget\" data-widget_type=\"counter.default\">\n\t\t\t\t<div class=\"elementor-widget-container\">\n\t\t\t\t\t\t\t<div class=\"elementor-counter\">\n\t\t\t<div class=\"elementor-counter-title\">Le plus grand programme de s\u00e9lection Montb\u00e9liarde au monde<\/div>\t\t\t<div class=\"elementor-counter-number-wrapper\">\n\t\t\t\t<span class=\"elementor-counter-number-prefix\">N\u00b0<\/span>\n\t\t\t\t<span class=\"elementor-counter-number\" data-duration=\"2000\" data-to-value=\"1\" data-from-value=\"50\" data-delimiter=\",\">50<\/span>\n\t\t\t\t<span class=\"elementor-counter-number-suffix\"><\/span>\n\t\t\t<\/div>\n\t\t<\/div>\n\t\t\t\t\t\t<\/div>\n\t\t\t\t<\/div>\n\t\t\t\t\t<\/div>\n\t\t<\/div>\n\t\t\t\t<div class=\"elementor-column elementor-col-50 elementor-inner-column elementor-element elementor-element-552cf59\" data-id=\"552cf59\" data-element_type=\"column\">\n\t\t\t<div class=\"elementor-widget-wrap elementor-element-populated\">\n\t\t\t\t\t\t<div class=\"elementor-element elementor-element-fdeb93e elementor-widget elementor-widget-counter\" data-id=\"fdeb93e\" data-element_type=\"widget\" data-widget_type=\"counter.default\">\n\t\t\t\t<div class=\"elementor-widget-container\">\n\t\t\t\t\t\t\t<div class=\"elementor-counter\">\n\t\t\t<div class=\"elementor-counter-title\">Part de march\u00e9 en France<\/div>\t\t\t<div class=\"elementor-counter-number-wrapper\">\n\t\t\t\t<span class=\"elementor-counter-number-prefix\"><\/span>\n\t\t\t\t<span class=\"elementor-counter-number\" data-duration=\"2000\" data-to-value=\"82\" data-from-value=\"0\" data-delimiter=\",\">0<\/span>\n\t\t\t\t<span class=\"elementor-counter-number-suffix\">%<\/span>\n\t\t\t<\/div>\n\t\t<\/div>\n\t\t\t\t\t\t<\/div>\n\t\t\t\t<\/div>\n\t\t\t\t\t<\/div>\n\t\t<\/div>\n\t\t\t\t\t<\/div>\n\t\t<\/section>\n\t\t\t\t<section class=\"elementor-section elementor-inner-section elementor-element elementor-element-c5cef2f elementor-section-boxed elementor-section-height-default elementor-section-height-default\" data-id=\"c5cef2f\" data-element_type=\"section\">\n\t\t\t\t\t\t<div class=\"elementor-container elementor-column-gap-default\">\n\t\t\t\t\t<div class=\"elementor-column elementor-col-50 elementor-inner-column elementor-element elementor-element-56cc9ef\" data-id=\"56cc9ef\" data-element_type=\"column\">\n\t\t\t<div class=\"elementor-widget-wrap elementor-element-populated\">\n\t\t\t\t\t\t<div class=\"elementor-element elementor-element-f8e7d18 elementor-widget elementor-widget-counter\" data-id=\"f8e7d18\" data-element_type=\"widget\" data-widget_type=\"counter.default\">\n\t\t\t\t<div class=\"elementor-widget-container\">\n\t\t\t\t\t\t\t<div class=\"elementor-counter\">\n\t\t\t<div class=\"elementor-counter-title\">Pays<\/div>\t\t\t<div class=\"elementor-counter-number-wrapper\">\n\t\t\t\t<span class=\"elementor-counter-number-prefix\">+<\/span>\n\t\t\t\t<span class=\"elementor-counter-number\" data-duration=\"2000\" data-to-value=\"60\" data-from-value=\"0\" data-delimiter=\",\">0<\/span>\n\t\t\t\t<span class=\"elementor-counter-number-suffix\"><\/span>\n\t\t\t<\/div>\n\t\t<\/div>\n\t\t\t\t\t\t<\/div>\n\t\t\t\t<\/div>\n\t\t\t\t\t<\/div>\n\t\t<\/div>\n\t\t\t\t<div class=\"elementor-column elementor-col-50 elementor-inner-column elementor-element elementor-element-0de10ae\" data-id=\"0de10ae\" data-element_type=\"column\">\n\t\t\t<div class=\"elementor-widget-wrap elementor-element-populated\">\n\t\t\t\t\t\t<div class=\"elementor-element elementor-element-a6774e5 elementor-widget elementor-widget-counter\" data-id=\"a6774e5\" data-element_type=\"widget\" data-widget_type=\"counter.default\">\n\t\t\t\t<div class=\"elementor-widget-container\">\n\t\t\t\t\t\t\t<div class=\"elementor-counter\">\n\t\t\t<div class=\"elementor-counter-title\">d'exp\u00e9rience<\/div>\t\t\t<div class=\"elementor-counter-number-wrapper\">\n\t\t\t\t<span class=\"elementor-counter-number-prefix\"><\/span>\n\t\t\t\t<span class=\"elementor-counter-number\" data-duration=\"2000\" data-to-value=\"50\" data-from-value=\"0\" data-delimiter=\",\">0<\/span>\n\t\t\t\t<span class=\"elementor-counter-number-suffix\"> Ans<\/span>\n\t\t\t<\/div>\n\t\t<\/div>\n\t\t\t\t\t\t<\/div>\n\t\t\t\t<\/div>\n\t\t\t\t\t<\/div>\n\t\t<\/div>\n\t\t\t\t\t<\/div>\n\t\t<\/section>\n\t\t\t\t<div class=\"elementor-element elementor-element-561642a elementor-widget elementor-widget-text-editor\" data-id=\"561642a\" data-element_type=\"widget\" data-widget_type=\"text-editor.default\">\n\t\t\t\t<div class=\"elementor-widget-container\">\n\t\t\t\t\t\t\t\t\t<p>Leader mondial de la g\u00e9n\u00e9tique montb\u00e9liarde, <a href=\"https:\/\/www.umotest.com\/\" target=\"_blank\" rel=\"noopener\">le groupe Umotest\/Coopex<\/a> est une f\u00e9d\u00e9ration form\u00e9e par 10 coop\u00e9ratives appartenant \u00e0 des agriculteurs.<\/p><p>Umotest est le programme de s\u00e9lection Montb\u00e9liarde le plus important et le plus innovant au monde. Umotest\/Coopex travaille avec des agriculteurs du monde entier depuis plus de 40 ans et est pr\u00e9sent aujourd\u2019hui dans plus de 60 pays. Avec son si\u00e8ge social dans l\u2019est de la France, le groupe d\u00e9tient 82% de part de march\u00e9 de la g\u00e9n\u00e9tique Montb\u00e9liarde.<\/p><p>La s\u00e9lection des taureaux est bas\u00e9e sur la s\u00e9lection g\u00e9nomique ainsi que sur le pedigree des vaches. Parmi les centaines de jeunes taureaux qui entrent chaque ann\u00e9e dans la station de test, uniquement la moiti\u00e9 seront s\u00e9lectionn\u00e9es afin d&#8217;\u00eatre diffus\u00e9 sur le march\u00e9. La s\u00e9lection des taureaux se fait selon de nombreux crit\u00e8res : taux de croissance, conversion des aliments, conformation, fertilit\u00e9, qualit\u00e9 du sperme congel\u00e9 et valeurs de reproduction mises \u00e0 jour des parents pour la production de lait, de mati\u00e8res grasses et de prot\u00e9ines. Les indexes Montb\u00e9liarde sont publi\u00e9s trois fois par an, avec un changement de base d\u2019indice une fois par an.<\/p>\t\t\t\t\t\t\t\t<\/div>\n\t\t\t\t<\/div>\n\t\t\t\t<div class=\"elementor-element elementor-element-fa5f580 elementor-widget elementor-widget-image\" data-id=\"fa5f580\" data-element_type=\"widget\" data-widget_type=\"image.default\">\n\t\t\t\t<div class=\"elementor-widget-container\">\n\t\t\t\t\t\t\t\t\t\t\t\t\t\t\t<img decoding=\"async\" width=\"408\" height=\"37\" src=\"https:\/\/www.procross.info\/wp-content\/uploads\/2020\/07\/home-divider.png\" class=\"attachment-large size-large wp-image-165\" alt=\"\" srcset=\"https:\/\/www.procross.info\/wp-content\/uploads\/2020\/07\/home-divider.png 408w, https:\/\/www.procross.info\/wp-content\/uploads\/2020\/07\/home-divider-300x27.png 300w, https:\/\/www.procross.info\/wp-content\/uploads\/2020\/07\/home-divider-260x24.png 260w, https:\/\/www.procross.info\/wp-content\/uploads\/2020\/07\/home-divider-50x5.png 50w, https:\/\/www.procross.info\/wp-content\/uploads\/2020\/07\/home-divider-150x14.png 150w, https:\/\/www.procross.info\/wp-content\/uploads\/2020\/07\/home-divider-400x37.png 400w\" sizes=\"(max-width:767px) 408px, 408px\" \/>\t\t\t\t\t\t\t\t\t\t\t\t\t\t\t<\/div>\n\t\t\t\t<\/div>\n\t\t\t\t\t<\/div>\n\t\t<\/div>\n\t\t\t\t\t<\/div>\n\t\t<\/section>\n\t\t\t\t<section class=\"elementor-section elementor-top-section elementor-element elementor-element-1cb699a elementor-section-boxed elementor-section-height-default elementor-section-height-default\" data-id=\"1cb699a\" data-element_type=\"section\">\n\t\t\t\t\t\t<div class=\"elementor-container elementor-column-gap-default\">\n\t\t\t\t\t<div class=\"elementor-column elementor-col-100 elementor-top-column elementor-element elementor-element-443d190\" data-id=\"443d190\" data-element_type=\"column\">\n\t\t\t<div class=\"elementor-widget-wrap elementor-element-populated\">\n\t\t\t\t\t\t<div class=\"elementor-element elementor-element-7991780 elementor-headline--style-rotate elementor-widget elementor-widget-animated-headline\" data-id=\"7991780\" data-element_type=\"widget\" data-settings=\"{&quot;headline_style&quot;:&quot;rotate&quot;,&quot;animation_type&quot;:&quot;clip&quot;,&quot;rotating_text&quot;:&quot;VikingGenetics&quot;,&quot;loop&quot;:&quot;yes&quot;,&quot;rotate_iteration_delay&quot;:2500}\" data-widget_type=\"animated-headline.default\">\n\t\t\t\t<div class=\"elementor-widget-container\">\n\t\t\t\t\t\t\t<h2 class=\"elementor-headline elementor-headline-animation-type-clip\">\n\t\t\t\t<span class=\"elementor-headline-dynamic-wrapper elementor-headline-text-wrapper\">\n\t\t\t\t\t<span class=\"elementor-headline-dynamic-text elementor-headline-text-active\">\n\t\t\t\tVikingGenetics\t\t\t<\/span>\n\t\t\t\t\t\t<\/span>\n\t\t\t\t<\/h2>\n\t\t\t\t\t\t<\/div>\n\t\t\t\t<\/div>\n\t\t\t\t<div class=\"elementor-element elementor-element-3a9de8c elementor-widget elementor-widget-image\" data-id=\"3a9de8c\" data-element_type=\"widget\" data-widget_type=\"image.default\">\n\t\t\t\t<div class=\"elementor-widget-container\">\n\t\t\t\t\t\t\t\t\t\t\t\t\t\t\t\t<a href=\"https:\/\/www.vikinggenetics.com\/\" target=\"_blank\" rel=\"noopener\">\n\t\t\t\t\t\t\t<img decoding=\"async\" width=\"768\" height=\"148\" src=\"https:\/\/www.procross.info\/wp-content\/uploads\/2020\/09\/VikingGenetics_innovative-breeding_cmyk-768x148.jpg\" class=\"attachment-medium_large size-medium_large wp-image-1789\" alt=\"\" srcset=\"https:\/\/www.procross.info\/wp-content\/uploads\/2020\/09\/VikingGenetics_innovative-breeding_cmyk-768x148.jpg 768w, https:\/\/www.procross.info\/wp-content\/uploads\/2020\/09\/VikingGenetics_innovative-breeding_cmyk-300x58.jpg 300w, https:\/\/www.procross.info\/wp-content\/uploads\/2020\/09\/VikingGenetics_innovative-breeding_cmyk-1024x198.jpg 1024w, https:\/\/www.procross.info\/wp-content\/uploads\/2020\/09\/VikingGenetics_innovative-breeding_cmyk-1536x297.jpg 1536w, https:\/\/www.procross.info\/wp-content\/uploads\/2020\/09\/VikingGenetics_innovative-breeding_cmyk-260x50.jpg 260w, https:\/\/www.procross.info\/wp-content\/uploads\/2020\/09\/VikingGenetics_innovative-breeding_cmyk-50x10.jpg 50w, https:\/\/www.procross.info\/wp-content\/uploads\/2020\/09\/VikingGenetics_innovative-breeding_cmyk-150x29.jpg 150w, https:\/\/www.procross.info\/wp-content\/uploads\/2020\/09\/VikingGenetics_innovative-breeding_cmyk.jpg 1941w\" sizes=\"(max-width:767px) 480px, (max-width:768px) 100vw, 768px\" \/>\t\t\t\t\t\t\t\t<\/a>\n\t\t\t\t\t\t\t\t\t\t\t\t\t\t\t<\/div>\n\t\t\t\t<\/div>\n\t\t\t\t<section class=\"elementor-section elementor-inner-section elementor-element elementor-element-5542a8c elementor-section-boxed elementor-section-height-default elementor-section-height-default\" data-id=\"5542a8c\" data-element_type=\"section\">\n\t\t\t\t\t\t<div class=\"elementor-container elementor-column-gap-default\">\n\t\t\t\t\t<div class=\"elementor-column elementor-col-50 elementor-inner-column elementor-element elementor-element-44a475c\" data-id=\"44a475c\" data-element_type=\"column\">\n\t\t\t<div class=\"elementor-widget-wrap elementor-element-populated\">\n\t\t\t\t\t\t<div class=\"elementor-element elementor-element-2de50a6 elementor-widget elementor-widget-counter\" data-id=\"2de50a6\" data-element_type=\"widget\" data-widget_type=\"counter.default\">\n\t\t\t\t<div class=\"elementor-widget-container\">\n\t\t\t\t\t\t\t<div class=\"elementor-counter\">\n\t\t\t<div class=\"elementor-counter-title\">des vaches enregistr\u00e9es sur la base de donn\u00e9es sur la sant\u00e9 et le lait<\/div>\t\t\t<div class=\"elementor-counter-number-wrapper\">\n\t\t\t\t<span class=\"elementor-counter-number-prefix\">+<\/span>\n\t\t\t\t<span class=\"elementor-counter-number\" data-duration=\"2000\" data-to-value=\"90\" data-from-value=\"0\" data-delimiter=\",\">0<\/span>\n\t\t\t\t<span class=\"elementor-counter-number-suffix\">%<\/span>\n\t\t\t<\/div>\n\t\t<\/div>\n\t\t\t\t\t\t<\/div>\n\t\t\t\t<\/div>\n\t\t\t\t\t<\/div>\n\t\t<\/div>\n\t\t\t\t<div class=\"elementor-column elementor-col-50 elementor-inner-column elementor-element elementor-element-0a6271c\" data-id=\"0a6271c\" data-element_type=\"column\">\n\t\t\t<div class=\"elementor-widget-wrap elementor-element-populated\">\n\t\t\t\t\t\t<div class=\"elementor-element elementor-element-08211dc elementor-widget elementor-widget-counter\" data-id=\"08211dc\" data-element_type=\"widget\" data-widget_type=\"counter.default\">\n\t\t\t\t<div class=\"elementor-widget-container\">\n\t\t\t\t\t\t\t<div class=\"elementor-counter\">\n\t\t\t<div class=\"elementor-counter-title\">Enregistr\u00e9es<\/div>\t\t\t<div class=\"elementor-counter-number-wrapper\">\n\t\t\t\t<span class=\"elementor-counter-number-prefix\">+<\/span>\n\t\t\t\t<span class=\"elementor-counter-number\" data-duration=\"2000\" data-to-value=\"900000\" data-from-value=\"0\" data-delimiter=\",\">0<\/span>\n\t\t\t\t<span class=\"elementor-counter-number-suffix\"> vaches<\/span>\n\t\t\t<\/div>\n\t\t<\/div>\n\t\t\t\t\t\t<\/div>\n\t\t\t\t<\/div>\n\t\t\t\t\t<\/div>\n\t\t<\/div>\n\t\t\t\t\t<\/div>\n\t\t<\/section>\n\t\t\t\t<section class=\"elementor-section elementor-inner-section elementor-element elementor-element-060ae99 elementor-section-boxed elementor-section-height-default elementor-section-height-default\" data-id=\"060ae99\" data-element_type=\"section\">\n\t\t\t\t\t\t<div class=\"elementor-container elementor-column-gap-default\">\n\t\t\t\t\t<div class=\"elementor-column elementor-col-50 elementor-inner-column elementor-element elementor-element-fbc9744\" data-id=\"fbc9744\" data-element_type=\"column\">\n\t\t\t<div class=\"elementor-widget-wrap elementor-element-populated\">\n\t\t\t\t\t\t<div class=\"elementor-element elementor-element-d92c764 elementor-widget elementor-widget-counter\" data-id=\"d92c764\" data-element_type=\"widget\" data-widget_type=\"counter.default\">\n\t\t\t\t<div class=\"elementor-widget-container\">\n\t\t\t\t\t\t\t<div class=\"elementor-counter\">\n\t\t\t<div class=\"elementor-counter-title\">\u00c9leveurs laitiers<\/div>\t\t\t<div class=\"elementor-counter-number-wrapper\">\n\t\t\t\t<span class=\"elementor-counter-number-prefix\"><\/span>\n\t\t\t\t<span class=\"elementor-counter-number\" data-duration=\"2000\" data-to-value=\"20000\" data-from-value=\"0\" data-delimiter=\",\">0<\/span>\n\t\t\t\t<span class=\"elementor-counter-number-suffix\"><\/span>\n\t\t\t<\/div>\n\t\t<\/div>\n\t\t\t\t\t\t<\/div>\n\t\t\t\t<\/div>\n\t\t\t\t\t<\/div>\n\t\t<\/div>\n\t\t\t\t<div class=\"elementor-column elementor-col-50 elementor-inner-column elementor-element elementor-element-eea0236\" data-id=\"eea0236\" data-element_type=\"column\">\n\t\t\t<div class=\"elementor-widget-wrap elementor-element-populated\">\n\t\t\t\t\t\t<div class=\"elementor-element elementor-element-d51486c elementor-headline--style-rotate elementor-widget elementor-widget-animated-headline\" data-id=\"d51486c\" data-element_type=\"widget\" data-settings=\"{&quot;headline_style&quot;:&quot;rotate&quot;,&quot;animation_type&quot;:&quot;flip&quot;,&quot;rotating_text&quot;:&quot;1980&quot;,&quot;loop&quot;:&quot;yes&quot;,&quot;rotate_iteration_delay&quot;:2500}\" data-widget_type=\"animated-headline.default\">\n\t\t\t\t<div class=\"elementor-widget-container\">\n\t\t\t\t\t\t\t<h3 class=\"elementor-headline elementor-headline-animation-type-flip\">\n\t\t\t\t\t<span class=\"elementor-headline-plain-text elementor-headline-text-wrapper\">S\u00e9lectionne sur la sant\u00e9 depuis<\/span>\n\t\t\t\t<span class=\"elementor-headline-dynamic-wrapper elementor-headline-text-wrapper\">\n\t\t\t\t\t<span class=\"elementor-headline-dynamic-text elementor-headline-text-active\">\n\t\t\t\t1980\t\t\t<\/span>\n\t\t\t\t\t\t<\/span>\n\t\t\t\t<\/h3>\n\t\t\t\t\t\t<\/div>\n\t\t\t\t<\/div>\n\t\t\t\t\t<\/div>\n\t\t<\/div>\n\t\t\t\t\t<\/div>\n\t\t<\/section>\n\t\t\t\t<div class=\"elementor-element elementor-element-a982cd0 elementor-widget elementor-widget-text-editor\" data-id=\"a982cd0\" data-element_type=\"widget\" data-widget_type=\"text-editor.default\">\n\t\t\t\t<div class=\"elementor-widget-container\">\n\t\t\t\t\t\t\t\t\t<p>\u00ab Chez <a href=\"https:\/\/www.vikinggenetics.com\/\" target=\"_blank\" rel=\"noopener\">VikingGenetics,<\/a>nous aidons \u00e0 nourrir la population mondiale en expansion et \u00e0 soutenir les ressources naturelles de la terre en produisant des vaches saines, efficaces et sans probl\u00e8mes.<\/p><p>Nous fournissons des produits g\u00e9n\u00e9tiques et des solutions scientifiques pour les producteurs laitiers et de viande du monde entier.<\/p><p>Notre passion est de vous aider, en tant qu\u2019agriculteur, \u00e0 atteindre vos objectifs commerciaux, \u00e0 cultiver de fa\u00e7on durable et \u00e0 profiter de la vie.<\/p><p>Les propri\u00e9taires de VikingGenetics \u2013 les \u00e9leveurs Su\u00e9dois, Danois et Finlandais\u2013 jouent un r\u00f4le important dans la d\u00e9finition de nos objectifs de s\u00e9lection en coop\u00e9ration avec la direction de l\u2019\u00e9levage et la recherche. VikingDanmark, V\u00e4xa Sverige et Faba en Finlande sont nos fondateurs. 20.000 \u00e9leveurs sont membres de notre communaut\u00e9 et poss\u00e8dent VikingGenetics.<\/p>\t\t\t\t\t\t\t\t<\/div>\n\t\t\t\t<\/div>\n\t\t\t\t\t<\/div>\n\t\t<\/div>\n\t\t\t\t\t<\/div>\n\t\t<\/section>\n\t\t\t\t<\/div>\n\t\t","protected":false},"excerpt":{"rendered":"<p>Nos Fondateurs 2 entreprises, 1 concept Parce que leurs races se sont d\u00e9marqu\u00e9es des autres, legroupe Umotest\/Coopex et la coop\u00e9rative VikingGenetics ont uni leurs forces pour<span class=\"excerpt-hellip\"> [\u2026]<\/span><\/p>\n","protected":false},"author":4,"featured_media":0,"parent":0,"menu_order":0,"comment_status":"closed","ping_status":"closed","template":"","meta":{"footnotes":""},"class_list":["post-2304","page","type-page","status-publish","hentry"],"_links":{"self":[{"href":"https:\/\/www.procross.info\/fr\/wp-json\/wp\/v2\/pages\/2304","targetHints":{"allow":["GET"]}}],"collection":[{"href":"https:\/\/www.procross.info\/fr\/wp-json\/wp\/v2\/pages"}],"about":[{"href":"https:\/\/www.procross.info\/fr\/wp-json\/wp\/v2\/types\/page"}],"author":[{"embeddable":true,"href":"https:\/\/www.procross.info\/fr\/wp-json\/wp\/v2\/users\/4"}],"replies":[{"embeddable":true,"href":"https:\/\/www.procross.info\/fr\/wp-json\/wp\/v2\/comments?post=2304"}],"version-history":[{"count":40,"href":"https:\/\/www.procross.info\/fr\/wp-json\/wp\/v2\/pages\/2304\/revisions"}],"predecessor-version":[{"id":3794,"href":"https:\/\/www.procross.info\/fr\/wp-json\/wp\/v2\/pages\/2304\/revisions\/3794"}],"wp:attachment":[{"href":"https:\/\/www.procross.info\/fr\/wp-json\/wp\/v2\/media?parent=2304"}],"curies":[{"name":"wp","href":"https:\/\/api.w.org\/{rel}","templated":true}]}}